{"id":61057,"date":"2024-07-08T12:58:19","date_gmt":"2024-07-08T10:58:19","guid":{"rendered":"https:\/\/eafinia.com\/?post_type=product&#038;p=61057"},"modified":"2026-01-14T11:35:19","modified_gmt":"2026-01-14T10:35:19","slug":"conjunto-de-prestige","status":"publish","type":"product","link":"https:\/\/eafinia.com\/es\/producto\/conjunto-de-prestige\/","title":{"rendered":"Conjunto de Prestige"},"content":{"rendered":"<p><strong style=\"color: #7b9c78;\">Mesa de manicura Afinia Prestige + Aspirador de polvo NDC 1000<\/strong><\/p>\n<p>La eficacia del aspirador Afinia se debe principalmente a su capacidad de aspiraci\u00f3n del polvo; en el modelo m\u00e1s reciente de la mesa hemos resuelto el problema para expulsar de aire, que sale con gran fuerza despu\u00e9s de que el polvo quede atrapado en el filtro; los conductos de aire especiales nos permiten minimizar el efecto del \u201eviento\u201d que aparece, y c onducen el aire fuera de la mesa. Tambi\u00e9n tenemos una soluci\u00f3n especial: la encimera intercambiable &#8211; siempre que sientas que la superficie de la encimera de tu mesa est\u00e1 gastada y quieras que que vuelva a brillar de nuevo.<\/p>\n<p>La mesa de cosm\u00e9tica incluye el aspirador de polvo Afinia NDC 2000 en el conjunto.<\/p>\n<hr \/>\n<p><strong style=\"color: #7b9c78;\">Reposamanos Afinia Comfort<br \/>\n<\/strong><\/p>\n<p>Un soporte elegante y funcional dise\u00f1ado para la comodidad de la estilista y el cliente. Su dise\u00f1o ergon\u00f3mico proporciona un apoyo c\u00f3modo para las manos, facilitando el trabajo durante la manicura. Fabricado con materiales duraderos, es resistente a la acetona, altas temperaturas y suciedad, lo que garantiza un uso prolongado y f\u00e1cil mantenimiento. Disponible en colores elegantes: blanco y rosa.<\/p>\n<hr \/>\n<p><strong style=\"color: #7b9c78;\">L\u00e1mpara cosm\u00e9tica Afinia Wave<\/strong><\/p>\n<p>Ilumina tu sal\u00f3n para el verano y disfruta de un confort incre\u00edble con la l\u00e1mpara Afinia Wave. Esta l\u00e1mpara no solo ofrece una luz suave y respetuosa con los ojos, sino que adem\u00e1s te permite controlar totalmente la iluminaci\u00f3n. Al ajustar la intensidad de la luz, puedes adaptar la iluminaci\u00f3n a tus preferencias. Su dise\u00f1o \u00fanico encajar\u00e1 perfectamente en espacios modernos, mientras que la iluminaci\u00f3n completa de 180 grados sin sombras y la alta calidad de los LED garantizan que ning\u00fan detalle escape a tu atenci\u00f3n. Adem\u00e1s, la l\u00e1mpara Afinia Wave es ideal para tomar fotos de tus proyectos, resaltando cada detalle. Tambi\u00e9n encontrar\u00e1s un mando a distancia incluido para ajustar c\u00f3modamente la iluminaci\u00f3n.<\/p>\n<hr \/>\n<p><strong style=\"color: #7b9c78;\"><span style=\"vertical-align: inherit;\">Afinia Cover \u2013 funda de silicona para la mesa de manicura<\/span><br \/>\n<\/strong><\/p>\n<p>El precio se aplica a 1 paquete que contiene 50 unidades.<\/p>\n<p>Afinia Cover es una funda de silicona innovadora dise\u00f1ada para mantener el orden y la limpieza en el sal\u00f3n de belleza. Con una instalaci\u00f3n sencilla y un dise\u00f1o est\u00e9tico, la funda protege perfectamente la superficie de la mesa de manicura y el aspirador de polvo, aumentando su durabilidad e higiene. Una funda dura aproximadamente 2 meses de uso, proporcionando protecci\u00f3n duradera y facilidad de mantenimiento.<\/p>\n<p>Tama\u00f1o de las fundas de silicona para la superficie de la mesa: 600*280 mm<\/p>\n<hr \/>\n<p><strong style=\"color: #7b9c78;\">Afinia Candle Vela de masaje para manos<br \/>\n<\/strong><\/p>\n<p>Enciende una vela y cuando se convierta en un aceite calmante fr\u00f3talo en tus manos.<br \/>\nLa f\u00f3rmula especialmente elaborada relaja y humedece la piel.<br \/>\nEl aroma \u00fanico de la vela llena sensualmente el espacio.<br \/>\nElige tu fragancia favorita:<\/p>\n<p>Mango<br \/>\nPina colada<br \/>\nMonoi<br \/>\nMarshmallow<\/p>\n<hr \/>\n<p><strong style=\"color: #7b9c78;\"><strong>Spray para la limpieza y el cuidado de muebles cosm\u00e9ticos<\/strong><\/strong><\/p>\n<p>Producto profesional dise\u00f1ado para limpiar y mantener mesas y muebles cosm\u00e9ticos. Limpia y cuida tus muebles cosm\u00e9ticos de manera integral. Adecuado para la limpieza de muebles de cocina y ba\u00f1o. Gracias a su f\u00f3rmula \u00fanica, elimina f\u00e1cilmente las huellas dactilares y el polvo, protegiendo al mismo tiempo la superficie de su reaparici\u00f3n. Modo de empleo: Pulverizar directamente sobre la superficie a limpiar desde una distancia de 10 cm. Extender uniformemente con un pa\u00f1o y secar. No requiere pulido. Seguro para todas las superficies lacadas, independientemente del color.<\/p>\n","protected":false},"excerpt":{"rendered":"<p>Mesa cosm\u00e9tica, escritorio cosm\u00e9tico, mesa de manicura.<\/p>\n","protected":false},"featured_media":66287,"comment_status":"open","ping_status":"closed","template":"","meta":{"_acf_changed":false,"inline_featured_image":false},"product_brand":[],"product_cat":[523,748],"product_tag":[204,199,206,203,506,198,194,205],"class_list":{"0":"post-61057","1":"product","2":"type-product","3":"status-publish","4":"has-post-thumbnail","6":"product_cat-conjuntos","7":"product_cat-promociones","8":"product_tag-encimera-intercambiable","9":"product_tag-mesa-montada-y-lista-para-usar","10":"product_tag-que-hay-de-nuevo-y-destacado","11":"product_tag-recorte-ergonomico-en-el-tablero-para-que-la-estilista-trabaje-comodamente","12":"product_tag-stoly-esp","13":"product_tag-superficie-de-la-mesa-revestida-de-hpl","14":"product_tag-tomas-de-corriente-integradas","15":"product_tag-ventilacion-al-exterior","16":"sales-flash-overlay","17":"woocommerce-text-align-left","18":"woocommerce-image-align-center","19":"do-quantity-buttons","21":"first","22":"outofstock","23":"sale","24":"taxable","25":"shipping-taxable","26":"purchasable","27":"product-type-woosb","28":"add-to-wishlist-before_image"},"acf":[],"gallery_images":[60322,55982,65838,55176,63546,62588],"_links":{"self":[{"href":"https:\/\/eafinia.com\/es\/wp-json\/wp\/v2\/product\/61057","targetHints":{"allow":["GET"]}}],"collection":[{"href":"https:\/\/eafinia.com\/es\/wp-json\/wp\/v2\/product"}],"about":[{"href":"https:\/\/eafinia.com\/es\/wp-json\/wp\/v2\/types\/product"}],"replies":[{"embeddable":true,"href":"https:\/\/eafinia.com\/es\/wp-json\/wp\/v2\/comments?post=61057"}],"wp:featuredmedia":[{"embeddable":true,"href":"https:\/\/eafinia.com\/es\/wp-json\/wp\/v2\/media\/66287"}],"wp:attachment":[{"href":"https:\/\/eafinia.com\/es\/wp-json\/wp\/v2\/media?parent=61057"}],"wp:term":[{"taxonomy":"product_brand","embeddable":true,"href":"https:\/\/eafinia.com\/es\/wp-json\/wp\/v2\/product_brand?post=61057"},{"taxonomy":"product_cat","embeddable":true,"href":"https:\/\/eafinia.com\/es\/wp-json\/wp\/v2\/product_cat?post=61057"},{"taxonomy":"product_tag","embeddable":true,"href":"https:\/\/eafinia.com\/es\/wp-json\/wp\/v2\/product_tag?post=61057"}],"curies":[{"name":"wp","href":"https:\/\/api.w.org\/{rel}","templated":true}]}}