{"id":61046,"date":"2024-07-08T12:08:11","date_gmt":"2024-07-08T10:08:11","guid":{"rendered":"https:\/\/eafinia.com\/?post_type=product&#038;p=61046"},"modified":"2026-01-14T11:35:11","modified_gmt":"2026-01-14T10:35:11","slug":"mesa-de-manicura-afinia-art-deco-black-aspirador-de-polvo-ndc-2000-kopia","status":"publish","type":"product","link":"https:\/\/eafinia.com\/es\/producto\/mesa-de-manicura-afinia-art-deco-black-aspirador-de-polvo-ndc-2000-kopia\/","title":{"rendered":"Conjunto Art Deco Black"},"content":{"rendered":"<p><strong style=\"color: #7b9c78;\">Mesa de manicura Afinia Art Deco Black<\/strong><\/p>\n<p>El estilo Art D\u00e9co se remonta a la d\u00e9cada de los a\u00f1os 20 del siglo pasado y se distingue por su forma elegante y geom\u00e9trica y el uso de materiales hechos a mano. Lo mismo ocurre con nuestra mesa, con la que hemos querido referirnos a la est\u00e9tica de esa singular tendencia en el \u00e1mbito del dise\u00f1o. Adem\u00e1s de su inusual dise\u00f1o, la mesa Afinia Art Deco es tambi\u00e9n muy pr\u00e1ctica y extremadamente f\u00e1cil de montar.<\/p>\n<hr \/>\n<p><strong style=\"color: #7b9c78;\">Aspirador de Polvo para U\u00f1as Afinia NDC 2000<\/strong><\/p>\n<p>Aspiradores de Polvo para U\u00f1as Afinia NDC 2000 es nuestro \u00e9xito de ventas. El aspirador se distingue sobre todo por su potencia y eficacia. Miles de clientes satisfechos y comentarios positivos confirman nuestro compromiso con los m\u00e1s altos est\u00e1ndares. La tecnolog\u00eda de Afinia ha sido r\u00e1pidamente reconocida por los profesionales, gozando d 9 a\u00f1os e la aprobaci\u00f3n del sector.<\/p>\n<hr \/>\n<p><strong style=\"color: #7b9c78;\">Reposamanos Afinia Luna<br \/>\n<\/strong><\/p>\n<p>Reposamanos elegante y funcional, dise\u00f1ado para la comodidad tanto de la estilista como del cliente. Su estructura ergon\u00f3mica proporciona un soporte c\u00f3modo para las manos, facilitando el trabajo durante la manicura. Fabricado con materiales duraderos, resistentes a la acetona, altas temperaturas y suciedad, lo que garantiza un uso prolongado y f\u00e1cil limpieza. Disponible en colores elegantes: blanco y negro.<\/p>\n<hr \/>\n<p><strong style=\"color: #7b9c78;\">L\u00e1mpara cosm\u00e9tica Afinia Wave<\/strong><\/p>\n<p>Ilumina tu sal\u00f3n para el verano y disfruta de un confort incre\u00edble con la l\u00e1mpara Afinia Wave. Esta l\u00e1mpara no solo ofrece una luz suave y respetuosa con los ojos, sino que adem\u00e1s te permite controlar totalmente la iluminaci\u00f3n. Al ajustar la intensidad de la luz, puedes adaptar la iluminaci\u00f3n a tus preferencias. Su dise\u00f1o \u00fanico encajar\u00e1 perfectamente en espacios modernos, mientras que la iluminaci\u00f3n completa de 180 grados sin sombras y la alta calidad de los LED garantizan que ning\u00fan detalle escape a tu atenci\u00f3n. Adem\u00e1s, la l\u00e1mpara Afinia Wave es ideal para tomar fotos de tus proyectos, resaltando cada detalle. Tambi\u00e9n encontrar\u00e1s un mando a distancia incluido para ajustar c\u00f3modamente la iluminaci\u00f3n.<\/p>\n<hr \/>\n<p><strong style=\"color: #7b9c78;\">Afinia Cover \u2013 funda de silicona para la mesa de manicura<\/strong><\/p>\n<p>El precio se aplica a 1 paquete que contiene 5 unidades.<\/p>\n<p>Afinia Cover es una funda de silicona innovadora dise\u00f1ada para mantener el orden y la limpieza en el sal\u00f3n de belleza. Con una instalaci\u00f3n sencilla y un dise\u00f1o est\u00e9tico, la funda protege perfectamente la superficie de la mesa de manicura y el aspirador de polvo, aumentando su durabilidad e higiene. Una funda dura aproximadamente 2 meses de uso, proporcionando protecci\u00f3n duradera y facilidad de mantenimiento.<\/p>\n<p>Tama\u00f1o de las fundas de silicona para la superficie de la mesa: 600*280 mm<\/p>\n<hr \/>\n<p><strong style=\"color: #7b9c78;\">Afinia Candle Vela de masaje para manos<br \/>\n<\/strong><\/p>\n<p>Enciende una vela y cuando se convierta en un aceite calmante fr\u00f3talo en tus manos.<br \/>\nLa f\u00f3rmula especialmente elaborada relaja y humedece la piel.<br \/>\nEl aroma \u00fanico de la vela llena sensualmente el espacio.<br \/>\nElige tu fragancia favorita:<\/p>\n<p>Mango<br \/>\nPina colada<br \/>\nMonoi<br \/>\nMarshmallow<\/p>\n<hr \/>\n<p><strong style=\"color: #7b9c78;\"><strong>Spray para la limpieza y el cuidado de muebles cosm\u00e9ticos<\/strong><\/strong><\/p>\n<p>Producto profesional dise\u00f1ado para limpiar y mantener mesas y muebles cosm\u00e9ticos. Limpia y cuida tus muebles cosm\u00e9ticos de manera integral. Adecuado para la limpieza de muebles de cocina y ba\u00f1o. Gracias a su f\u00f3rmula \u00fanica, elimina f\u00e1cilmente las huellas dactilares y el polvo, protegiendo al mismo tiempo la superficie de su reaparici\u00f3n. Modo de empleo: Pulverizar directamente sobre la superficie a limpiar desde una distancia de 10 cm. Extender uniformemente con un pa\u00f1o y secar. No requiere pulido. Seguro para todas las superficies lacadas, independientemente del color.<\/p>\n","protected":false},"excerpt":{"rendered":"<p>Mesa cosm\u00e9tica, escritorio cosm\u00e9tico, mesa de manicura.<\/p>\n","protected":false},"featured_media":66307,"comment_status":"open","ping_status":"closed","template":"","meta":{"_acf_changed":false,"inline_featured_image":false},"product_brand":[],"product_cat":[523,748],"product_tag":[695,202,208,203],"class_list":{"0":"post-61046","1":"product","2":"type-product","3":"status-publish","4":"has-post-thumbnail","6":"product_cat-conjuntos","7":"product_cat-promociones","8":"product_tag-loft-i-art-deco-esp","9":"product_tag-mesa-de-automontaje-sencillo","10":"product_tag-nuevo","11":"product_tag-recorte-ergonomico-en-el-tablero-para-que-la-estilista-trabaje-comodamente","12":"product_shipping_class-courier-stoly-zagranica-esp","13":"sales-flash-overlay","14":"woocommerce-text-align-left","15":"woocommerce-image-align-center","16":"do-quantity-buttons","18":"first","19":"instock","20":"sale","21":"taxable","22":"shipping-taxable","23":"purchasable","24":"product-type-woosb","25":"add-to-wishlist-before_image"},"acf":[],"gallery_images":[60322,64923,66719,64911,63546],"_links":{"self":[{"href":"https:\/\/eafinia.com\/es\/wp-json\/wp\/v2\/product\/61046","targetHints":{"allow":["GET"]}}],"collection":[{"href":"https:\/\/eafinia.com\/es\/wp-json\/wp\/v2\/product"}],"about":[{"href":"https:\/\/eafinia.com\/es\/wp-json\/wp\/v2\/types\/product"}],"replies":[{"embeddable":true,"href":"https:\/\/eafinia.com\/es\/wp-json\/wp\/v2\/comments?post=61046"}],"wp:featuredmedia":[{"embeddable":true,"href":"https:\/\/eafinia.com\/es\/wp-json\/wp\/v2\/media\/66307"}],"wp:attachment":[{"href":"https:\/\/eafinia.com\/es\/wp-json\/wp\/v2\/media?parent=61046"}],"wp:term":[{"taxonomy":"product_brand","embeddable":true,"href":"https:\/\/eafinia.com\/es\/wp-json\/wp\/v2\/product_brand?post=61046"},{"taxonomy":"product_cat","embeddable":true,"href":"https:\/\/eafinia.com\/es\/wp-json\/wp\/v2\/product_cat?post=61046"},{"taxonomy":"product_tag","embeddable":true,"href":"https:\/\/eafinia.com\/es\/wp-json\/wp\/v2\/product_tag?post=61046"}],"curies":[{"name":"wp","href":"https:\/\/api.w.org\/{rel}","templated":true}]}}