{"id":60058,"date":"2024-06-07T13:09:46","date_gmt":"2024-06-07T11:09:46","guid":{"rendered":"https:\/\/eafinia.com\/?post_type=product&#038;p=60058"},"modified":"2026-01-23T15:05:39","modified_gmt":"2026-01-23T14:05:39","slug":"mesa-de-manicura-afinia-basic-de-cuarzo-sinterizado","status":"publish","type":"product","link":"https:\/\/eafinia.com\/es\/producto\/mesa-de-manicura-afinia-basic-de-cuarzo-sinterizado\/","title":{"rendered":"Mesa de manicura Afinia Basic de Cuarzo Sinterizado"},"content":{"rendered":"<p><strong>El escritorio cosm\u00e9tico Afinia Basic de cuarzo sinterizado<\/strong> es una soluci\u00f3n funcional y est\u00e9tica para los espacios cosm\u00e9ticos. Su dise\u00f1o simple y universal est\u00e1 equipado con un amplio espacio de almacenamiento en forma de 5 cajones. La encimera de cuarzo sinterizado garantiza una durabilidad y resistencia incomparables, superando significativamente las propiedades del granito. El cuarzo sinterizado se caracteriza por su alta resistencia a los da\u00f1os mec\u00e1nicos, lo que lo hace extremadamente dif\u00edcil de da\u00f1ar permanentemente. Esto hace que el escritorio Afinia Basic sea no solo hermoso, sino tambi\u00e9n una soluci\u00f3n confiable para cualquier sal\u00f3n de belleza.<\/p>\n<p>&nbsp;<\/p>\n<p><strong>A partir del 18 de junio de 2025, la altura de la mesa con elementos plateados cambiar\u00e1 de 76 a 78,5 cm.<\/strong><\/p>\n","protected":false},"excerpt":{"rendered":"<p>Mesa cosm\u00e9tica, escritorio cosm\u00e9tico, mesa de manicura<\/p>\n","protected":false},"featured_media":65623,"comment_status":"open","ping_status":"closed","template":"","meta":{"_acf_changed":false,"inline_featured_image":false},"product_brand":[],"product_cat":[182,179,751],"product_tag":[199,700,203,775,194,205],"class_list":{"0":"post-60058","1":"product","2":"type-product","3":"status-publish","4":"has-post-thumbnail","6":"product_cat-estandar","7":"product_cat-mesas-de-manicura","8":"product_cat-novedades","9":"product_tag-mesa-montada-y-lista-para-usar","10":"product_tag-numero-de-enchufes-electricos-4","11":"product_tag-recorte-ergonomico-en-el-tablero-para-que-la-estilista-trabaje-comodamente","12":"product_tag-stoly-esp-dystanse-15-euro","13":"product_tag-tomas-de-corriente-integradas","14":"product_tag-ventilacion-al-exterior","15":"product_shipping_class-courier-stoly-zagranica-esp-es","16":"sales-flash-overlay","17":"woocommerce-text-align-left","18":"woocommerce-image-align-center","19":"do-quantity-buttons","21":"first","22":"outofstock","23":"taxable","24":"shipping-taxable","25":"purchasable","26":"product-type-variable","27":"add-to-wishlist-before_image"},"acf":[],"gallery_images":[65631,65659,65655,65647,65651,65627,65635,65639,65643,67138,67134],"_links":{"self":[{"href":"https:\/\/eafinia.com\/es\/wp-json\/wp\/v2\/product\/60058","targetHints":{"allow":["GET"]}}],"collection":[{"href":"https:\/\/eafinia.com\/es\/wp-json\/wp\/v2\/product"}],"about":[{"href":"https:\/\/eafinia.com\/es\/wp-json\/wp\/v2\/types\/product"}],"replies":[{"embeddable":true,"href":"https:\/\/eafinia.com\/es\/wp-json\/wp\/v2\/comments?post=60058"}],"wp:featuredmedia":[{"embeddable":true,"href":"https:\/\/eafinia.com\/es\/wp-json\/wp\/v2\/media\/65623"}],"wp:attachment":[{"href":"https:\/\/eafinia.com\/es\/wp-json\/wp\/v2\/media?parent=60058"}],"wp:term":[{"taxonomy":"product_brand","embeddable":true,"href":"https:\/\/eafinia.com\/es\/wp-json\/wp\/v2\/product_brand?post=60058"},{"taxonomy":"product_cat","embeddable":true,"href":"https:\/\/eafinia.com\/es\/wp-json\/wp\/v2\/product_cat?post=60058"},{"taxonomy":"product_tag","embeddable":true,"href":"https:\/\/eafinia.com\/es\/wp-json\/wp\/v2\/product_tag?post=60058"}],"curies":[{"name":"wp","href":"https:\/\/api.w.org\/{rel}","templated":true}]}}