{"id":59933,"date":"2024-06-07T11:19:21","date_gmt":"2024-06-07T09:19:21","guid":{"rendered":"https:\/\/eafinia.com\/?post_type=product&#038;p=59933"},"modified":"2026-03-17T02:39:49","modified_gmt":"2026-03-17T01:39:49","slug":"rejilla-de-ventilacion-de-panal-blanca","status":"publish","type":"product","link":"https:\/\/eafinia.com\/es\/producto\/rejilla-de-ventilacion-de-panal-blanca\/","title":{"rendered":"Rejilla de ventilaci\u00f3n de panal blanca"},"content":{"rendered":"<p>El nuevo dise\u00f1o de la rejilla de ventilaci\u00f3n en color blanca har\u00e1 que tu Aspirador de Polvo para U\u00f1as sea a\u00fan m\u00e1s eficiente.<\/p>\n","protected":false},"excerpt":{"rendered":"<p>Accesorios<\/p>\n","protected":false},"featured_media":59934,"comment_status":"open","ping_status":"closed","template":"","meta":{"_acf_changed":false,"inline_featured_image":false},"product_brand":[],"product_cat":[170],"product_tag":[492],"class_list":{"0":"post-59933","1":"product","2":"type-product","3":"status-publish","4":"has-post-thumbnail","6":"product_cat-accesorios","7":"product_tag-sda-es-koszt-x2","8":"product_shipping_class-courier-akcesoria-zagranica-esp","9":"sales-flash-overlay","10":"woocommerce-text-align-left","11":"woocommerce-image-align-center","12":"do-quantity-buttons","14":"first","15":"instock","16":"taxable","17":"shipping-taxable","18":"purchasable","19":"product-type-simple","20":"add-to-wishlist-before_image"},"acf":[],"gallery_images":[59939],"_links":{"self":[{"href":"https:\/\/eafinia.com\/es\/wp-json\/wp\/v2\/product\/59933","targetHints":{"allow":["GET"]}}],"collection":[{"href":"https:\/\/eafinia.com\/es\/wp-json\/wp\/v2\/product"}],"about":[{"href":"https:\/\/eafinia.com\/es\/wp-json\/wp\/v2\/types\/product"}],"replies":[{"embeddable":true,"href":"https:\/\/eafinia.com\/es\/wp-json\/wp\/v2\/comments?post=59933"}],"wp:featuredmedia":[{"embeddable":true,"href":"https:\/\/eafinia.com\/es\/wp-json\/wp\/v2\/media\/59934"}],"wp:attachment":[{"href":"https:\/\/eafinia.com\/es\/wp-json\/wp\/v2\/media?parent=59933"}],"wp:term":[{"taxonomy":"product_brand","embeddable":true,"href":"https:\/\/eafinia.com\/es\/wp-json\/wp\/v2\/product_brand?post=59933"},{"taxonomy":"product_cat","embeddable":true,"href":"https:\/\/eafinia.com\/es\/wp-json\/wp\/v2\/product_cat?post=59933"},{"taxonomy":"product_tag","embeddable":true,"href":"https:\/\/eafinia.com\/es\/wp-json\/wp\/v2\/product_tag?post=59933"}],"curies":[{"name":"wp","href":"https:\/\/api.w.org\/{rel}","templated":true}]}}