{"id":58437,"date":"2024-05-29T11:35:50","date_gmt":"2024-05-29T09:35:50","guid":{"rendered":"https:\/\/eafinia.com\/?post_type=product&#038;p=58437"},"modified":"2026-01-14T11:35:11","modified_gmt":"2026-01-14T10:35:11","slug":"cabina-de-cosmetica-afinia","status":"publish","type":"product","link":"https:\/\/eafinia.com\/es\/producto\/cabina-de-cosmetica-afinia\/","title":{"rendered":"Cabina de cosm\u00e9tica Afinia"},"content":{"rendered":"<p>Descubre una forma \u00fanica de mantener tu colecci\u00f3n de cosm\u00e9ticos organizada con nuestro elegante y funcional armario de cosm\u00e9ticos. Dise\u00f1ado perfectamente para satisfacer las demandas de los usuarios m\u00e1s exigentes, el armario de cosm\u00e9ticos se convertir\u00e1 en un elemento indispensable en tu rutina diaria de cuidado personal.<\/p>\n","protected":false},"excerpt":{"rendered":"<p>Cabina<\/p>\n","protected":false},"featured_media":58556,"comment_status":"open","ping_status":"closed","template":"","meta":{"_acf_changed":false,"inline_featured_image":false},"product_brand":[],"product_cat":[561,751],"product_tag":[506],"class_list":{"0":"post-58437","1":"product","2":"type-product","3":"status-publish","4":"has-post-thumbnail","6":"product_cat-armarios","7":"product_cat-novedades","8":"product_tag-stoly-esp","9":"product_shipping_class-courier-akcesoria-zagranica-es","10":"sales-flash-overlay","11":"woocommerce-text-align-left","12":"woocommerce-image-align-center","13":"do-quantity-buttons","15":"first","16":"instock","17":"sale","18":"taxable","19":"shipping-taxable","20":"purchasable","21":"product-type-variable","22":"add-to-wishlist-before_image"},"acf":[],"gallery_images":[58656,58546,58541,60891,60899,58536,60215,58551],"_links":{"self":[{"href":"https:\/\/eafinia.com\/es\/wp-json\/wp\/v2\/product\/58437","targetHints":{"allow":["GET"]}}],"collection":[{"href":"https:\/\/eafinia.com\/es\/wp-json\/wp\/v2\/product"}],"about":[{"href":"https:\/\/eafinia.com\/es\/wp-json\/wp\/v2\/types\/product"}],"replies":[{"embeddable":true,"href":"https:\/\/eafinia.com\/es\/wp-json\/wp\/v2\/comments?post=58437"}],"wp:featuredmedia":[{"embeddable":true,"href":"https:\/\/eafinia.com\/es\/wp-json\/wp\/v2\/media\/58556"}],"wp:attachment":[{"href":"https:\/\/eafinia.com\/es\/wp-json\/wp\/v2\/media?parent=58437"}],"wp:term":[{"taxonomy":"product_brand","embeddable":true,"href":"https:\/\/eafinia.com\/es\/wp-json\/wp\/v2\/product_brand?post=58437"},{"taxonomy":"product_cat","embeddable":true,"href":"https:\/\/eafinia.com\/es\/wp-json\/wp\/v2\/product_cat?post=58437"},{"taxonomy":"product_tag","embeddable":true,"href":"https:\/\/eafinia.com\/es\/wp-json\/wp\/v2\/product_tag?post=58437"}],"curies":[{"name":"wp","href":"https:\/\/api.w.org\/{rel}","templated":true}]}}