{"id":58316,"date":"2024-05-20T12:54:41","date_gmt":"2024-05-20T10:54:41","guid":{"rendered":"https:\/\/eafinia.com\/?post_type=product&#038;p=58316"},"modified":"2024-09-20T11:43:05","modified_gmt":"2024-09-20T09:43:05","slug":"afinia-cover-funda-de-silicona-para-ndc-mobile","status":"publish","type":"product","link":"https:\/\/eafinia.com\/es\/producto\/afinia-cover-funda-de-silicona-para-ndc-mobile\/","title":{"rendered":"Afinia Cover &#8211; funda de silicona para NDC Mobile"},"content":{"rendered":"<p>Afinia Cover es una funda de silicona innovadora dise\u00f1ada para mantener el orden y la limpieza en el sal\u00f3n de belleza. Con una instalaci\u00f3n sencilla y un dise\u00f1o est\u00e9tico, la funda protege perfectamente la superficie de la mesa de manicura y el aspirador de polvo, aumentando su durabilidad e higiene. Una funda dura aproximadamente 2 meses de uso, proporcionando protecci\u00f3n duradera y facilidad de mantenimiento.<\/p>\n<p><strong>Tama\u00f1o de las fundas de silicona para el aspirador de polvo NDC Mobile: 470*290 mm<\/strong><\/p>\n","protected":false},"excerpt":{"rendered":"<p>Accesorios<\/p>\n","protected":false},"featured_media":58308,"comment_status":"open","ping_status":"closed","template":"","meta":{"_acf_changed":false,"inline_featured_image":false},"product_brand":[],"product_cat":[170,751],"product_tag":[208,492],"class_list":{"0":"post-58316","1":"product","2":"type-product","3":"status-publish","4":"has-post-thumbnail","6":"product_cat-accesorios","7":"product_cat-novedades","8":"product_tag-nuevo","9":"product_tag-sda-es-koszt-x2","10":"product_shipping_class-courier-akcesoria-zagranica-esp","11":"sales-flash-overlay","12":"woocommerce-text-align-left","13":"woocommerce-image-align-center","14":"do-quantity-buttons","16":"first","17":"instock","18":"taxable","19":"shipping-taxable","20":"purchasable","21":"product-type-simple","22":"add-to-wishlist-before_image"},"acf":[],"gallery_images":[58313],"_links":{"self":[{"href":"https:\/\/eafinia.com\/es\/wp-json\/wp\/v2\/product\/58316","targetHints":{"allow":["GET"]}}],"collection":[{"href":"https:\/\/eafinia.com\/es\/wp-json\/wp\/v2\/product"}],"about":[{"href":"https:\/\/eafinia.com\/es\/wp-json\/wp\/v2\/types\/product"}],"replies":[{"embeddable":true,"href":"https:\/\/eafinia.com\/es\/wp-json\/wp\/v2\/comments?post=58316"}],"wp:featuredmedia":[{"embeddable":true,"href":"https:\/\/eafinia.com\/es\/wp-json\/wp\/v2\/media\/58308"}],"wp:attachment":[{"href":"https:\/\/eafinia.com\/es\/wp-json\/wp\/v2\/media?parent=58316"}],"wp:term":[{"taxonomy":"product_brand","embeddable":true,"href":"https:\/\/eafinia.com\/es\/wp-json\/wp\/v2\/product_brand?post=58316"},{"taxonomy":"product_cat","embeddable":true,"href":"https:\/\/eafinia.com\/es\/wp-json\/wp\/v2\/product_cat?post=58316"},{"taxonomy":"product_tag","embeddable":true,"href":"https:\/\/eafinia.com\/es\/wp-json\/wp\/v2\/product_tag?post=58316"}],"curies":[{"name":"wp","href":"https:\/\/api.w.org\/{rel}","templated":true}]}}