{"id":57345,"date":"2024-03-15T09:51:55","date_gmt":"2024-03-15T08:51:55","guid":{"rendered":"https:\/\/eafinia.com\/?post_type=product&#038;p=57345"},"modified":"2026-01-20T12:17:43","modified_gmt":"2026-01-20T11:17:43","slug":"aspirador-de-polvo-podiatrico-afinia-ndc-podo","status":"publish","type":"product","link":"https:\/\/eafinia.com\/es\/producto\/aspirador-de-polvo-podiatrico-afinia-ndc-podo\/","title":{"rendered":"Aspirador de Polvo Podi\u00e1trico Afinia NDC PODO"},"content":{"rendered":"<p>El Recolector de Polvo Afinia NDC PODO para pedicura es un dispositivo avanzado utilizado en la industria cosm\u00e9tica, siendo el primer recolector de polvo del mundo para podolog\u00eda. Dise\u00f1ado espec\u00edficamente para la eliminaci\u00f3n eficiente de polvo y contaminantes generados durante el trabajo en las u\u00f1as de los pies, proporciona no solo limpieza sino tambi\u00e9n salud y comodidad de trabajo tanto para especialistas como para clientes.<\/p>\n","protected":false},"excerpt":{"rendered":"<p>Recolector de polvo para pedicura<\/p>\n","protected":false},"featured_media":57344,"comment_status":"open","ping_status":"closed","template":"","meta":{"_acf_changed":false,"inline_featured_image":false},"product_brand":[],"product_cat":[175,751,530],"product_tag":[],"class_list":{"0":"post-57345","1":"product","2":"type-product","3":"status-publish","4":"has-post-thumbnail","6":"product_cat-aspirador-de-polvo-para-unas","7":"product_cat-novedades","8":"product_cat-podologia","9":"product_shipping_class-courier-pochlaniacze-zagranica-es","10":"sales-flash-overlay","11":"woocommerce-text-align-left","12":"woocommerce-image-align-center","13":"do-quantity-buttons","15":"first","16":"instock","17":"sale","18":"taxable","19":"shipping-taxable","20":"purchasable","21":"product-type-variable","22":"add-to-wishlist-before_image"},"acf":[],"gallery_images":[58331,57332,57337,57322,57327,57287,57302,57526,57531,57541,57536,61817,61821,57392,57387,57382,57377],"_links":{"self":[{"href":"https:\/\/eafinia.com\/es\/wp-json\/wp\/v2\/product\/57345","targetHints":{"allow":["GET"]}}],"collection":[{"href":"https:\/\/eafinia.com\/es\/wp-json\/wp\/v2\/product"}],"about":[{"href":"https:\/\/eafinia.com\/es\/wp-json\/wp\/v2\/types\/product"}],"replies":[{"embeddable":true,"href":"https:\/\/eafinia.com\/es\/wp-json\/wp\/v2\/comments?post=57345"}],"wp:featuredmedia":[{"embeddable":true,"href":"https:\/\/eafinia.com\/es\/wp-json\/wp\/v2\/media\/57344"}],"wp:attachment":[{"href":"https:\/\/eafinia.com\/es\/wp-json\/wp\/v2\/media?parent=57345"}],"wp:term":[{"taxonomy":"product_brand","embeddable":true,"href":"https:\/\/eafinia.com\/es\/wp-json\/wp\/v2\/product_brand?post=57345"},{"taxonomy":"product_cat","embeddable":true,"href":"https:\/\/eafinia.com\/es\/wp-json\/wp\/v2\/product_cat?post=57345"},{"taxonomy":"product_tag","embeddable":true,"href":"https:\/\/eafinia.com\/es\/wp-json\/wp\/v2\/product_tag?post=57345"}],"curies":[{"name":"wp","href":"https:\/\/api.w.org\/{rel}","templated":true}]}}