{"id":57071,"date":"2024-03-05T12:47:45","date_gmt":"2024-03-05T11:47:45","guid":{"rendered":"https:\/\/eafinia.com\/?post_type=product&#038;p=57071"},"modified":"2026-01-14T11:35:11","modified_gmt":"2026-01-14T10:35:11","slug":"conjunto-movil-afinia-go-ndc-mobile","status":"publish","type":"product","link":"https:\/\/eafinia.com\/es\/producto\/conjunto-movil-afinia-go-ndc-mobile\/","title":{"rendered":"Conjunto m\u00f3vil: AFINIA GO + NDC MOBILE+"},"content":{"rendered":"<p><strong><strong style=\"color: #7b9c78;\">Afinia Go Cosmetic Desk + bolsa de transporte exclusiva: Suprema comodidad para trabajar, est\u00e9s donde est\u00e9s.<\/strong><\/strong><\/p>\n<p>Esta mesa plegable y port\u00e1til es perfecta para el trabajo de un estilista que visita al cliente. Ya sea que tengas un sal\u00f3n de belleza o seas un estilista independiente, ahora puedes llevar tus habilidades contigo a donde se necesiten tus servicios.<\/p>\n<p>*En la encimera hay 2 entradas blancas para cables.<\/p>\n<hr \/>\n<p><strong><strong style=\"color: #7b9c78;\">Aspirador de Polvo para U\u00f1as Afinia NDC Mobile+<\/strong><br \/>\n<\/strong><\/p>\n<p>El Aspiradores de Polvo para U\u00f1as NDC Mobile + port\u00e1til, ligero y compacto ha sido desarrollado a petici\u00f3n de muchos estilistas de u\u00f1as. La eficacia del dispositivo es comparable a la de su versi\u00f3n con cable. Tambi\u00e9n en este caso hemos utilizado filtros reemplazables para garantizar la contenci\u00f3n del polvo y la higiene.<br \/>\nSi quieres utilizar el aspirador en varios puestos de trabajo o para poder desplazarte con \u00e9l, esta es la soluci\u00f3n ideal para ti.<\/p>\n<hr \/>\n<p><strong style=\"color: #7b9c78;\"><strong>Afinia Cover \u2013 funda de silicona para NDC Mobile<\/strong><\/strong><\/p>\n<p>Afinia Cover es una funda de silicona innovadora dise\u00f1ada para mantener el orden y la limpieza en el sal\u00f3n de belleza. Con una instalaci\u00f3n sencilla y un dise\u00f1o est\u00e9tico, la funda protege perfectamente la superficie de la mesa de manicura y el aspirador de polvo, aumentando su durabilidad e higiene. Una funda dura aproximadamente 2 meses de uso, proporcionando protecci\u00f3n duradera y facilidad de mantenimiento.<\/p>\n<p><strong>Tama\u00f1o de las fundas de silicona para el aspirador de polvo NDC Mobile: 470*290 mm<\/strong><\/p>\n","protected":false},"excerpt":{"rendered":"<p>Mesa de cosm\u00e9tica, escritorio de cosm\u00e9tica, mesa de manicura<\/p>\n","protected":false},"featured_media":57657,"comment_status":"open","ping_status":"closed","template":"","meta":{"_acf_changed":false,"inline_featured_image":false},"product_brand":[],"product_cat":[523,748],"product_tag":[505,206,503,195],"class_list":{"0":"post-57071","1":"product","2":"type-product","3":"status-publish","4":"has-post-thumbnail","6":"product_cat-conjuntos","7":"product_cat-promociones","8":"product_tag-afinia-go-esp","9":"product_tag-que-hay-de-nuevo-y-destacado","10":"product_tag-stol-z-jednym-stanowiskiem-pracy-es","11":"product_tag-tablero-recto","12":"product_shipping_class-courier-stoly-kosmetyczne-zagranica-es","13":"sales-flash-overlay","14":"woocommerce-text-align-left","15":"woocommerce-image-align-center","16":"do-quantity-buttons","18":"first","19":"instock","20":"sale","21":"taxable","22":"shipping-taxable","23":"purchasable","24":"product-type-woosb","25":"add-to-wishlist-before_image"},"acf":[],"gallery_images":[57662,56793,56783,56768,56747,56742,56737,57057,58308,63546],"_links":{"self":[{"href":"https:\/\/eafinia.com\/es\/wp-json\/wp\/v2\/product\/57071","targetHints":{"allow":["GET"]}}],"collection":[{"href":"https:\/\/eafinia.com\/es\/wp-json\/wp\/v2\/product"}],"about":[{"href":"https:\/\/eafinia.com\/es\/wp-json\/wp\/v2\/types\/product"}],"replies":[{"embeddable":true,"href":"https:\/\/eafinia.com\/es\/wp-json\/wp\/v2\/comments?post=57071"}],"wp:featuredmedia":[{"embeddable":true,"href":"https:\/\/eafinia.com\/es\/wp-json\/wp\/v2\/media\/57657"}],"wp:attachment":[{"href":"https:\/\/eafinia.com\/es\/wp-json\/wp\/v2\/media?parent=57071"}],"wp:term":[{"taxonomy":"product_brand","embeddable":true,"href":"https:\/\/eafinia.com\/es\/wp-json\/wp\/v2\/product_brand?post=57071"},{"taxonomy":"product_cat","embeddable":true,"href":"https:\/\/eafinia.com\/es\/wp-json\/wp\/v2\/product_cat?post=57071"},{"taxonomy":"product_tag","embeddable":true,"href":"https:\/\/eafinia.com\/es\/wp-json\/wp\/v2\/product_tag?post=57071"}],"curies":[{"name":"wp","href":"https:\/\/api.w.org\/{rel}","templated":true}]}}