{"id":56936,"date":"2024-02-21T14:27:28","date_gmt":"2024-02-21T13:27:28","guid":{"rendered":"https:\/\/eafinia.com\/?post_type=product&#038;p=56936"},"modified":"2025-12-30T00:16:00","modified_gmt":"2025-12-29T23:16:00","slug":"rejilla-de-ventilacion-de-panal-de-oro","status":"publish","type":"product","link":"https:\/\/eafinia.com\/es\/producto\/rejilla-de-ventilacion-de-panal-de-oro\/","title":{"rendered":"Rejilla de ventilaci\u00f3n de panal de oro"},"content":{"rendered":"<p>El nuevo dise\u00f1o de la rejilla de ventilaci\u00f3n en color dorado har\u00e1 que tu Aspirador de Polvo para U\u00f1as sea a\u00fan m\u00e1s eficiente.<\/p>\n","protected":false},"excerpt":{"rendered":"<p>Accesorios<\/p>\n","protected":false},"featured_media":57632,"comment_status":"open","ping_status":"closed","template":"","meta":{"_acf_changed":false,"inline_featured_image":false},"product_brand":[],"product_cat":[170],"product_tag":[492],"class_list":{"0":"post-56936","1":"product","2":"type-product","3":"status-publish","4":"has-post-thumbnail","6":"product_cat-accesorios","7":"product_tag-sda-es-koszt-x2","8":"product_shipping_class-courier-akcesoria-zagranica-esp","9":"sales-flash-overlay","10":"woocommerce-text-align-left","11":"woocommerce-image-align-center","12":"do-quantity-buttons","14":"first","15":"instock","16":"taxable","17":"shipping-taxable","18":"purchasable","19":"product-type-simple","20":"add-to-wishlist-before_image"},"acf":[],"gallery_images":[57622,56920,56925,57627,56930,57617,57612],"_links":{"self":[{"href":"https:\/\/eafinia.com\/es\/wp-json\/wp\/v2\/product\/56936","targetHints":{"allow":["GET"]}}],"collection":[{"href":"https:\/\/eafinia.com\/es\/wp-json\/wp\/v2\/product"}],"about":[{"href":"https:\/\/eafinia.com\/es\/wp-json\/wp\/v2\/types\/product"}],"replies":[{"embeddable":true,"href":"https:\/\/eafinia.com\/es\/wp-json\/wp\/v2\/comments?post=56936"}],"wp:featuredmedia":[{"embeddable":true,"href":"https:\/\/eafinia.com\/es\/wp-json\/wp\/v2\/media\/57632"}],"wp:attachment":[{"href":"https:\/\/eafinia.com\/es\/wp-json\/wp\/v2\/media?parent=56936"}],"wp:term":[{"taxonomy":"product_brand","embeddable":true,"href":"https:\/\/eafinia.com\/es\/wp-json\/wp\/v2\/product_brand?post=56936"},{"taxonomy":"product_cat","embeddable":true,"href":"https:\/\/eafinia.com\/es\/wp-json\/wp\/v2\/product_cat?post=56936"},{"taxonomy":"product_tag","embeddable":true,"href":"https:\/\/eafinia.com\/es\/wp-json\/wp\/v2\/product_tag?post=56936"}],"curies":[{"name":"wp","href":"https:\/\/api.w.org\/{rel}","templated":true}]}}