{"id":53345,"date":"2023-06-05T10:36:43","date_gmt":"2023-06-05T08:36:43","guid":{"rendered":"https:\/\/eafinia.com\/?post_type=product&#038;p=53345"},"modified":"2026-01-23T15:05:21","modified_gmt":"2026-01-23T14:05:21","slug":"mesa-para-estetica-afinia-art-deco-x","status":"publish","type":"product","link":"https:\/\/eafinia.com\/es\/producto\/mesa-para-estetica-afinia-art-deco-x\/","title":{"rendered":"Mesa de manicura Afinia Art Deco X"},"content":{"rendered":"<p>El estilo Art D\u00e9co se remonta a la d\u00e9cada de los a\u00f1os 20 del siglo pasado y se distingue por su forma elegante y geom\u00e9trica y el uso de materiales hechos a mano. Lo mismo ocurre con nuestra mesa, con la que hemos querido referirnos a la est\u00e9tica de esa singular tendencia en el \u00e1mbito del dise\u00f1o. Adem\u00e1s de su inusual dise\u00f1o, la mesa Afinia Art Deco es tambi\u00e9n muy pr\u00e1ctica y extremadamente f\u00e1cil de montar.<\/p>\n<p>Los marcos de metal no son completamente lisos y uniformes. Las juntas de soldadura y peque\u00f1as irregularidades pueden ser visibles.<\/p>\n","protected":false},"excerpt":{"rendered":"<p>Mesa cosm\u00e9tica, escritorio cosm\u00e9tico, mesa de manicura.<\/p>\n","protected":false},"featured_media":53342,"comment_status":"open","ping_status":"closed","template":"","meta":{"_acf_changed":false,"inline_featured_image":false},"product_brand":[],"product_cat":[182,179],"product_tag":[695,202,203],"class_list":{"0":"post-53345","1":"product","2":"type-product","3":"status-publish","4":"has-post-thumbnail","6":"product_cat-estandar","7":"product_cat-mesas-de-manicura","8":"product_tag-loft-i-art-deco-esp","9":"product_tag-mesa-de-automontaje-sencillo","10":"product_tag-recorte-ergonomico-en-el-tablero-para-que-la-estilista-trabaje-comodamente","11":"product_shipping_class-courier-stoly-zagranica-esp","12":"sales-flash-overlay","13":"woocommerce-text-align-left","14":"woocommerce-image-align-center","15":"do-quantity-buttons","17":"first","18":"instock","19":"taxable","20":"shipping-taxable","21":"purchasable","22":"product-type-variable","23":"add-to-wishlist-before_image"},"acf":[],"gallery_images":[53330,53334,53326,53338,66032,63060,60736,60731,63050,63038,63052,63056,56380,53322],"_links":{"self":[{"href":"https:\/\/eafinia.com\/es\/wp-json\/wp\/v2\/product\/53345","targetHints":{"allow":["GET"]}}],"collection":[{"href":"https:\/\/eafinia.com\/es\/wp-json\/wp\/v2\/product"}],"about":[{"href":"https:\/\/eafinia.com\/es\/wp-json\/wp\/v2\/types\/product"}],"replies":[{"embeddable":true,"href":"https:\/\/eafinia.com\/es\/wp-json\/wp\/v2\/comments?post=53345"}],"wp:featuredmedia":[{"embeddable":true,"href":"https:\/\/eafinia.com\/es\/wp-json\/wp\/v2\/media\/53342"}],"wp:attachment":[{"href":"https:\/\/eafinia.com\/es\/wp-json\/wp\/v2\/media?parent=53345"}],"wp:term":[{"taxonomy":"product_brand","embeddable":true,"href":"https:\/\/eafinia.com\/es\/wp-json\/wp\/v2\/product_brand?post=53345"},{"taxonomy":"product_cat","embeddable":true,"href":"https:\/\/eafinia.com\/es\/wp-json\/wp\/v2\/product_cat?post=53345"},{"taxonomy":"product_tag","embeddable":true,"href":"https:\/\/eafinia.com\/es\/wp-json\/wp\/v2\/product_tag?post=53345"}],"curies":[{"name":"wp","href":"https:\/\/api.w.org\/{rel}","templated":true}]}}