{"id":53309,"date":"2023-06-01T13:38:15","date_gmt":"2023-06-01T11:38:15","guid":{"rendered":"https:\/\/eafinia.com\/?post_type=product&#038;p=53309"},"modified":"2026-03-26T16:25:11","modified_gmt":"2026-03-26T15:25:11","slug":"cabina-de-podologia-afinia","status":"publish","type":"product","link":"https:\/\/eafinia.com\/es\/producto\/cabina-de-podologia-afinia\/","title":{"rendered":"Cabina de podolog\u00eda Afinia"},"content":{"rendered":"<p>La unidad m\u00f3vil de podolog\u00eda Afinia es perfecta como estaci\u00f3n de pedicura y podolog\u00eda. Las mejores soluciones pr\u00e1cticas para una cl\u00ednica de est\u00e9tica o podolog\u00eda.<\/p>\n","protected":false},"excerpt":{"rendered":"<p>MESAS DE MANICURA<\/p>\n","protected":false},"featured_media":64123,"comment_status":"open","ping_status":"closed","template":"","meta":{"_acf_changed":false,"inline_featured_image":false},"product_brand":[],"product_cat":[561,530],"product_tag":[506],"class_list":{"0":"post-53309","1":"product","2":"type-product","3":"status-publish","4":"has-post-thumbnail","6":"product_cat-armarios","7":"product_cat-podologia","8":"product_tag-stoly-esp","9":"product_shipping_class-courier-akcesoria-zagranica-es","10":"sales-flash-overlay","11":"woocommerce-text-align-left","12":"woocommerce-image-align-center","13":"do-quantity-buttons","15":"first","16":"instock","17":"sale","18":"taxable","19":"shipping-taxable","20":"purchasable","21":"product-type-variable","22":"add-to-wishlist-before_image"},"acf":[],"gallery_images":[64131,64111,64115,64135,64119,57951],"_links":{"self":[{"href":"https:\/\/eafinia.com\/es\/wp-json\/wp\/v2\/product\/53309","targetHints":{"allow":["GET"]}}],"collection":[{"href":"https:\/\/eafinia.com\/es\/wp-json\/wp\/v2\/product"}],"about":[{"href":"https:\/\/eafinia.com\/es\/wp-json\/wp\/v2\/types\/product"}],"replies":[{"embeddable":true,"href":"https:\/\/eafinia.com\/es\/wp-json\/wp\/v2\/comments?post=53309"}],"wp:featuredmedia":[{"embeddable":true,"href":"https:\/\/eafinia.com\/es\/wp-json\/wp\/v2\/media\/64123"}],"wp:attachment":[{"href":"https:\/\/eafinia.com\/es\/wp-json\/wp\/v2\/media?parent=53309"}],"wp:term":[{"taxonomy":"product_brand","embeddable":true,"href":"https:\/\/eafinia.com\/es\/wp-json\/wp\/v2\/product_brand?post=53309"},{"taxonomy":"product_cat","embeddable":true,"href":"https:\/\/eafinia.com\/es\/wp-json\/wp\/v2\/product_cat?post=53309"},{"taxonomy":"product_tag","embeddable":true,"href":"https:\/\/eafinia.com\/es\/wp-json\/wp\/v2\/product_tag?post=53309"}],"curies":[{"name":"wp","href":"https:\/\/api.w.org\/{rel}","templated":true}]}}