{"id":53259,"date":"2023-05-31T12:47:42","date_gmt":"2023-05-31T10:47:42","guid":{"rendered":"https:\/\/eafinia.com\/?post_type=product&#038;p=53259"},"modified":"2026-01-20T12:27:09","modified_gmt":"2026-01-20T11:27:09","slug":"lampara-cosmetica-afinia-wave","status":"publish","type":"product","link":"https:\/\/eafinia.com\/es\/producto\/lampara-cosmetica-afinia-wave\/","title":{"rendered":"L\u00e1mpara cosm\u00e9tica Afinia Wave"},"content":{"rendered":"<p>Ilumina tu sal\u00f3n para el verano y disfruta de un confort incre\u00edble con la l\u00e1mpara Afinia Wave. Esta l\u00e1mpara no solo ofrece una luz suave y respetuosa con los ojos, sino que adem\u00e1s te permite controlar totalmente la iluminaci\u00f3n. Al ajustar la intensidad de la luz, puedes adaptar la iluminaci\u00f3n a tus preferencias. Su dise\u00f1o \u00fanico encajar\u00e1 perfectamente en espacios modernos, mientras que la iluminaci\u00f3n completa de 180 grados sin sombras y la alta calidad de los LED garantizan que ning\u00fan detalle escape a tu atenci\u00f3n. Adem\u00e1s, la l\u00e1mpara Afinia Wave es ideal para tomar fotos de tus proyectos, resaltando cada detalle. Tambi\u00e9n encontrar\u00e1s un mando a distancia incluido para ajustar c\u00f3modamente la iluminaci\u00f3n.<\/p>\n","protected":false},"excerpt":{"rendered":"<p>Ilumina tu sal\u00f3n para el verano y disfruta de un confort incre\u00edble con la l\u00e1mpara Afinia Wave. Esta l\u00e1mpara no solo ofrece una luz suave y respetuosa con los ojos, sino que adem\u00e1s te permite controlar totalmente la iluminaci\u00f3n. Al ajustar la intensidad de la luz, puedes adaptar la iluminaci\u00f3n a tus preferencias. Su dise\u00f1o &#8230; <a title=\"L\u00e1mpara cosm\u00e9tica Afinia Wave\" class=\"read-more\" href=\"https:\/\/eafinia.com\/es\/producto\/lampara-cosmetica-afinia-wave\/\" aria-label=\"Leer m\u00e1s sobre L\u00e1mpara cosm\u00e9tica Afinia Wave\">Leer m\u00e1s<\/a><\/p>\n","protected":false},"featured_media":55982,"comment_status":"open","ping_status":"closed","template":"","meta":{"_acf_changed":false,"inline_featured_image":false},"product_brand":[],"product_cat":[170],"product_tag":[206],"class_list":{"0":"post-53259","1":"product","2":"type-product","3":"status-publish","4":"has-post-thumbnail","6":"product_cat-accesorios","7":"product_tag-que-hay-de-nuevo-y-destacado","8":"product_shipping_class-courier-akcesoria-zagranica-esp","9":"sales-flash-overlay","10":"woocommerce-text-align-left","11":"woocommerce-image-align-center","12":"do-quantity-buttons","14":"first","15":"instock","16":"taxable","17":"shipping-taxable","18":"purchasable","19":"product-type-simple","20":"add-to-wishlist-before_image"},"acf":[],"gallery_images":[54366,54371,54376,54361],"_links":{"self":[{"href":"https:\/\/eafinia.com\/es\/wp-json\/wp\/v2\/product\/53259","targetHints":{"allow":["GET"]}}],"collection":[{"href":"https:\/\/eafinia.com\/es\/wp-json\/wp\/v2\/product"}],"about":[{"href":"https:\/\/eafinia.com\/es\/wp-json\/wp\/v2\/types\/product"}],"replies":[{"embeddable":true,"href":"https:\/\/eafinia.com\/es\/wp-json\/wp\/v2\/comments?post=53259"}],"wp:featuredmedia":[{"embeddable":true,"href":"https:\/\/eafinia.com\/es\/wp-json\/wp\/v2\/media\/55982"}],"wp:attachment":[{"href":"https:\/\/eafinia.com\/es\/wp-json\/wp\/v2\/media?parent=53259"}],"wp:term":[{"taxonomy":"product_brand","embeddable":true,"href":"https:\/\/eafinia.com\/es\/wp-json\/wp\/v2\/product_brand?post=53259"},{"taxonomy":"product_cat","embeddable":true,"href":"https:\/\/eafinia.com\/es\/wp-json\/wp\/v2\/product_cat?post=53259"},{"taxonomy":"product_tag","embeddable":true,"href":"https:\/\/eafinia.com\/es\/wp-json\/wp\/v2\/product_tag?post=53259"}],"curies":[{"name":"wp","href":"https:\/\/api.w.org\/{rel}","templated":true}]}}