{"id":49081,"date":"2023-01-08T16:44:50","date_gmt":"2023-01-08T15:44:50","guid":{"rendered":"https:\/\/eafinia.com\/?post_type=product&#038;p=49081"},"modified":"2026-04-01T15:25:56","modified_gmt":"2026-04-01T13:25:56","slug":"aspirador-de-polvo-afinia-ndc-2000","status":"publish","type":"product","link":"https:\/\/eafinia.com\/es\/producto\/aspirador-de-polvo-afinia-ndc-2000\/","title":{"rendered":"Aspirador de Polvo para U\u00f1as Afinia NDC 2000"},"content":{"rendered":"<p>Aspiradores de Polvo para U\u00f1as Afinia NDC 2000 es nuestro \u00e9xito de ventas. El aspirador se distingue sobre todo por su potencia y eficacia. Miles de clientes satisfechos y comentarios positivos confirman nuestro compromiso con los m\u00e1s altos est\u00e1ndares. La tecnolog\u00eda de Afinia ha sido r\u00e1pidamente reconocida por los profesionales, gozando d 9 a\u00f1os e la aprobaci\u00f3n del sector.<\/p>\n","protected":false},"excerpt":{"rendered":"<p>Aspiradores de Polvo para U\u00f1as<\/p>\n","protected":false},"featured_media":60825,"comment_status":"open","ping_status":"closed","template":"","meta":{"_acf_changed":false,"inline_featured_image":false},"product_brand":[],"product_cat":[175,177],"product_tag":[],"class_list":{"0":"post-49081","1":"product","2":"type-product","3":"status-publish","4":"has-post-thumbnail","6":"product_cat-aspirador-de-polvo-para-unas","7":"product_cat-ndc-2000-es","8":"product_shipping_class-courier-pochlaniacze-zagranica-esp","9":"sales-flash-overlay","10":"woocommerce-text-align-left","11":"woocommerce-image-align-center","12":"do-quantity-buttons","14":"first","15":"instock","16":"taxable","17":"shipping-taxable","18":"purchasable","19":"product-type-simple","20":"add-to-wishlist-before_image"},"acf":[],"gallery_images":[60341,57932,46387,52637,46389,46390,46391,69028],"_links":{"self":[{"href":"https:\/\/eafinia.com\/es\/wp-json\/wp\/v2\/product\/49081","targetHints":{"allow":["GET"]}}],"collection":[{"href":"https:\/\/eafinia.com\/es\/wp-json\/wp\/v2\/product"}],"about":[{"href":"https:\/\/eafinia.com\/es\/wp-json\/wp\/v2\/types\/product"}],"replies":[{"embeddable":true,"href":"https:\/\/eafinia.com\/es\/wp-json\/wp\/v2\/comments?post=49081"}],"wp:featuredmedia":[{"embeddable":true,"href":"https:\/\/eafinia.com\/es\/wp-json\/wp\/v2\/media\/60825"}],"wp:attachment":[{"href":"https:\/\/eafinia.com\/es\/wp-json\/wp\/v2\/media?parent=49081"}],"wp:term":[{"taxonomy":"product_brand","embeddable":true,"href":"https:\/\/eafinia.com\/es\/wp-json\/wp\/v2\/product_brand?post=49081"},{"taxonomy":"product_cat","embeddable":true,"href":"https:\/\/eafinia.com\/es\/wp-json\/wp\/v2\/product_cat?post=49081"},{"taxonomy":"product_tag","embeddable":true,"href":"https:\/\/eafinia.com\/es\/wp-json\/wp\/v2\/product_tag?post=49081"}],"curies":[{"name":"wp","href":"https:\/\/api.w.org\/{rel}","templated":true}]}}