{"id":49078,"date":"2023-01-08T16:44:48","date_gmt":"2023-01-08T15:44:48","guid":{"rendered":"https:\/\/eafinia.com\/?post_type=product&#038;p=49078"},"modified":"2026-02-26T12:38:08","modified_gmt":"2026-02-26T11:38:08","slug":"aspirador-de-polvo-afinia-ndc-mobile","status":"publish","type":"product","link":"https:\/\/eafinia.com\/es\/producto\/aspirador-de-polvo-afinia-ndc-mobile\/","title":{"rendered":"Aspirador de Polvo para U\u00f1as Afinia NDC Mobile+"},"content":{"rendered":"<p>El Aspiradores de Polvo para U\u00f1as NDC Mobile + port\u00e1til, ligero y compacto ha sido desarrollado a petici\u00f3n de muchos estilistas de u\u00f1as. La eficacia del dispositivo es comparable a la de su versi\u00f3n con cable. Tambi\u00e9n en este caso hemos utilizado filtros reemplazables para garantizar la contenci\u00f3n del polvo y la higiene.<br \/>\nSi quieres utilizar el aspirador en varios puestos de trabajo o para poder desplazarte con \u00e9l, esta es la soluci\u00f3n ideal para ti.<\/p>\n","protected":false},"excerpt":{"rendered":"<p>Aspiradores de Polvo para U\u00f1as<\/p>\n","protected":false},"featured_media":45847,"comment_status":"open","ping_status":"closed","template":"","meta":{"_acf_changed":false,"inline_featured_image":false},"product_brand":[],"product_cat":[175,178],"product_tag":[],"class_list":{"0":"post-49078","1":"product","2":"type-product","3":"status-publish","4":"has-post-thumbnail","6":"product_cat-aspirador-de-polvo-para-unas","7":"product_cat-ndc-mobile-es","8":"product_shipping_class-courier-pochlaniacze-zagranica-esp","9":"sales-flash-overlay","10":"woocommerce-text-align-left","11":"woocommerce-image-align-center","12":"do-quantity-buttons","14":"first","15":"instock","16":"taxable","17":"shipping-taxable","18":"purchasable","19":"product-type-simple","20":"add-to-wishlist-before_image"},"acf":[],"gallery_images":[58204,45848,45844,45849,45845,45838,45839,45840,45841,45842],"_links":{"self":[{"href":"https:\/\/eafinia.com\/es\/wp-json\/wp\/v2\/product\/49078","targetHints":{"allow":["GET"]}}],"collection":[{"href":"https:\/\/eafinia.com\/es\/wp-json\/wp\/v2\/product"}],"about":[{"href":"https:\/\/eafinia.com\/es\/wp-json\/wp\/v2\/types\/product"}],"replies":[{"embeddable":true,"href":"https:\/\/eafinia.com\/es\/wp-json\/wp\/v2\/comments?post=49078"}],"wp:featuredmedia":[{"embeddable":true,"href":"https:\/\/eafinia.com\/es\/wp-json\/wp\/v2\/media\/45847"}],"wp:attachment":[{"href":"https:\/\/eafinia.com\/es\/wp-json\/wp\/v2\/media?parent=49078"}],"wp:term":[{"taxonomy":"product_brand","embeddable":true,"href":"https:\/\/eafinia.com\/es\/wp-json\/wp\/v2\/product_brand?post=49078"},{"taxonomy":"product_cat","embeddable":true,"href":"https:\/\/eafinia.com\/es\/wp-json\/wp\/v2\/product_cat?post=49078"},{"taxonomy":"product_tag","embeddable":true,"href":"https:\/\/eafinia.com\/es\/wp-json\/wp\/v2\/product_tag?post=49078"}],"curies":[{"name":"wp","href":"https:\/\/api.w.org\/{rel}","templated":true}]}}