{"id":49025,"date":"2023-01-08T16:26:10","date_gmt":"2023-01-08T15:26:10","guid":{"rendered":"https:\/\/eafinia.com\/?post_type=product&#038;p=49025"},"modified":"2026-03-12T14:41:22","modified_gmt":"2026-03-12T13:41:22","slug":"mesa-para-estetica-afinia-prestige-aspirador-de-polvo-ndc-1000","status":"publish","type":"product","link":"https:\/\/eafinia.com\/es\/producto\/mesa-para-estetica-afinia-prestige-aspirador-de-polvo-ndc-1000\/","title":{"rendered":"Mesa de manicura Afinia Prestige + NDC 1000"},"content":{"rendered":"<p>La eficacia del aspirador Afinia se debe principalmente a su capacidad de aspiraci\u00f3n del polvo; en el modelo m\u00e1s reciente de la mesa hemos resuelto el problema para expulsar de aire, que sale con gran fuerza despu\u00e9s de que el polvo quede atrapado en el filtro; los conductos de aire especiales nos permiten minimizar el efecto del \u201eviento\u201d que aparece, y c onducen el aire fuera de la mesa. Tambi\u00e9n tenemos una soluci\u00f3n especial: la encimera intercambiable &#8211; siempre que sientas que la superficie de la encimera de tu mesa est\u00e1 gastada y quieras que que vuelva a brillar de nuevo.<\/p>\n","protected":false},"excerpt":{"rendered":"<p>Mesa cosm\u00e9tica, escritorio cosm\u00e9tico, mesa de manicura.<\/p>\n","protected":false},"featured_media":63801,"comment_status":"open","ping_status":"closed","template":"","meta":{"_acf_changed":false,"inline_featured_image":false},"product_brand":[],"product_cat":[182,179],"product_tag":[204,199,206,203,506,198,194,205],"class_list":{"0":"post-49025","1":"product","2":"type-product","3":"status-publish","4":"has-post-thumbnail","6":"product_cat-estandar","7":"product_cat-mesas-de-manicura","8":"product_tag-encimera-intercambiable","9":"product_tag-mesa-montada-y-lista-para-usar","10":"product_tag-que-hay-de-nuevo-y-destacado","11":"product_tag-recorte-ergonomico-en-el-tablero-para-que-la-estilista-trabaje-comodamente","12":"product_tag-stoly-esp","13":"product_tag-superficie-de-la-mesa-revestida-de-hpl","14":"product_tag-tomas-de-corriente-integradas","15":"product_tag-ventilacion-al-exterior","16":"sales-flash-overlay","17":"woocommerce-text-align-left","18":"woocommerce-image-align-center","19":"do-quantity-buttons","21":"first","22":"instock","23":"taxable","24":"shipping-taxable","25":"purchasable","26":"product-type-variable","27":"add-to-wishlist-before_image"},"acf":[],"gallery_images":[63805,60879,62854,63797,63587,63583,63454,63458,63450,66064,62858,63809,60875,64008,64432,64428],"_links":{"self":[{"href":"https:\/\/eafinia.com\/es\/wp-json\/wp\/v2\/product\/49025","targetHints":{"allow":["GET"]}}],"collection":[{"href":"https:\/\/eafinia.com\/es\/wp-json\/wp\/v2\/product"}],"about":[{"href":"https:\/\/eafinia.com\/es\/wp-json\/wp\/v2\/types\/product"}],"replies":[{"embeddable":true,"href":"https:\/\/eafinia.com\/es\/wp-json\/wp\/v2\/comments?post=49025"}],"wp:featuredmedia":[{"embeddable":true,"href":"https:\/\/eafinia.com\/es\/wp-json\/wp\/v2\/media\/63801"}],"wp:attachment":[{"href":"https:\/\/eafinia.com\/es\/wp-json\/wp\/v2\/media?parent=49025"}],"wp:term":[{"taxonomy":"product_brand","embeddable":true,"href":"https:\/\/eafinia.com\/es\/wp-json\/wp\/v2\/product_brand?post=49025"},{"taxonomy":"product_cat","embeddable":true,"href":"https:\/\/eafinia.com\/es\/wp-json\/wp\/v2\/product_cat?post=49025"},{"taxonomy":"product_tag","embeddable":true,"href":"https:\/\/eafinia.com\/es\/wp-json\/wp\/v2\/product_tag?post=49025"}],"curies":[{"name":"wp","href":"https:\/\/api.w.org\/{rel}","templated":true}]}}