{"id":48873,"date":"2023-01-08T16:25:57","date_gmt":"2023-01-08T15:25:57","guid":{"rendered":"https:\/\/eafinia.com\/?post_type=product&#038;p=48873"},"modified":"2026-04-02T15:07:30","modified_gmt":"2026-04-02T13:07:30","slug":"mesa-para-estetica-afinia-basic","status":"publish","type":"product","link":"https:\/\/eafinia.com\/es\/producto\/mesa-para-estetica-afinia-basic\/","title":{"rendered":"Mesa de manicura Afinia Basic"},"content":{"rendered":"<p>Dise\u00f1o sencillo y universal, equipado con un amplio espacio de almacenamiento en forma de 4 cajones y armarios, as\u00ed como un estante pr\u00e1ctico. Adem\u00e1s, un cable de alimentaci\u00f3n, una funda para los cables. Un puesto de trabajo totalmente funcional es la base del trabajo de una estilista: todo tiene que estar perfecto.<\/p>\n<p><strong>A partir del 18.06.2025, la altura de la Mesa de manicura cambiar\u00e1 de 76 a 77,5 cm<\/strong><\/p>\n","protected":false},"excerpt":{"rendered":"<p>Mesa cosm\u00e9tica, escritorio cosm\u00e9tico, mesa de manicura<\/p>\n","protected":false},"featured_media":64214,"comment_status":"open","ping_status":"closed","template":"","meta":{"_acf_changed":false,"inline_featured_image":false},"product_brand":[],"product_cat":[182,179],"product_tag":[199,945,203,775,198,194],"class_list":{"0":"post-48873","1":"product","2":"type-product","3":"status-publish","4":"has-post-thumbnail","6":"product_cat-estandar","7":"product_cat-mesas-de-manicura","8":"product_tag-mesa-montada-y-lista-para-usar","9":"product_tag-numero-de-enchufes-electricos-5","10":"product_tag-recorte-ergonomico-en-el-tablero-para-que-la-estilista-trabaje-comodamente","11":"product_tag-stoly-esp-dystanse-15-euro","12":"product_tag-superficie-de-la-mesa-revestida-de-hpl","13":"product_tag-tomas-de-corriente-integradas","14":"product_shipping_class-courier-stoly-zagranica-esp","15":"sales-flash-overlay","16":"woocommerce-text-align-left","17":"woocommerce-image-align-center","18":"do-quantity-buttons","20":"first","21":"instock","22":"featured","23":"taxable","24":"shipping-taxable","25":"purchasable","26":"product-type-variable","27":"add-to-wishlist-before_image"},"acf":[],"gallery_images":[64226,64222,64234,64230,67125],"_links":{"self":[{"href":"https:\/\/eafinia.com\/es\/wp-json\/wp\/v2\/product\/48873","targetHints":{"allow":["GET"]}}],"collection":[{"href":"https:\/\/eafinia.com\/es\/wp-json\/wp\/v2\/product"}],"about":[{"href":"https:\/\/eafinia.com\/es\/wp-json\/wp\/v2\/types\/product"}],"replies":[{"embeddable":true,"href":"https:\/\/eafinia.com\/es\/wp-json\/wp\/v2\/comments?post=48873"}],"wp:featuredmedia":[{"embeddable":true,"href":"https:\/\/eafinia.com\/es\/wp-json\/wp\/v2\/media\/64214"}],"wp:attachment":[{"href":"https:\/\/eafinia.com\/es\/wp-json\/wp\/v2\/media?parent=48873"}],"wp:term":[{"taxonomy":"product_brand","embeddable":true,"href":"https:\/\/eafinia.com\/es\/wp-json\/wp\/v2\/product_brand?post=48873"},{"taxonomy":"product_cat","embeddable":true,"href":"https:\/\/eafinia.com\/es\/wp-json\/wp\/v2\/product_cat?post=48873"},{"taxonomy":"product_tag","embeddable":true,"href":"https:\/\/eafinia.com\/es\/wp-json\/wp\/v2\/product_tag?post=48873"}],"curies":[{"name":"wp","href":"https:\/\/api.w.org\/{rel}","templated":true}]}}