{"id":47413,"date":"2022-12-31T17:18:21","date_gmt":"2022-12-31T16:18:21","guid":{"rendered":"https:\/\/eafinia.com\/?page_id=47413"},"modified":"2023-01-23T21:35:41","modified_gmt":"2023-01-23T20:35:41","slug":"rodo","status":"publish","type":"page","link":"https:\/\/eafinia.com\/es\/rodo\/","title":{"rendered":"GDPR"},"content":{"rendered":"<div class=\"gb-container gb-container-fdc07f91\"><div class=\"gb-inside-container\">\n\n<p><strong>Informaci\u00f3n para clientes de Afinia Miros\u0142aw Szmelter \u0141ukasz Bia\u0142ecki<br>Asociaci\u00f3n civil en relaci\u00f3n con el tratamiento de datos personales<\/strong><\/p>\n\n\n\n<p>El 25 de mayo de 2018, el Reglamento del Parlamento Europeo i<br>del Consejo (UE) 2016\/679, de 27 de abril de 2016, relativa a la protecci\u00f3n de las personas en<br>en lo que respecta al tratamiento de datos personales y a la libre circulaci\u00f3n de estos datos<br>datos y la derogaci\u00f3n de la Directiva 95\/46\/CE (Reglamento General de Protecci\u00f3n de Datos),<br>en lo sucesivo denominado Reglamento.<\/p>\n\n\n\n<p>En relaci\u00f3n con lo anterior, le informamos que a partir del 25 de mayo de 2018, los clientes ser\u00e1n<br>tiene los siguientes derechos relacionados con el procesamiento de datos personales por<br>Afinia Miros\u0142aw Szmelter \u0141ukasz Bia\u0142ecki Sp\u00f3\u0142ka Cywilna y la siguiente informaci\u00f3n i<br>reglas relacionadas con el procesamiento de datos.<\/p>\n\n\n\n<p>I. Administrador de datos personales<br>El administrador de sus datos personales es Afinia Miros\u0142aw Szmelter<br>\u0141ukasz Bia\u0142ecki Asociaci\u00f3n Civil con domicilio social en ul.Konfederacka 4a\/14, en Pozna\u0144<br>(c\u00f3digo postal: 60-281), direcci\u00f3n de correo electr\u00f3nico: kontakt@afinia.pl.<\/p>\n\n\n\n<p>II. Finalidades del tratamiento de datos personales<br>El prop\u00f3sito del procesamiento de sus datos personales por parte de Afinia Miros\u0142aw Szmelter<br>\u0141ukasz Bia\u0142ecki Sp\u00f3\u0142ka Cywilna est\u00e1 enviando ofertas comerciales, preparando<br>valoraciones, toma de pedidos y tramitaci\u00f3n de los mismos.<\/p>\n\n\n\n<p>tercero Informaci\u00f3n sobre los datos personales recopilados<br>Afinia Miros\u0142aw Szmelter \u0141ukasz Bia\u0142ecki Sp\u00f3\u0142ka Cywilna informa que recoge<br>los siguientes datos personales: nombre, apellidos, direcci\u00f3n de entrega, datos necesarios<br>para emitir una factura, n\u00famero de tel\u00e9fono, direcci\u00f3n de correo electr\u00f3nico.<br>IV. Destinatarios de los datos personales<br>Los datos facilitados por usted no ser\u00e1n puestos a disposici\u00f3n de entidades<br>tercera. Los destinatarios de los datos ser\u00e1n las instituciones autorizadas por la ley, empresas<br>reenviar y cooperar en la ejecuci\u00f3n de la orden.<\/p>\n\n\n\n<p>El controlador de datos no tiene intenci\u00f3n de transferir datos personales al estado<br>un tercero o una organizaci\u00f3n internacional.<\/p>\n\n\n\n<p>V. El plazo de tratamiento de los datos personales<br>Los datos personales se almacenar\u00e1n durante la duraci\u00f3n de las operaciones de la empresa.<br>VI. Derechos de los interesados<br>En relaci\u00f3n con el procesamiento de datos personales por parte de Afinia Miros\u0142aw Szmelter \u0141ukasz<br>Bia\u0142ecki Sp\u00f3\u0142ka Cywilna, tiene derecho a: acceder al contenido de los datos,<br>rectificaci\u00f3n de datos, supresi\u00f3n de datos, limitaci\u00f3n del tratamiento de datos, transferencia<br>datos, para oponerse al procesamiento de datos.<br>Para ejercer los derechos anteriores, env\u00ede un mensaje a la direcci\u00f3n de correo electr\u00f3nico<br>correo electr\u00f3nico: kontakt@afinia.pl<\/p>\n\n\n\n<p>VIII. Denuncia ante la autoridad de control<br>Si cree que se han vulnerado las disposiciones en materia de protecci\u00f3n de datos<br>datos personales, tiene derecho a presentar una reclamaci\u00f3n ante la autoridad de control<br>cumplimiento de lo dispuesto en el Reglamento del Presidente de la Oficina de Protecci\u00f3n de Datos Personales.<\/p>\n\n\n\n<p>VIII. Informaci\u00f3n sobre el requerimiento\/voluntariedad de proporcionar datos personales<br>El suministro de datos es voluntario, pero necesario para el procesamiento y la implementaci\u00f3n.<br>consultas\/pedidos. Si no proporciona los datos anteriores, no ser\u00e1<br>posibilidad de realizar las actividades antes mencionadas.<\/p>\n\n\n\n<p>IX. Perfilado de datos personales<br>Los datos facilitados por usted no ser\u00e1n objeto de elaboraci\u00f3n de perfiles.<br>X. Fuente de origen de los datos<br>Los datos personales se obtienen del interesado.<br>Sus datos tambi\u00e9n pueden provenir de fuentes disponibles p\u00fablicamente (por ejemplo, bases de datos y<br>registros: REGON, NIP, Registro Central de Actividad Econ\u00f3mica (CEIDG),<br>Registro de la Corte Nacional (KRS))<\/p>\n\n<\/div><\/div>","protected":false},"excerpt":{"rendered":"<p>Informaci\u00f3n para clientes de Afinia Miros\u0142aw Szmelter \u0141ukasz Bia\u0142eckiAsociaci\u00f3n civil en relaci\u00f3n con el tratamiento de datos personales El 25 de mayo de 2018, el Reglamento del Parlamento Europeo idel Consejo (UE) 2016\/679, de 27 de abril de 2016, relativa a la protecci\u00f3n de las personas enen lo que respecta al tratamiento de datos personales &#8230; <a title=\"GDPR\" class=\"read-more\" href=\"https:\/\/eafinia.com\/es\/rodo\/\" aria-label=\"Leer m\u00e1s sobre GDPR\">Leer m\u00e1s<\/a><\/p>\n","protected":false},"author":1,"featured_media":0,"parent":0,"menu_order":0,"comment_status":"closed","ping_status":"closed","template":"","meta":{"_acf_changed":false,"inline_featured_image":false,"footnotes":""},"class_list":["post-47413","page","type-page","status-publish"],"acf":[],"_links":{"self":[{"href":"https:\/\/eafinia.com\/es\/wp-json\/wp\/v2\/pages\/47413","targetHints":{"allow":["GET"]}}],"collection":[{"href":"https:\/\/eafinia.com\/es\/wp-json\/wp\/v2\/pages"}],"about":[{"href":"https:\/\/eafinia.com\/es\/wp-json\/wp\/v2\/types\/page"}],"author":[{"embeddable":true,"href":"https:\/\/eafinia.com\/es\/wp-json\/wp\/v2\/users\/1"}],"replies":[{"embeddable":true,"href":"https:\/\/eafinia.com\/es\/wp-json\/wp\/v2\/comments?post=47413"}],"version-history":[{"count":2,"href":"https:\/\/eafinia.com\/es\/wp-json\/wp\/v2\/pages\/47413\/revisions"}],"predecessor-version":[{"id":51326,"href":"https:\/\/eafinia.com\/es\/wp-json\/wp\/v2\/pages\/47413\/revisions\/51326"}],"wp:attachment":[{"href":"https:\/\/eafinia.com\/es\/wp-json\/wp\/v2\/media?parent=47413"}],"curies":[{"name":"wp","href":"https:\/\/api.w.org\/{rel}","templated":true}]}}