{"id":47236,"date":"2022-12-29T21:26:02","date_gmt":"2022-12-29T20:26:02","guid":{"rendered":"https:\/\/eafinia.com\/?page_id=47236"},"modified":"2023-01-23T16:05:47","modified_gmt":"2023-01-23T15:05:47","slug":"subencion","status":"publish","type":"page","link":"https:\/\/eafinia.com\/es\/subencion\/","title":{"rendered":"Subencion"},"content":{"rendered":"<div class=\"gb-container gb-container-de047a2a\"><div class=\"gb-inside-container\">\n<div class=\"gb-container gb-container-e97d2e4c\"><div class=\"gb-inside-container\">\n\n<figure class=\"gb-block-image gb-block-image-85099e1d\"><img loading=\"lazy\" decoding=\"async\" width=\"2560\" height=\"352\" class=\"gb-image gb-image-85099e1d\" src=\"https:\/\/eafinia.com\/wp-content\/uploads\/2022\/11\/FE_POIR_poziom_pl-1_rgb-scaled.jpg\" alt=\"\" title=\"FE_POIR_poziom_pl-1_rgb\" srcset=\"https:\/\/eafinia.com\/wp-content\/uploads\/2022\/11\/FE_POIR_poziom_pl-1_rgb-scaled.jpg 2560w, https:\/\/eafinia.com\/wp-content\/uploads\/2022\/11\/FE_POIR_poziom_pl-1_rgb-scaled-400x55.jpg 400w, https:\/\/eafinia.com\/wp-content\/uploads\/2022\/11\/FE_POIR_poziom_pl-1_rgb-scaled-600x83.jpg 600w, https:\/\/eafinia.com\/wp-content\/uploads\/2022\/11\/FE_POIR_poziom_pl-1_rgb-300x41.jpg 300w, https:\/\/eafinia.com\/wp-content\/uploads\/2022\/11\/FE_POIR_poziom_pl-1_rgb-1024x141.jpg 1024w, https:\/\/eafinia.com\/wp-content\/uploads\/2022\/11\/FE_POIR_poziom_pl-1_rgb-768x106.jpg 768w, https:\/\/eafinia.com\/wp-content\/uploads\/2022\/11\/FE_POIR_poziom_pl-1_rgb-1536x211.jpg 1536w, https:\/\/eafinia.com\/wp-content\/uploads\/2022\/11\/FE_POIR_poziom_pl-1_rgb-2048x282.jpg 2048w\" sizes=\"auto, (max-width: 2560px) 100vw, 2560px\" \/><\/figure>\n\n\n\n<h2 class=\"gb-headline gb-headline-d25688a5 gb-headline-text\">Proyecto I<\/h2>\n\n\n\n<p><\/p>\n\n\n\n<p>AFINIA Miros\u0142aw Szmelter \u0141ukasz Bia\u0142ecki Sp\u00f3\u0142ka Cywilna est\u00e1 implementando un proyecto cofinanciado con fondos europeos &#8220;Desarrollo e implementaci\u00f3n de un nuevo proyecto de dise\u00f1o para un absorbente de polvo debajo del mostrador significativamente mejorado en Afinia&#8221; El objetivo del proyecto es el desarrollo de la empresa gracias al desarrollo, en colaboraci\u00f3n con los dise\u00f1adores, de un nuevo proyecto de dise\u00f1o para un colector de polvo debajo del mostrador generado durante los tratamientos de cuidado de las u\u00f1as. El resultado del proyecto ser\u00e1 la implementaci\u00f3n de un colector de polvo significativamente mejorado con caracter\u00edsticas y funcionalidades adicionales, una forma y tama\u00f1o modificados y una tecnolog\u00eda de producci\u00f3n diferente.<\/p>\n\n\n\n<p>Cofinanciaci\u00f3n del proyecto de la UE: 417.115,00 PLN<\/p>\n\n\n\n<p>Valor bruto del proyecto: 970.101,00 PLN<\/p>\n\n<\/div><\/div>\n\n<div class=\"gb-container gb-container-6f2b452c\"><div class=\"gb-inside-container\">\n\n<figure class=\"gb-block-image gb-block-image-8bb05c99\"><img loading=\"lazy\" decoding=\"async\" width=\"2560\" height=\"352\" class=\"gb-image gb-image-8bb05c99\" src=\"https:\/\/eafinia.com\/wp-content\/uploads\/2022\/11\/FE_POIR_poziom_pl-1_rgb-scaled.jpg\" alt=\"\" title=\"FE_POIR_poziom_pl-1_rgb\" srcset=\"https:\/\/eafinia.com\/wp-content\/uploads\/2022\/11\/FE_POIR_poziom_pl-1_rgb-scaled.jpg 2560w, https:\/\/eafinia.com\/wp-content\/uploads\/2022\/11\/FE_POIR_poziom_pl-1_rgb-scaled-400x55.jpg 400w, https:\/\/eafinia.com\/wp-content\/uploads\/2022\/11\/FE_POIR_poziom_pl-1_rgb-scaled-600x83.jpg 600w, https:\/\/eafinia.com\/wp-content\/uploads\/2022\/11\/FE_POIR_poziom_pl-1_rgb-300x41.jpg 300w, https:\/\/eafinia.com\/wp-content\/uploads\/2022\/11\/FE_POIR_poziom_pl-1_rgb-1024x141.jpg 1024w, https:\/\/eafinia.com\/wp-content\/uploads\/2022\/11\/FE_POIR_poziom_pl-1_rgb-768x106.jpg 768w, https:\/\/eafinia.com\/wp-content\/uploads\/2022\/11\/FE_POIR_poziom_pl-1_rgb-1536x211.jpg 1536w, https:\/\/eafinia.com\/wp-content\/uploads\/2022\/11\/FE_POIR_poziom_pl-1_rgb-2048x282.jpg 2048w\" sizes=\"auto, (max-width: 2560px) 100vw, 2560px\" \/><\/figure>\n\n\n\n<h2 class=\"gb-headline gb-headline-c5616a39 gb-headline-text\">Proyecto II<\/h2>\n\n\n\n<p>T\u00edtulo del proyecto: Promoci\u00f3n del producto de la marca Afinia a trav\u00e9s de la participaci\u00f3n en el programa de promoci\u00f3n de la industria<\/p>\n\n\n\n<p>El tema del proyecto es la participaci\u00f3n de AFINIA en el programa de promoci\u00f3n de la industria para la industria cosm\u00e9tica con el fin de promover la marca econ\u00f3mica polaca y la marca de producto AFINIA, que tiene la oportunidad de ser reconocible por los clientes extranjeros. La promoci\u00f3n est\u00e1 dirigida al posible mercado ucraniano.<\/p>\n\n\n\n<p>El alcance del proyecto sigue siendo consistente con el alcance de las actividades promocionales especificadas en el Programa para la promoci\u00f3n de la industria cosm\u00e9tica. El solicitante tiene previsto participar en cuatro actividades feriales y dos misiones econ\u00f3micas.<\/p>\n\n\n\n<p>Efectos planeados<\/p>\n\n\n\n<p>Los efectos esperados incluyen la firma de contratos de comercio exterior, aumentando los ingresos por la venta de un nuevo producto: un absorbente de polvo. Estos efectos ser\u00e1n utilizados en las actividades de la empresa AFINIA, permitir\u00e1n un mayor desarrollo de la empresa.<\/p>\n\n\n\n<p>Valor del proyecto: 316.000,00 PLN<\/p>\n\n\n\n<p>Contribuci\u00f3n de Fondos Europeos: PLN 268.600,00<\/p>\n\n<\/div><\/div>\n\n<div class=\"gb-container gb-container-1d8f8083\"><div class=\"gb-inside-container\">\n\n<figure class=\"gb-block-image gb-block-image-409b3721\"><img loading=\"lazy\" decoding=\"async\" width=\"2560\" height=\"352\" class=\"gb-image gb-image-409b3721\" src=\"https:\/\/eafinia.com\/wp-content\/uploads\/2022\/11\/FE_POIR_poziom_pl-1_rgb-scaled.jpg\" alt=\"\" title=\"FE_POIR_poziom_pl-1_rgb\" srcset=\"https:\/\/eafinia.com\/wp-content\/uploads\/2022\/11\/FE_POIR_poziom_pl-1_rgb-scaled.jpg 2560w, https:\/\/eafinia.com\/wp-content\/uploads\/2022\/11\/FE_POIR_poziom_pl-1_rgb-scaled-400x55.jpg 400w, https:\/\/eafinia.com\/wp-content\/uploads\/2022\/11\/FE_POIR_poziom_pl-1_rgb-scaled-600x83.jpg 600w, https:\/\/eafinia.com\/wp-content\/uploads\/2022\/11\/FE_POIR_poziom_pl-1_rgb-300x41.jpg 300w, https:\/\/eafinia.com\/wp-content\/uploads\/2022\/11\/FE_POIR_poziom_pl-1_rgb-1024x141.jpg 1024w, https:\/\/eafinia.com\/wp-content\/uploads\/2022\/11\/FE_POIR_poziom_pl-1_rgb-768x106.jpg 768w, https:\/\/eafinia.com\/wp-content\/uploads\/2022\/11\/FE_POIR_poziom_pl-1_rgb-1536x211.jpg 1536w, https:\/\/eafinia.com\/wp-content\/uploads\/2022\/11\/FE_POIR_poziom_pl-1_rgb-2048x282.jpg 2048w\" sizes=\"auto, (max-width: 2560px) 100vw, 2560px\" \/><\/figure>\n\n\n\n<h2 class=\"gb-headline gb-headline-6851a0ff gb-headline-text\">Proyecto III<\/h2>\n\n\n\n<p>T\u00edtulo del proyecto: Dise\u00f1o e implementaci\u00f3n en producci\u00f3n de un nuevo absorbente de polvo generado durante los tratamientos para el cuidado de los pies<\/p>\n\n\n\n<p>El tema del proyecto es llevar a cabo un proceso de dise\u00f1o profesional y, como resultado, implementar un nuevo producto en producci\u00f3n: un absorbente de polvo para montar en el piso, utilizado para absorber y filtrar el polvo generado durante los tratamientos para el cuidado de los pies. Los resultados del proyecto ser\u00e1n utilizados en las actividades del Postulante y permitir\u00e1n el desarrollo de la empresa.<\/p>\n\n\n\n<p>Los efectos esperados incluyen la implementaci\u00f3n de un proyecto de dise\u00f1o para un nuevo producto, el inicio de la cooperaci\u00f3n con dise\u00f1adores profesionales, lo que permitir\u00e1 a la Compa\u00f1\u00eda aprovechar mejor su potencial, enriquecer su oferta y ofrecer nuevos productos.<\/p>\n\n\n\n<p>Valor del proyecto: 1.595.310,00 PLN<\/p>\n\n\n\n<p>Contribuci\u00f3n de Fondos Europeos: PLN 782.450,00<\/p>\n\n<\/div><\/div>\n<\/div><\/div>","protected":false},"excerpt":{"rendered":"<p>Proyecto I AFINIA Miros\u0142aw Szmelter \u0141ukasz Bia\u0142ecki Sp\u00f3\u0142ka Cywilna est\u00e1 implementando un proyecto cofinanciado con fondos europeos &#8220;Desarrollo e implementaci\u00f3n de un nuevo proyecto de dise\u00f1o para un absorbente de polvo debajo del mostrador significativamente mejorado en Afinia&#8221; El objetivo del proyecto es el desarrollo de la empresa gracias al desarrollo, en colaboraci\u00f3n con los &#8230; <a title=\"Subencion\" class=\"read-more\" href=\"https:\/\/eafinia.com\/es\/subencion\/\" aria-label=\"Leer m\u00e1s sobre Subencion\">Leer m\u00e1s<\/a><\/p>\n","protected":false},"author":1,"featured_media":0,"parent":0,"menu_order":0,"comment_status":"closed","ping_status":"closed","template":"","meta":{"_acf_changed":false,"inline_featured_image":false,"footnotes":""},"class_list":["post-47236","page","type-page","status-publish"],"acf":[],"_links":{"self":[{"href":"https:\/\/eafinia.com\/es\/wp-json\/wp\/v2\/pages\/47236","targetHints":{"allow":["GET"]}}],"collection":[{"href":"https:\/\/eafinia.com\/es\/wp-json\/wp\/v2\/pages"}],"about":[{"href":"https:\/\/eafinia.com\/es\/wp-json\/wp\/v2\/types\/page"}],"author":[{"embeddable":true,"href":"https:\/\/eafinia.com\/es\/wp-json\/wp\/v2\/users\/1"}],"replies":[{"embeddable":true,"href":"https:\/\/eafinia.com\/es\/wp-json\/wp\/v2\/comments?post=47236"}],"version-history":[{"count":3,"href":"https:\/\/eafinia.com\/es\/wp-json\/wp\/v2\/pages\/47236\/revisions"}],"predecessor-version":[{"id":51297,"href":"https:\/\/eafinia.com\/es\/wp-json\/wp\/v2\/pages\/47236\/revisions\/51297"}],"wp:attachment":[{"href":"https:\/\/eafinia.com\/es\/wp-json\/wp\/v2\/media?parent=47236"}],"curies":[{"name":"wp","href":"https:\/\/api.w.org\/{rel}","templated":true}]}}