{"id":47232,"date":"2022-12-29T21:19:04","date_gmt":"2022-12-29T20:19:04","guid":{"rendered":"https:\/\/eafinia.com\/?page_id=47232"},"modified":"2023-01-23T15:28:52","modified_gmt":"2023-01-23T14:28:52","slug":"politica-de-privacidad","status":"publish","type":"page","link":"https:\/\/eafinia.com\/es\/politica-de-privacidad\/","title":{"rendered":"Pol\u00edtica de privacidad"},"content":{"rendered":"<div class=\"gb-container gb-container-753dc4ea\"><div class=\"gb-inside-container\">\n\n<p>Spolka Cywilna en relaci\u00f3n con el tratamiento de datos personales<\/p>\n\n\n\n<h2 class=\"wp-block-heading\">Pol\u00edtica de privacidad<\/h2>\n\n\n\n<p>Bienvenido al sitio web afinia.pl perteneciente a la sociedad Afinia Miros\u0142aw Szmelter \u0141ukasz Bia\u0142ecki Sp\u00f3\u0142ka Cywilna. La pol\u00edtica de privacidad que aqu\u00ed se expone tiene por objeto presentar nuestras formas de recopilar, utilizar y compartir los datos que usted pueda proporcionarnos al hacer el uso de nuestro sitio web. Lea toda la pol\u00edtica de privacidad antes de utilizar nuestro sitio web y facilitar cualquier dato. La sociedad Afinia Miros\u0142aw Szmelter \u0141ukasz Bia\u0142ecki Sp\u00f3\u0142ka Cywilna informa de que todos los datos recibidos a trav\u00e9s del sitio web se utilizar\u00e1n con el consentimiento previo de la persona a la que se refieren los datos en la medida especificada por dicha persona.<\/p>\n\n\n\n<h2 class=\"wp-block-heading\">Seguridad<\/h2>\n\n\n\n<p>Hacemos todo lo posible para proteger sus datos personales contra la p\u00e9rdida, el uso indebido, el acceso no autorizado, la divulgaci\u00f3n, la alteraci\u00f3n o la destrucci\u00f3n, de conformidad con la legislaci\u00f3n aplicable. Es importante recordar que ninguna transmisi\u00f3n de informaci\u00f3n por Internet es completamente segura o est\u00e1 libre de errores. En particular, una comunicaci\u00f3n enviada a o desde este sitio web por correo electr\u00f3nico puede no ser suficientemente segura.<\/p>\n\n\n\n<h2 class=\"wp-block-heading\">Usuarios del servicio<\/h2>\n\n\n\n<p>La sociedad Afinia Miros\u0142aw Szmelter \u0141ukasz Bia\u0142ecki Sp\u00f3\u0142ka Cywilna asegura a los usuarios de este sitio web que respeta el derecho a la intimidad y a la protecci\u00f3n de los datos personales. Garantizamos la protecci\u00f3n de los datos recogidos en el curso de la cooperaci\u00f3n con nuestros usuarios de servicios de conformidad con la legislaci\u00f3n aplicable y nos gustar\u00eda recordarle que la eficacia de esta protecci\u00f3n tambi\u00e9n depende de Usted. Recuerde siempre mantener la confidencialidad de sus contrase\u00f1as e inicios de sesi\u00f3n y utilizar Internet con la seguridad y la configuraci\u00f3n adecuadas.<\/p>\n\n\n\n<h2 class=\"wp-block-heading\">Recogida de informaci\u00f3n<\/h2>\n\n\n\n<p>Los datos personales est\u00e1n protegidos de conformidad con las disposiciones de la Ley de Protecci\u00f3n de Datos Personales de 29 de agosto de 1997. Afinia Miros\u0142aw Szmelter \u0141ukasz Bia\u0142ecki Sp\u00f3\u0142ka Cywilna procesa los datos por medio de un sistema inform\u00e1tico compatible con las condiciones aceptadas por los usuarios del servicio.<\/p>\n\n\n\n<h2 class=\"wp-block-heading\">Cambios en la pol\u00edtica de privacidad<\/h2>\n\n\n\n<p>Afinia Miros\u0142aw Szmelter \u0141ukasz Bia\u0142ecki Sp\u00f3\u0142ka Cywilna informar\u00e1 sobre los cambios en su pol\u00edtica de privacidad que puedan resultar por cambios en la legislaci\u00f3n polaca, por el desarrollo de las tecnolog\u00edas de informaci\u00f3n o por el desarrollo y la creaci\u00f3n de nuevos productos y servicios. Esta pol\u00edtica de privacidad se actualiz\u00f3 por \u00faltima vez el 16.05.2014.<\/p>\n\n\n\n<h2 class=\"wp-block-heading\">Enlaces a otros sitios web<\/h2>\n\n\n\n<p>El sitio web afinia.pl puede contener enlaces o referencias a otros sitios web que no est\u00e9n cubiertos por las disposiciones de la presente pol\u00edtica de privacidad. Le recomendamos que lea la pol\u00edtica correspondiente a cada sitio web que visite.<\/p>\n\n\n\n<h2 class=\"wp-block-heading\">Formulario de contacto<\/h2>\n\n\n\n<p>Los usuarios del sitio web afinia.pl tienen la posibilidad de hacer preguntas, dejar rese\u00f1as o sugerencias y ponerse en contacto con los empleados de Afinia Miros\u0142aw Szmelter \u0141ukasz Bia\u0142ecki Sp\u00f3\u0142ka Cywilna. Afinia Miros\u0142aw Szmelter \u0141ukasz Bia\u0142ecki Sp\u00f3\u0142ka Cywilna almacena la correspondencia electr\u00f3nica con los usuarios del sitio web con el fin de responder a las preguntas de la mejor y m\u00e1s r\u00e1pida manera posible. Para ofrecerle el mejor servicio, le informamos de la posibilidad de enviar sus preguntas y sugerencias a: kontakt@afinia.pl o a trav\u00e9s del formulario.<\/p>\n\n\n\n<h2 class=\"wp-block-heading\">Cookies<\/h2>\n\n\n\n<p>Cuando se encuentre haciendo uso del sitio web, es posible que se recopile cierta informaci\u00f3n an\u00f3nima de forma pasiva por su parte (es decir, sin que usted facilite activamente esta informaci\u00f3n) mediante diversas tecnolog\u00edas como cookies, etiquetas web o balizas web o el registro de su navegaci\u00f3n por el sitio web (archivos de registro, registros del servidor y datos de seguimiento de clics). El navegador de Internet que se utilice transmitir\u00e1 autom\u00e1ticamente algunos de estos datos an\u00f3nimos a este sitio web, por ejemplo, la URL del sitio web que visit\u00f3 anteriormente o su direcci\u00f3n IP y la versi\u00f3n del navegador que utiliza actualmente su ordenador. Este sitio web tambi\u00e9n puede recopilar informaci\u00f3n an\u00f3nima de su ordenador a trav\u00e9s de cookies y etiquetas de Internet (&#8220;Internet tags&#8221;) o balizas web. Los mecanismos de almacenamiento de IP, Cookies y otras tecnolog\u00edas similares utilizadas en nuestro sitio web est\u00e1n dise\u00f1adas para:<\/p>\n\n\n\n<p>a)\u00a0 mantener su sesi\u00f3n, por lo que se recuerda el contenido de su cesta de la compra o su informaci\u00f3n de inicio de sesi\u00f3n. Esto significa que no tiene que volver a introducir su nombre de usuario y contrase\u00f1a en cada p\u00e1gina del sitio web, y que en cada visita al sitio web estar\u00e1 disponible el contenido de su cesta de la compra de su visita anterior;<\/p>\n\n\n\n<p>b) personalizarse al sitio web: para ofrecer el mejor contenido adaptado a los intereses del Cliente;<\/p>\n\n\n\n<p>c) recopilar las estad\u00edsticas: para comprender mejor c\u00f3mo utilizan el sitio los usuarios, de modo que podamos mejorar la estructura, los mecanismos y el contenido;<\/p>\n\n\n\n<p>d) reconocer el dispositivo del usuario: para mostrar las p\u00e1ginas de la forma m\u00e1s adecuada a cada dispositivo;<\/p>\n\n\n\n<p>e) suministrar la seguridad, por ejemplo, la autenticaci\u00f3n de sitios web;<\/p>\n\n\n\n<p>f) con fines publicitarios: para medir la eficacia de nuestra publicidad y hacerla m\u00e1s pertinente y espec\u00edfica;<\/p>\n\n\n\n<p>g) mejorar su experiencia de uso de nuestro sitio web;<\/p>\n\n\n\n<p>Puede configurar su navegador para que le avise cuando se env\u00ede una cookie o para bloquear las cookies, aunque en este \u00faltimo caso es posible que algunas funciones de este sitio web no funcionen. Si utiliza nuestro sitio web sin desactivar las cookies en su navegador, las cookies se almacenar\u00e1n en su dispositivo.<\/p>\n\n\n\n<h2 class=\"wp-block-heading\">Deshabilitar las cookies en su navegador<\/h2>\n\n\n\n<p>Si considera que la presencia de cookies vulnera su intimidad, puede desactivarlas en cualquier momento para un sitio web concreto o para todas las conexiones de su navegador en general.<\/p>\n\n\n\n<h3 class=\"wp-block-heading\">En el navegador Mozilla Firefox<\/h3>\n\n\n\n<p>En el men\u00fa &#8220;Herramientas&#8221;, seleccione &#8220;Opciones&#8221; y all\u00ed la pesta\u00f1a &#8220;Privacidad&#8221;. El navegador le da la opci\u00f3n de seleccionar que no desea ser rastreado en absoluto o de borrar cookies individuales de sitios concretos.<\/p>\n\n\n\n<h3 class=\"wp-block-heading\">En Microsoft Internet Explorer<\/h3>\n\n\n\n<p>En el men\u00fa &#8220;Herramientas&#8221;, seleccione &#8220;Opciones de Internet&#8221; y all\u00ed la pesta\u00f1a &#8220;Privacidad&#8221;. Utilice el control deslizante para ajustar el nivel general de privacidad o el bot\u00f3n &#8220;Sitios web&#8221; para gestionar la configuraci\u00f3n de sitios web individuales.<\/p>\n\n\n\n<h3 class=\"wp-block-heading\">En el navegador Google Chrome<\/h3>\n\n\n\n<p>En el men\u00fa oculto bajo los tres guiones horizontales de la esquina superior derecha del navegador, seleccione &#8220;Herramientas&#8221; y, a continuaci\u00f3n, &#8220;Borrar datos de navegaci\u00f3n&#8230;&#8221;. Adem\u00e1s de la opci\u00f3n para borrar las cookies, hay un enlace &#8220;M\u00e1s informaci\u00f3n&#8221; que le muestra una descripci\u00f3n detallada de las caracter\u00edsticas de privacidad del navegador.<\/p>\n\n\n\n<h3 class=\"wp-block-heading\">En el navegador Opera<\/h3>\n\n\n\n<p>Utilice el bot\u00f3n &#8220;Opera&#8221; de la esquina superior izquierda para abrir el men\u00fa y seleccione all\u00ed &#8220;Configuraci\u00f3n&#8221; y luego &#8220;Borrar historial de navegaci\u00f3n&#8230;&#8221;. Adem\u00e1s de la opci\u00f3n de eliminar las cookies ya establecidas, tambi\u00e9n hay un bot\u00f3n &#8220;Administrar cookies&#8230;&#8221; que conduce a opciones m\u00e1s avanzadas para sitios individuales.<\/p>\n\n\n\n<h3 class=\"wp-block-heading\">En el navegador Safari de Apple<\/h3>\n\n\n\n<p>En el men\u00fa &#8220;Safari&#8221;, seleccione &#8220;Preferencias&#8221; y all\u00ed la pesta\u00f1a &#8220;Privacidad&#8221;. All\u00ed encontrar\u00e1 numerosas opciones de cookies.<\/p>\n\n\n\n<h3 class=\"wp-block-heading\">En tel\u00e9fonos m\u00f3viles, tabletas y otros dispositivos m\u00f3viles<\/h3>\n\n\n\n<p>Cada modelo de tel\u00e9fono puede manejar esta funci\u00f3n de forma diferente. Por lo tanto, le recomendamos que consulte las opciones de privacidad en la documentaci\u00f3n del sitio web del fabricante de su dispositivo m\u00f3vil.<\/p>\n\n<\/div><\/div>","protected":false},"excerpt":{"rendered":"<p>Spolka Cywilna en relaci\u00f3n con el tratamiento de datos personales Pol\u00edtica de privacidad Bienvenido al sitio web afinia.pl perteneciente a la sociedad Afinia Miros\u0142aw Szmelter \u0141ukasz Bia\u0142ecki Sp\u00f3\u0142ka Cywilna. La pol\u00edtica de privacidad que aqu\u00ed se expone tiene por objeto presentar nuestras formas de recopilar, utilizar y compartir los datos que usted pueda proporcionarnos al &#8230; <a title=\"Pol\u00edtica de privacidad\" class=\"read-more\" href=\"https:\/\/eafinia.com\/es\/politica-de-privacidad\/\" aria-label=\"Leer m\u00e1s sobre Pol\u00edtica de privacidad\">Leer m\u00e1s<\/a><\/p>\n","protected":false},"author":1,"featured_media":0,"parent":0,"menu_order":0,"comment_status":"closed","ping_status":"open","template":"","meta":{"_acf_changed":false,"inline_featured_image":false,"footnotes":""},"class_list":["post-47232","page","type-page","status-publish"],"acf":[],"_links":{"self":[{"href":"https:\/\/eafinia.com\/es\/wp-json\/wp\/v2\/pages\/47232","targetHints":{"allow":["GET"]}}],"collection":[{"href":"https:\/\/eafinia.com\/es\/wp-json\/wp\/v2\/pages"}],"about":[{"href":"https:\/\/eafinia.com\/es\/wp-json\/wp\/v2\/types\/page"}],"author":[{"embeddable":true,"href":"https:\/\/eafinia.com\/es\/wp-json\/wp\/v2\/users\/1"}],"replies":[{"embeddable":true,"href":"https:\/\/eafinia.com\/es\/wp-json\/wp\/v2\/comments?post=47232"}],"version-history":[{"count":3,"href":"https:\/\/eafinia.com\/es\/wp-json\/wp\/v2\/pages\/47232\/revisions"}],"predecessor-version":[{"id":51288,"href":"https:\/\/eafinia.com\/es\/wp-json\/wp\/v2\/pages\/47232\/revisions\/51288"}],"wp:attachment":[{"href":"https:\/\/eafinia.com\/es\/wp-json\/wp\/v2\/media?parent=47232"}],"curies":[{"name":"wp","href":"https:\/\/api.w.org\/{rel}","templated":true}]}}