{"id":47102,"date":"2022-12-29T08:55:47","date_gmt":"2022-12-29T07:55:47","guid":{"rendered":"https:\/\/eafinia.com\/?page_id=47102"},"modified":"2023-01-23T23:57:44","modified_gmt":"2023-01-23T22:57:44","slug":"por-que-afinia","status":"publish","type":"page","link":"https:\/\/eafinia.com\/es\/por-que-afinia\/","title":{"rendered":"Por qu\u00e9 Afinia"},"content":{"rendered":"<div class=\"gb-container gb-container-0114c43a\"><div class=\"gb-inside-container\">\n\n<p class=\"has-medium-font-size\">La marca Afinia es un fabricante l\u00edder de extractores de polvo y mobiliario para salones de manicura. Llevamos en el mercado desde 2013 suministrando equipos de alta gama y mesas de manicura a clientes de todo el mundo.<br>Nuestra sede central se encuentra en Polonia, en la ciudad de Poznan, es donde desarrollamos constantemente nuevos productos en la respuesta a la demanda del mercado. Nuestro servicio de atenci\u00f3n al cliente, departamento de ventas y posventa esta en todos los pa\u00edses de Europa donde esta presente nuestro producto.<\/p>\n\n\n\n<p class=\"has-medium-font-size\"><br>En cuanto al dise\u00f1o de los productos, consultamos a especialistas en la materia durante todas las etapas del proceso, tanto en lo que respecta a los materiales utilizados en los equipos (por ejemplo, motores o filtros) como sobre las pruebas realizadas de los productos acabados o su ergonom\u00eda. Nuestras mesas de manicura<br>deben est\u00e1n fabricadas con materiales resistentes a los factores qu\u00edmicos, lo que siempre es una prioridad para la aprobaci\u00f3n de los dise\u00f1os finales antes de su puesta en producci\u00f3n.<br><\/p>\n\n<\/div><\/div>\n\n<div class=\"gb-container gb-container-27d9b793 bg-why-leaf\"><div class=\"gb-inside-container\">\n\n<h2 class=\"gb-headline gb-headline-1df5a67b gb-headline-text\">Producci\u00f3n propia<\/h2>\n\n<\/div><\/div>\n\n<div class=\"gb-container gb-container-254b5a90\"><div class=\"gb-inside-container\">\n\n<p class=\"gb-headline gb-headline-34cc177f gb-headline-text\">Tenemos nuestra propia planta de producci\u00f3n en Polonia. Esto nos permite influir en cada etapa de la producci\u00f3n y creaci\u00f3n de nuestros muebles. Las mesas de manicura deben estar fabricadas con materiales resistentes a los productos qu\u00edmicos, lo que siempre es una prioridad a la hora de aprobar los dise\u00f1os finales antes de pasar a su producci\u00f3n. Los productos de gama alta de Afinia est\u00e1n presentes en miles de salones de manicura en Polonia y en el extranjero. En las redes sociales de Afinia a diario aparecen numerosas rese\u00f1as positivas de nuestros clientes satisfechos. <\/p>\n\n\n\n<p class=\"gb-headline gb-headline-d3ca365e gb-headline-text\">En cuanto al dise\u00f1o de los productos, en cada fase se consulta a especialistas en la materia, tanto en lo que se refiere a materiales utilizados en aparatos (motores, filtros, etc.) como a ensayos de los productos acabados y su ergonom\u00eda. <\/p>\n\n\n\n<p class=\"gb-headline gb-headline-bb2a8ec1 gb-headline-text\">Nuestro objetivo es ofrecer productos que no s\u00f3lo sean bonitos y \u00fatiles, sino que tambi\u00e9n mejoren la vida de nuestros clientes. A la hora de crear una nueva mesa o aspirador, nos basamos en las rese\u00f1as de nuestros clientes, tras lo cual sacamos conclusiones e introducimos soluciones que satisfagan las expectativas de los estilistas. Fuimos la primera empresa polaca en cuidar de la salud de nuestros clientes ofreciendo el aspirador de polvo Afinia NDC 1000.<\/p>\n\n<\/div><\/div>\n\n<div class=\"gb-container gb-container-e63f02e5\"><div class=\"gb-inside-container\">\n<div class=\"gb-container gb-container-fcc75a9f\"><div class=\"gb-inside-container\">\n\n<figure class=\"wp-block-embed is-type-video is-provider-youtube wp-block-embed-youtube wp-embed-aspect-16-9 wp-has-aspect-ratio\"><div class=\"wp-block-embed__wrapper\">\n<iframe loading=\"lazy\" title=\"Procesy produkcyjne sto\u0142\u00f3w kosmetycznych AFINIA\" width=\"1200\" height=\"675\" src=\"https:\/\/www.youtube.com\/embed\/b8QQk6j-dAg?feature=oembed\" frameborder=\"0\" allow=\"accelerometer; autoplay; clipboard-write; encrypted-media; gyroscope; picture-in-picture; web-share\" allowfullscreen><\/iframe>\n<\/div><\/figure>\n\n<\/div><\/div>\n\n<div class=\"gb-container gb-container-952739e5\"><div class=\"gb-inside-container\">\n\n<figure class=\"wp-block-embed is-type-video is-provider-youtube wp-block-embed-youtube wp-embed-aspect-16-9 wp-has-aspect-ratio\"><div class=\"wp-block-embed__wrapper\">\n<iframe loading=\"lazy\" title=\"Film z produkcji poch\u0142aniaczy NDC - Afinia Made In Poland\" width=\"1200\" height=\"675\" src=\"https:\/\/www.youtube.com\/embed\/DKOVk0UUT68?feature=oembed\" frameborder=\"0\" allow=\"accelerometer; autoplay; clipboard-write; encrypted-media; gyroscope; picture-in-picture; web-share\" allowfullscreen><\/iframe>\n<\/div><\/figure>\n\n<\/div><\/div>\n<\/div><\/div>\n\n<div class=\"gb-container gb-container-8d0457f5\"><div class=\"gb-inside-container\">\n<div class=\"gb-grid-wrapper gb-grid-wrapper-5065606b\">\n<div class=\"gb-grid-column gb-grid-column-810d5fda\"><div class=\"gb-container gb-container-810d5fda\"><div class=\"gb-inside-container\">\n<div class=\"gb-container gb-container-025428c9\"><div class=\"gb-inside-container\">\n\n<div class=\"gb-headline gb-headline-9f3a3d7f gb-headline-text\">Cuida tu propia salud y la de tus clientes eliminando el polvo nocivo.<\/div>\n\n<\/div><\/div>\n\n\n<figure class=\"gb-block-image gb-block-image-705cb990\"><img loading=\"lazy\" decoding=\"async\" width=\"978\" height=\"482\" class=\"gb-image gb-image-705cb990\" src=\"https:\/\/eafinia.com\/wp-content\/uploads\/2022\/11\/why_afinia_1.jpg\" alt=\"\" title=\"why_afinia_1\" srcset=\"https:\/\/eafinia.com\/wp-content\/uploads\/2022\/11\/why_afinia_1.jpg 978w, https:\/\/eafinia.com\/wp-content\/uploads\/2022\/11\/why_afinia_1-400x197.jpg 400w, https:\/\/eafinia.com\/wp-content\/uploads\/2022\/11\/why_afinia_1-600x296.jpg 600w, https:\/\/eafinia.com\/wp-content\/uploads\/2022\/11\/why_afinia_1-300x148.jpg 300w, https:\/\/eafinia.com\/wp-content\/uploads\/2022\/11\/why_afinia_1-768x379.jpg 768w\" sizes=\"auto, (max-width: 978px) 100vw, 978px\" \/><\/figure>\n\n<\/div><\/div><\/div>\n\n<div class=\"gb-grid-column gb-grid-column-62ad5933\"><div class=\"gb-container gb-container-62ad5933\"><div class=\"gb-inside-container\">\n\n<p class=\"gb-headline gb-headline-76dbb7f8 gb-headline-text\">\u00bfC\u00f3mo lo hemos conseguido? Los equipos de Afinia est\u00e1n dotados de fiables motores japoneses que garantizan una potente extracci\u00f3n de polvo durante el tratamiento (270 m3 por hora de funcionamiento). Es esta potencia la que distingue nuestro aspirador en el mercado y garantiza su eficacia. Un filtro de poli\u00e9ster o de carb\u00f3n garantiza que se retenga el polvo y no se esparza por el aire (como ocurre con muchos otros aspiradores disponibles). Este dispositivo realmente lograr\u00e1 resolver y eliminar tu problema con el polvo. As\u00ed lo confirman nuestras clientas satisfechas y los estilistas de u\u00f1as en las rese\u00f1as positivas que escriben con entusiasmo.<\/p>\n\n\n\n<p class=\"gb-headline gb-headline-f38dbb13 gb-headline-text\">Nos aprecian propietarios de miles de salones de manicura, as\u00ed como reconocidos estilistas de u\u00f1as, como Marzena Kanclerska \u2013 propietaria de los renombrados salones NailSpa de Varsovia, Paulina Pastuszak, conocida formadora en estilismo de u\u00f1as, o Pablo Rozz, m\u00faltiple campe\u00f3n en estilismo de u\u00f1as en Polonia y en el extranjero. <\/p>\n\n\n\n<p class=\"gb-headline gb-headline-a0de2fba gb-headline-text\">\u00bfTe preocupas por tus clientas y te esfuerzas por ofrecerles un servicio de m\u00e1xima calidad? El aspirador de polvo Afinia, que cuida de tu salud y la de tus clientes, no puede faltarte: inhalar el polvo de las u\u00f1as es perjudicial para los pulmones y para la conjuntiva de los ojos, provocando, a menudo, reacciones al\u00e9rgicas, al tiempo que el antiest\u00e9tico polvo se esparce por el aire durante el tratamiento. <\/p>\n\n\n\n<p class=\"gb-headline gb-headline-0c615e13 gb-headline-text\">\u00bfTienes trabajadores? Con los aspiradores Afinia, les proporcionar\u00e1s un puesto de trabajo limpio y profesional y, al mismo tiempo, cuidar\u00e1s de su salud.<\/p>\n\n<\/div><\/div><\/div>\n<\/div>\n<\/div><\/div>\n\n<div class=\"gb-container gb-container-f73e71f6\"><div class=\"gb-inside-container\">\n\n<h2 class=\"gb-headline gb-headline-5e3f0ead gb-headline-text\">\u00bfPor qu\u00e9 destaca nuestro aspirador?<\/h2>\n\n<\/div><\/div>\n\n<div class=\"gb-container gb-container-91936ff6\"><div class=\"gb-inside-container\">\n<div class=\"gb-grid-wrapper gb-grid-wrapper-1dfa6af1\">\n<div class=\"gb-grid-column gb-grid-column-aaf1013b\"><div class=\"gb-container gb-container-aaf1013b\"><div class=\"gb-inside-container\">\n<div class=\"gb-container gb-container-08d635c7 cw-left-half-border relative\"><div class=\"gb-inside-container\">\n\n<h3 class=\"gb-headline gb-headline-0e41a501 gb-headline-text\">Funcionalidad y sencillez<\/h3>\n\n\n\n<p class=\"gb-headline gb-headline-98cd0600 gb-headline-text\">El funcionamiento del aparato es c\u00f3modo para los estilistas de u\u00f1as y no invasivo para los clientes del sal\u00f3n.<\/p>\n\n<\/div><\/div>\n\n<div class=\"gb-container gb-container-4fd3314a cw-left-half-border relative\"><div class=\"gb-inside-container\">\n\n<h3 class=\"gb-headline gb-headline-a7ec018a gb-headline-text\">Atenci\u00f3n a cada detalle<\/h3>\n\n\n\n<p class=\"gb-headline gb-headline-0e8e7419 gb-headline-text\">Fabricaci\u00f3n de alta calidad: mandos y botones ergon\u00f3micos, materiales inastillables.<\/p>\n\n<\/div><\/div>\n<\/div><\/div><\/div>\n\n<div class=\"gb-grid-column gb-grid-column-b0980763\"><div class=\"gb-container gb-container-b0980763 cw-left-half-border relative\"><div class=\"gb-inside-container\">\n\n<h3 class=\"gb-headline gb-headline-ca7dd6de gb-headline-text\">Dise\u00f1o y est\u00e9tica<\/h3>\n\n\n\n<p class=\"gb-headline gb-headline-795caaac gb-headline-text\">No olvides el aspecto est\u00e9tico de tu sal\u00f3n: El aspirador de Afinia se monta discretamente debajo de la mesa, no ocupar\u00e1 mucho espacio, y s\u00f3lo la rejilla circular de acero inoxidable es visible desde arriba. Es posible instalar el aspirador Afinia en casi cualquier mesa \u2013 se fija con 4 tornillos a la parte inferior del tablero y se integra perfectamente en el dise\u00f1o de tu sal\u00f3n.<\/p>\n\n<\/div><\/div><\/div>\n\n<div class=\"gb-grid-column gb-grid-column-ac678025\"><div class=\"gb-container gb-container-ac678025 cw-left-half-border relative\"><div class=\"gb-inside-container\">\n\n<h3 class=\"gb-headline gb-headline-7bc1bbc7 gb-headline-text\">Insonorizaci\u00f3n<\/h3>\n\n\n\n<p class=\"gb-headline gb-headline-2eb126f3 gb-headline-text\">La \u00faltima versi\u00f3n del aspirador Afinia NDC 1000 se ha dise\u00f1ado junto con un ac\u00fastico, que ha silenciado la unidad al m\u00e1ximo.<\/p>\n\n<\/div><\/div><\/div>\n<\/div>\n<\/div><\/div>\n\n<div class=\"gb-container gb-container-46fca864\"><div class=\"gb-inside-container\">\n\n\n<\/div><\/div>\n\n<div class=\"gb-container gb-container-9f5b6d76\"><div class=\"gb-inside-container\">\n\n<h2 class=\"gb-headline gb-headline-aba8313a gb-headline-text\">Conoce nuestros productos<\/h2>\n\n<\/div><\/div>\n\n<div class=\"gb-container gb-container-ea0b3979\"><div class=\"gb-inside-container\">\n<div class=\"gb-grid-wrapper gb-grid-wrapper-44621a4d\">\n<div class=\"gb-grid-column gb-grid-column-f47f0ed0\"><div class=\"gb-container gb-container-f47f0ed0\"><a class=\"gb-container-link\" href=\"\/es\/shop\/?_kategoria=aspirador-de-polvo\"><\/a><div class=\"gb-inside-container\">\n\n<figure class=\"gb-block-image gb-block-image-ce627c8d\"><img loading=\"lazy\" decoding=\"async\" width=\"1024\" height=\"683\" class=\"gb-image gb-image-ce627c8d\" src=\"https:\/\/eafinia.com\/wp-content\/uploads\/2022\/11\/why_afinia_5-1024x683.jpg\" alt=\"\" title=\"why_afinia_5\" srcset=\"https:\/\/eafinia.com\/wp-content\/uploads\/2022\/11\/why_afinia_5-1024x683.jpg 1024w, https:\/\/eafinia.com\/wp-content\/uploads\/2022\/11\/why_afinia_5-400x267.jpg 400w, https:\/\/eafinia.com\/wp-content\/uploads\/2022\/11\/why_afinia_5-600x400.jpg 600w, https:\/\/eafinia.com\/wp-content\/uploads\/2022\/11\/why_afinia_5-300x200.jpg 300w, https:\/\/eafinia.com\/wp-content\/uploads\/2022\/11\/why_afinia_5-768x512.jpg 768w, https:\/\/eafinia.com\/wp-content\/uploads\/2022\/11\/why_afinia_5.jpg 1200w\" sizes=\"auto, (max-width: 1024px) 100vw, 1024px\" \/><\/figure>\n\n\n\n<h4 class=\"gb-headline gb-headline-aaaf355d gb-headline-text\">ASPIRADOR DE POLVO<\/h4>\n\n\n<div class=\"gb-button-wrapper gb-button-wrapper-bda27841\">\n\n<a class=\"gb-button gb-button-f3787a09 gb-button-text\" href=\"\/sklep\/?_kategoria=pochlaniacze-pylu\">M\u00e1s &gt;<\/a>\n\n<\/div>\n<\/div><\/div><\/div>\n\n<div class=\"gb-grid-column gb-grid-column-27d8faa9\"><div class=\"gb-container gb-container-27d8faa9\"><a class=\"gb-container-link\" href=\"\/es\/shop\/?_kategoria=mesas-de-manicura\"><\/a><div class=\"gb-inside-container\">\n\n<figure class=\"gb-block-image gb-block-image-7ee8530c\"><img loading=\"lazy\" decoding=\"async\" width=\"1024\" height=\"683\" class=\"gb-image gb-image-7ee8530c\" src=\"https:\/\/eafinia.com\/wp-content\/uploads\/2022\/10\/Art-Deco-Afinia-w-salonie-nr2-1024x683.jpg\" alt=\"\" title=\"Art-Deco-Afinia-w-salonie-nr2\" srcset=\"https:\/\/eafinia.com\/wp-content\/uploads\/2022\/10\/Art-Deco-Afinia-w-salonie-nr2-1024x683.jpg 1024w, https:\/\/eafinia.com\/wp-content\/uploads\/2022\/10\/Art-Deco-Afinia-w-salonie-nr2-400x267.jpg 400w, https:\/\/eafinia.com\/wp-content\/uploads\/2022\/10\/Art-Deco-Afinia-w-salonie-nr2-600x400.jpg 600w, https:\/\/eafinia.com\/wp-content\/uploads\/2022\/10\/Art-Deco-Afinia-w-salonie-nr2-300x200.jpg 300w, https:\/\/eafinia.com\/wp-content\/uploads\/2022\/10\/Art-Deco-Afinia-w-salonie-nr2-768x512.jpg 768w, https:\/\/eafinia.com\/wp-content\/uploads\/2022\/10\/Art-Deco-Afinia-w-salonie-nr2.jpg 1200w\" sizes=\"auto, (max-width: 1024px) 100vw, 1024px\" \/><\/figure>\n\n\n\n<h4 class=\"gb-headline gb-headline-2cebad90 gb-headline-text\">MESAS DE MANICURA<\/h4>\n\n\n<div class=\"gb-button-wrapper gb-button-wrapper-08298408\">\n\n<a class=\"gb-button gb-button-34c10612 gb-button-text\" href=\"\/sklep\/?_kategoria=stoly-kosmetyczne\">M\u00e1s &gt;<\/a>\n\n<\/div>\n<\/div><\/div><\/div>\n\n<div class=\"gb-grid-column gb-grid-column-2d38252f\"><div class=\"gb-container gb-container-2d38252f\"><a class=\"gb-container-link\" href=\"\/es\/shop\/?_kategoria=accesorios\"><\/a><div class=\"gb-inside-container\">\n\n<figure class=\"gb-block-image gb-block-image-ef7fe355\"><img loading=\"lazy\" decoding=\"async\" width=\"1200\" height=\"800\" class=\"gb-image gb-image-ef7fe355\" src=\"https:\/\/eafinia.com\/wp-content\/uploads\/2022\/11\/why_afinia_6.jpg\" alt=\"\" title=\"why_afinia_6\" srcset=\"https:\/\/eafinia.com\/wp-content\/uploads\/2022\/11\/why_afinia_6.jpg 1200w, https:\/\/eafinia.com\/wp-content\/uploads\/2022\/11\/why_afinia_6-400x267.jpg 400w, https:\/\/eafinia.com\/wp-content\/uploads\/2022\/11\/why_afinia_6-600x400.jpg 600w, https:\/\/eafinia.com\/wp-content\/uploads\/2022\/11\/why_afinia_6-300x200.jpg 300w, https:\/\/eafinia.com\/wp-content\/uploads\/2022\/11\/why_afinia_6-1024x683.jpg 1024w, https:\/\/eafinia.com\/wp-content\/uploads\/2022\/11\/why_afinia_6-768x512.jpg 768w\" sizes=\"auto, (max-width: 1200px) 100vw, 1200px\" \/><\/figure>\n\n\n\n<h4 class=\"gb-headline gb-headline-dc0f3a0f gb-headline-text\">ACCESORIOS<\/h4>\n\n\n<div class=\"gb-button-wrapper gb-button-wrapper-7b46f137\">\n\n<a class=\"gb-button gb-button-3a95eed7 gb-button-text\" href=\"\/sklep\/?_kategoria=akcesoria\">M\u00e1s &gt;<\/a>\n\n<\/div>\n<\/div><\/div><\/div>\n<\/div>\n<\/div><\/div>","protected":false},"excerpt":{"rendered":"<p>La marca Afinia es un fabricante l\u00edder de extractores de polvo y mobiliario para salones de manicura. Llevamos en el mercado desde 2013 suministrando equipos de alta gama y mesas de manicura a clientes de todo el mundo.Nuestra sede central se encuentra en Polonia, en la ciudad de Poznan, es donde desarrollamos constantemente nuevos productos &#8230; <a title=\"Por qu\u00e9 Afinia\" class=\"read-more\" href=\"https:\/\/eafinia.com\/es\/por-que-afinia\/\" aria-label=\"Leer m\u00e1s sobre Por qu\u00e9 Afinia\">Leer m\u00e1s<\/a><\/p>\n","protected":false},"author":1,"featured_media":0,"parent":0,"menu_order":0,"comment_status":"closed","ping_status":"closed","template":"","meta":{"_acf_changed":false,"inline_featured_image":false,"footnotes":""},"class_list":["post-47102","page","type-page","status-publish"],"acf":[],"_links":{"self":[{"href":"https:\/\/eafinia.com\/es\/wp-json\/wp\/v2\/pages\/47102","targetHints":{"allow":["GET"]}}],"collection":[{"href":"https:\/\/eafinia.com\/es\/wp-json\/wp\/v2\/pages"}],"about":[{"href":"https:\/\/eafinia.com\/es\/wp-json\/wp\/v2\/types\/page"}],"author":[{"embeddable":true,"href":"https:\/\/eafinia.com\/es\/wp-json\/wp\/v2\/users\/1"}],"replies":[{"embeddable":true,"href":"https:\/\/eafinia.com\/es\/wp-json\/wp\/v2\/comments?post=47102"}],"version-history":[{"count":5,"href":"https:\/\/eafinia.com\/es\/wp-json\/wp\/v2\/pages\/47102\/revisions"}],"predecessor-version":[{"id":51342,"href":"https:\/\/eafinia.com\/es\/wp-json\/wp\/v2\/pages\/47102\/revisions\/51342"}],"wp:attachment":[{"href":"https:\/\/eafinia.com\/es\/wp-json\/wp\/v2\/media?parent=47102"}],"curies":[{"name":"wp","href":"https:\/\/api.w.org\/{rel}","templated":true}]}}