{"id":68535,"date":"2025-12-08T15:14:30","date_gmt":"2025-12-08T14:14:30","guid":{"rendered":"https:\/\/eafinia.com\/?post_type=product&#038;p=68535"},"modified":"2026-04-05T17:00:37","modified_gmt":"2026-04-05T15:00:37","slug":"saeyang-marathon-3-champion-frasmaschine-edition-2026","status":"publish","type":"product","link":"https:\/\/eafinia.com\/de\/produkt\/saeyang-marathon-3-champion-frasmaschine-edition-2026\/","title":{"rendered":"Saeyang Marathon 3 Champion Fr\u00e4smaschine &#8211; Edition 2026"},"content":{"rendered":"<p data-start=\"791\" data-end=\"1112\"><strong data-start=\"818\" data-end=\"892\">Professionelle Fr\u00e4smaschine Saeyang Marathon 3 Champion \u2013 Edition 2026<\/strong> in Wei\u00df, konzipiert f\u00fcr den Einsatz in Kosmetiksalons. Das \u00fcbersichtliche und gut lesbare Bedienfeld sowie die intuitive Handhabung erm\u00f6glichen sowohl Einsteigern als auch erfahrenen Anwendern ein komfortables Arbeiten.<\/p>\n<p data-start=\"1114\" data-end=\"1382\">Sie verf\u00fcgt \u00fcber ein sehr leistungsstarkes Handst\u00fcck mit einem Drehmoment von 2,9 Ncm. Die maximale Drehzahl betr\u00e4gt 30.000 U\/min. Das Handst\u00fcck ist vollst\u00e4ndig vibrationsfrei, und dank der ergonomischen Form und Leichtigkeit ist die Arbeit damit ein echtes Vergn\u00fcgen.<\/p>\n<p data-start=\"1384\" data-end=\"1617\">Das Handst\u00fcck ist mit einem TWIST-LOCK-System zur Fixierung der Fr\u00e4ser ausgestattet, das einen schnellen Fr\u00e4serwechsel mit nur einer Bewegung erm\u00f6glicht. Zudem kann ein zus\u00e4tzlicher Halter f\u00fcr das Handst\u00fcck am Ger\u00e4t befestigt werden.<\/p>\n<p data-start=\"1619\" data-end=\"1709\">Im Set ist auch ein spezielles Fu\u00dfpedal zur Regulierung der Drehgeschwindigkeit enthalten.<\/p>\n","protected":false},"excerpt":{"rendered":"<p>Zubeh\u00f6r<\/p>\n","protected":false},"featured_media":68516,"comment_status":"open","ping_status":"closed","template":"","meta":{"_acf_changed":false,"inline_featured_image":false},"product_brand":[],"product_cat":[375],"product_tag":[495],"class_list":{"0":"post-68535","1":"product","2":"type-product","3":"status-publish","4":"has-post-thumbnail","6":"product_cat-zubehor","7":"product_tag-sda-de","8":"sales-flash-overlay","9":"woocommerce-text-align-left","10":"woocommerce-image-align-center","11":"do-quantity-buttons","13":"first","14":"instock","15":"taxable","16":"shipping-taxable","17":"purchasable","18":"product-type-simple","19":"add-to-wishlist-before_image"},"acf":[],"gallery_images":[68520,68524,68528,68532],"_links":{"self":[{"href":"https:\/\/eafinia.com\/de\/wp-json\/wp\/v2\/product\/68535","targetHints":{"allow":["GET"]}}],"collection":[{"href":"https:\/\/eafinia.com\/de\/wp-json\/wp\/v2\/product"}],"about":[{"href":"https:\/\/eafinia.com\/de\/wp-json\/wp\/v2\/types\/product"}],"replies":[{"embeddable":true,"href":"https:\/\/eafinia.com\/de\/wp-json\/wp\/v2\/comments?post=68535"}],"wp:featuredmedia":[{"embeddable":true,"href":"https:\/\/eafinia.com\/de\/wp-json\/wp\/v2\/media\/68516"}],"wp:attachment":[{"href":"https:\/\/eafinia.com\/de\/wp-json\/wp\/v2\/media?parent=68535"}],"wp:term":[{"taxonomy":"product_brand","embeddable":true,"href":"https:\/\/eafinia.com\/de\/wp-json\/wp\/v2\/product_brand?post=68535"},{"taxonomy":"product_cat","embeddable":true,"href":"https:\/\/eafinia.com\/de\/wp-json\/wp\/v2\/product_cat?post=68535"},{"taxonomy":"product_tag","embeddable":true,"href":"https:\/\/eafinia.com\/de\/wp-json\/wp\/v2\/product_tag?post=68535"}],"curies":[{"name":"wp","href":"https:\/\/api.w.org\/{rel}","templated":true}]}}