{"id":68434,"date":"2025-11-26T13:15:30","date_gmt":"2025-11-26T12:15:30","guid":{"rendered":"https:\/\/eafinia.com\/produkt\/personalized-cosmetic-tabletop\/"},"modified":"2026-04-01T09:57:31","modified_gmt":"2026-04-01T07:57:31","slug":"personalized-cosmetic-tabletop","status":"publish","type":"product","link":"https:\/\/eafinia.com\/de\/produkt\/personalized-cosmetic-tabletop\/","title":{"rendered":"Personalisierte Tischplatte f\u00fcr den Nageltisch"},"content":{"rendered":"<p data-start=\"1011\" data-end=\"1163\"><strong data-start=\"1011\" data-end=\"1076\">*Rahmen k\u00f6nnen nur zusammen mit Tischplatten gekauft werden.<\/strong><br data-start=\"1076\" data-end=\"1079\" \/><strong data-start=\"1079\" data-end=\"1163\">*Nageltische sind so konzipiert, dass sie eine Staubabsaugung aufnehmen k\u00f6nnen.<\/strong><\/p>\n<p data-start=\"1165\" data-end=\"1413\">W\u00e4hle deine perfekte Tischplatte f\u00fcr den Nageltisch \u2013 erh\u00e4ltlich in verschiedenen einzigartigen Ausf\u00fchrungen: Cashmere Matt, Andromeda, Eiche, Rosy und Wei\u00df. Jede Variante wurde im Hinblick auf \u00c4sthetik, Langlebigkeit und Arbeitskomfort entwickelt.<\/p>\n<p data-start=\"1415\" data-end=\"1642\">Du kannst die Tischplatte weiter personalisieren, indem du Kabeldurchf\u00fchrungen und L\u00fcftungsgitter in deiner Lieblingsfarbe ausw\u00e4hlst: Gold, Schwarz, Wei\u00df oder Silber \u2013 damit dein Nageltisch perfekt zum Stil deines Salons passt.<\/p>\n<p data-start=\"1644\" data-end=\"2003\">F\u00fcge deiner ausgew\u00e4hlten Tischplatte eine professionelle Staubabsaugung hinzu und w\u00e4hle eines der sechs verf\u00fcgbaren Gestelle (2 St\u00fcck) \u2013 jeweils in verschiedenen Farboptionen. Vervollst\u00e4ndige das Set mit praktischem Zubeh\u00f6r und kreiere deinen eigenen vollst\u00e4ndig personalisierten Nageltisch, der Arbeitskomfort und ein beeindruckendes Erscheinungsbild bietet.<\/p>\n","protected":false},"excerpt":{"rendered":"<p>Accessories<\/p>\n","protected":false},"featured_media":68214,"comment_status":"open","ping_status":"closed","template":"","meta":{"_acf_changed":false,"inline_featured_image":false},"product_brand":[],"product_cat":[376,750,379],"product_tag":[696],"class_list":{"0":"post-68434","1":"product","2":"type-product","3":"status-publish","4":"has-post-thumbnail","6":"product_cat-nageltisch","7":"product_cat-neuheiten","8":"product_cat-standard-de","9":"product_tag-loft-i-art-deco-de","10":"product_shipping_class-courier-pochlaniacze-zagranica-de","11":"sales-flash-overlay","12":"woocommerce-text-align-left","13":"woocommerce-image-align-center","14":"do-quantity-buttons","16":"first","17":"instock","18":"taxable","19":"shipping-taxable","20":"purchasable","21":"product-type-variable","22":"add-to-wishlist-before_image"},"acf":[],"gallery_images":[68218,68378,68222,68274,68226,68354,68230,68234,68390,68238,68246,68250,68262,68266,68278,68282,68286,68294,68298,68306,68310,68318,68326,68330,68334,68338,68342,68346,68362,68370,68374,68386],"_links":{"self":[{"href":"https:\/\/eafinia.com\/de\/wp-json\/wp\/v2\/product\/68434","targetHints":{"allow":["GET"]}}],"collection":[{"href":"https:\/\/eafinia.com\/de\/wp-json\/wp\/v2\/product"}],"about":[{"href":"https:\/\/eafinia.com\/de\/wp-json\/wp\/v2\/types\/product"}],"replies":[{"embeddable":true,"href":"https:\/\/eafinia.com\/de\/wp-json\/wp\/v2\/comments?post=68434"}],"wp:featuredmedia":[{"embeddable":true,"href":"https:\/\/eafinia.com\/de\/wp-json\/wp\/v2\/media\/68214"}],"wp:attachment":[{"href":"https:\/\/eafinia.com\/de\/wp-json\/wp\/v2\/media?parent=68434"}],"wp:term":[{"taxonomy":"product_brand","embeddable":true,"href":"https:\/\/eafinia.com\/de\/wp-json\/wp\/v2\/product_brand?post=68434"},{"taxonomy":"product_cat","embeddable":true,"href":"https:\/\/eafinia.com\/de\/wp-json\/wp\/v2\/product_cat?post=68434"},{"taxonomy":"product_tag","embeddable":true,"href":"https:\/\/eafinia.com\/de\/wp-json\/wp\/v2\/product_tag?post=68434"}],"curies":[{"name":"wp","href":"https:\/\/api.w.org\/{rel}","templated":true}]}}