{"id":67274,"date":"2025-08-06T15:51:23","date_gmt":"2025-08-06T13:51:23","guid":{"rendered":"https:\/\/eafinia.com\/?post_type=product&#038;p=67274"},"modified":"2026-03-20T17:31:48","modified_gmt":"2026-03-20T16:31:48","slug":"art-deco-gold-ndc-2000-handablage-afinia-luna","status":"publish","type":"product","link":"https:\/\/eafinia.com\/de\/produkt\/art-deco-gold-ndc-2000-handablage-afinia-luna\/","title":{"rendered":"Art Deco Gold X + NDC 2000 + Handablage Afinia Comfort"},"content":{"rendered":"<p><strong style=\"color: #7b9c78;\">Nageltisch Afinia Art Deco X + Staubsauger NDC 2000<\/strong><\/p>\n<p>Der Art-Deco-Stil stammt aus den 1920er Jahren und zeichnet sich durch eine elegante und geometrische Form und die Verwendung von handgefertigten Materialien aus. Nicht anders ist es bei unserem Tisch, wo wir auf die \u00c4sthetik dieses einzigartigen Trends im Designbereich verweisen wollten. Der Afinia Art Deco Tisch ist neben seinem au\u00dfergew\u00f6hnlichen Design auch sehr praktisch und einfach zu montieren.<\/p>\n<hr \/>\n<p><strong style=\"color: #7b9c78;\">Handablage Afinia Comfort<\/strong><\/p>\n<p>Eine stilvolle und funktionale St\u00fctze, die f\u00fcr den Komfort von Stylistin und Kunde entwickelt wurde. Durch das ergonomische Design bietet sie eine bequeme Handauflage und erleichtert die Nagelgestaltung. Hergestellt aus langlebigen Materialien, ist sie best\u00e4ndig gegen Aceton, hohe Temperaturen und Schmutz, was eine lange Nutzungsdauer und einfache Reinigung gew\u00e4hrleistet. Erh\u00e4ltlich in eleganten Farben: Cremig und Rosa.<\/p>\n","protected":false},"excerpt":{"rendered":"<p>Kosmetiktisch, Nageltisch, Manik\u00fcretisch, Sets<\/p>\n","protected":false},"featured_media":67428,"comment_status":"open","ping_status":"closed","template":"","meta":{"_acf_changed":false,"inline_featured_image":false},"product_brand":[],"product_cat":[747,522],"product_tag":[392,399],"class_list":{"0":"post-67274","1":"product","2":"type-product","3":"status-publish","4":"has-post-thumbnail","6":"product_cat-aktionen","7":"product_cat-saetze","8":"product_tag-ergonomische-aussparung-in-der-tischplatte-fuer-bequemes-arbeiten-des-stylisten","9":"product_tag-tisch-zur-einfachen-selbstmontage","10":"sales-flash-overlay","11":"woocommerce-text-align-left","12":"woocommerce-image-align-center","13":"do-quantity-buttons","15":"first","16":"instock","17":"sale","18":"taxable","19":"shipping-taxable","20":"purchasable","21":"product-type-woosb","22":"add-to-wishlist-before_image"},"acf":[],"gallery_images":[60822,65837],"_links":{"self":[{"href":"https:\/\/eafinia.com\/de\/wp-json\/wp\/v2\/product\/67274","targetHints":{"allow":["GET"]}}],"collection":[{"href":"https:\/\/eafinia.com\/de\/wp-json\/wp\/v2\/product"}],"about":[{"href":"https:\/\/eafinia.com\/de\/wp-json\/wp\/v2\/types\/product"}],"replies":[{"embeddable":true,"href":"https:\/\/eafinia.com\/de\/wp-json\/wp\/v2\/comments?post=67274"}],"wp:featuredmedia":[{"embeddable":true,"href":"https:\/\/eafinia.com\/de\/wp-json\/wp\/v2\/media\/67428"}],"wp:attachment":[{"href":"https:\/\/eafinia.com\/de\/wp-json\/wp\/v2\/media?parent=67274"}],"wp:term":[{"taxonomy":"product_brand","embeddable":true,"href":"https:\/\/eafinia.com\/de\/wp-json\/wp\/v2\/product_brand?post=67274"},{"taxonomy":"product_cat","embeddable":true,"href":"https:\/\/eafinia.com\/de\/wp-json\/wp\/v2\/product_cat?post=67274"},{"taxonomy":"product_tag","embeddable":true,"href":"https:\/\/eafinia.com\/de\/wp-json\/wp\/v2\/product_tag?post=67274"}],"curies":[{"name":"wp","href":"https:\/\/api.w.org\/{rel}","templated":true}]}}