{"id":65859,"date":"2025-02-28T12:24:52","date_gmt":"2025-02-28T11:24:52","guid":{"rendered":"https:\/\/eafinia.com\/?post_type=product&#038;p=65859"},"modified":"2026-04-06T16:35:10","modified_gmt":"2026-04-06T14:35:10","slug":"handablage-afinia-comfort","status":"publish","type":"product","link":"https:\/\/eafinia.com\/de\/produkt\/handablage-afinia-comfort\/","title":{"rendered":"Handablage Afinia Comfort"},"content":{"rendered":"<p>Eine stilvolle und funktionale St\u00fctze, die f\u00fcr den Komfort von Stylistin und Kunde entwickelt wurde. Durch das ergonomische Design bietet sie eine bequeme Handauflage und erleichtert die Nagelgestaltung. Hergestellt aus langlebigen Materialien, ist sie best\u00e4ndig gegen Aceton, hohe Temperaturen und Schmutz, was eine lange Nutzungsdauer und einfache Reinigung gew\u00e4hrleistet. Erh\u00e4ltlich in eleganten Farben: Cremig und Rosa.<\/p>\n","protected":false},"excerpt":{"rendered":"<p>Zubeh\u00f6r<\/p>\n","protected":false},"featured_media":65837,"comment_status":"open","ping_status":"closed","template":"","meta":{"_acf_changed":false,"inline_featured_image":false},"product_brand":[],"product_cat":[750,375],"product_tag":[494],"class_list":{"0":"post-65859","1":"product","2":"type-product","3":"status-publish","4":"has-post-thumbnail","6":"product_cat-neuheiten","7":"product_cat-zubehor","8":"product_tag-sda-de-koszt-x2","9":"sales-flash-overlay","10":"woocommerce-text-align-left","11":"woocommerce-image-align-center","12":"do-quantity-buttons","14":"first","15":"instock","16":"taxable","17":"shipping-taxable","18":"purchasable","19":"product-type-variable","20":"add-to-wishlist-before_image"},"acf":[],"gallery_images":[65845,65829,65841,65833,65853,65849],"_links":{"self":[{"href":"https:\/\/eafinia.com\/de\/wp-json\/wp\/v2\/product\/65859","targetHints":{"allow":["GET"]}}],"collection":[{"href":"https:\/\/eafinia.com\/de\/wp-json\/wp\/v2\/product"}],"about":[{"href":"https:\/\/eafinia.com\/de\/wp-json\/wp\/v2\/types\/product"}],"replies":[{"embeddable":true,"href":"https:\/\/eafinia.com\/de\/wp-json\/wp\/v2\/comments?post=65859"}],"wp:featuredmedia":[{"embeddable":true,"href":"https:\/\/eafinia.com\/de\/wp-json\/wp\/v2\/media\/65837"}],"wp:attachment":[{"href":"https:\/\/eafinia.com\/de\/wp-json\/wp\/v2\/media?parent=65859"}],"wp:term":[{"taxonomy":"product_brand","embeddable":true,"href":"https:\/\/eafinia.com\/de\/wp-json\/wp\/v2\/product_brand?post=65859"},{"taxonomy":"product_cat","embeddable":true,"href":"https:\/\/eafinia.com\/de\/wp-json\/wp\/v2\/product_cat?post=65859"},{"taxonomy":"product_tag","embeddable":true,"href":"https:\/\/eafinia.com\/de\/wp-json\/wp\/v2\/product_tag?post=65859"}],"curies":[{"name":"wp","href":"https:\/\/api.w.org\/{rel}","templated":true}]}}