{"id":65367,"date":"2025-02-04T11:47:37","date_gmt":"2025-02-04T10:47:37","guid":{"rendered":"https:\/\/eafinia.com\/?post_type=product&#038;p=65367"},"modified":"2026-02-01T16:30:00","modified_gmt":"2026-02-01T15:30:00","slug":"afinia-arbeitsschurze","status":"publish","type":"product","link":"https:\/\/eafinia.com\/de\/produkt\/afinia-arbeitsschurze\/","title":{"rendered":"Afinia Arbeitssch\u00fcrze"},"content":{"rendered":"<p>Wir pr\u00e4sentieren Ihnen unsere neue Sch\u00fcrze \u2013 elegant und \u00e4u\u00dferst praktisch, gefertigt aus hochwertigem italienischem Viskose-Polyester-Stoff. Dank der praktischen Taschen k\u00f6nnen Sie problemlos Pinsel, Feilen und andere notwendige Accessoires verstauen. Die universelle Gr\u00f6\u00dfe und der bequeme Schnitt garantieren Bewegungsfreiheit und Tragekomfort, w\u00e4hrend der verstellbare Nackenriemen eine perfekte Anpassung an Ihre Figur und pers\u00f6nlichen Vorlieben erm\u00f6glicht. Das Material ist angenehm auf der Haut, nicht durchsichtig und leicht dehnbar, sodass sich die Sch\u00fcrze perfekt an Ihre Silhouette anpasst.<\/p>\n","protected":false},"excerpt":{"rendered":"<p>Wir pr\u00e4sentieren Ihnen unsere neue Sch\u00fcrze \u2013 elegant und \u00e4u\u00dferst praktisch, gefertigt aus hochwertigem italienischem Viskose-Polyester-Stoff. Dank der praktischen Taschen k\u00f6nnen Sie problemlos Pinsel, Feilen und andere notwendige Accessoires verstauen. Die universelle Gr\u00f6\u00dfe und der bequeme Schnitt garantieren Bewegungsfreiheit und Tragekomfort, w\u00e4hrend der verstellbare Nackenriemen eine perfekte Anpassung an Ihre Figur und pers\u00f6nlichen Vorlieben erm\u00f6glicht. &#8230; <a title=\"Afinia Arbeitssch\u00fcrze\" class=\"read-more\" href=\"https:\/\/eafinia.com\/de\/produkt\/afinia-arbeitsschurze\/\" aria-label=\"Mehr Informationen \u00fcber Afinia Arbeitssch\u00fcrze\">Weiterlesen &#8230;<\/a><\/p>\n","protected":false},"featured_media":65307,"comment_status":"open","ping_status":"closed","template":"","meta":{"_acf_changed":false,"inline_featured_image":false},"product_brand":[],"product_cat":[750,375],"product_tag":[495],"class_list":{"0":"post-65367","1":"product","2":"type-product","3":"status-publish","4":"has-post-thumbnail","6":"product_cat-neuheiten","7":"product_cat-zubehor","8":"product_tag-sda-de","9":"product_shipping_class-courier-akcesoria-zagranica-de-2","10":"sales-flash-overlay","11":"woocommerce-text-align-left","12":"woocommerce-image-align-center","13":"do-quantity-buttons","15":"first","16":"instock","17":"taxable","18":"shipping-taxable","19":"purchasable","20":"product-type-variable","21":"add-to-wishlist-before_image"},"acf":[],"gallery_images":[65319,65335,65331,65327,65323,65315,65311,65303,65299,65295,65352,65344,65340,65360,65356,65348],"_links":{"self":[{"href":"https:\/\/eafinia.com\/de\/wp-json\/wp\/v2\/product\/65367","targetHints":{"allow":["GET"]}}],"collection":[{"href":"https:\/\/eafinia.com\/de\/wp-json\/wp\/v2\/product"}],"about":[{"href":"https:\/\/eafinia.com\/de\/wp-json\/wp\/v2\/types\/product"}],"replies":[{"embeddable":true,"href":"https:\/\/eafinia.com\/de\/wp-json\/wp\/v2\/comments?post=65367"}],"wp:featuredmedia":[{"embeddable":true,"href":"https:\/\/eafinia.com\/de\/wp-json\/wp\/v2\/media\/65307"}],"wp:attachment":[{"href":"https:\/\/eafinia.com\/de\/wp-json\/wp\/v2\/media?parent=65367"}],"wp:term":[{"taxonomy":"product_brand","embeddable":true,"href":"https:\/\/eafinia.com\/de\/wp-json\/wp\/v2\/product_brand?post=65367"},{"taxonomy":"product_cat","embeddable":true,"href":"https:\/\/eafinia.com\/de\/wp-json\/wp\/v2\/product_cat?post=65367"},{"taxonomy":"product_tag","embeddable":true,"href":"https:\/\/eafinia.com\/de\/wp-json\/wp\/v2\/product_tag?post=65367"}],"curies":[{"name":"wp","href":"https:\/\/api.w.org\/{rel}","templated":true}]}}