{"id":65205,"date":"2025-01-30T13:44:44","date_gmt":"2025-01-30T12:44:44","guid":{"rendered":"https:\/\/eafinia.com\/?post_type=product&#038;p=65205"},"modified":"2026-04-01T09:57:22","modified_gmt":"2026-04-01T07:57:22","slug":"nageltisch-afinia-basic-konglomerat-new","status":"publish","type":"product","link":"https:\/\/eafinia.com\/de\/produkt\/nageltisch-afinia-basic-konglomerat-new\/","title":{"rendered":"Nageltisch Afinia Basic &#8211; Konglomerat New"},"content":{"rendered":"<p><strong>Der Nageltisch AFINIA BASIC Konglomerat New<\/strong> ist eine funktionale und \u00e4sthetische L\u00f6sung f\u00fcr Kosmetikr\u00e4ume. Das schlichte und universelle Design bietet gro\u00dfz\u00fcgigen Stauraum in Form von f\u00fcnf Schubladen. Der Tisch verf\u00fcgt \u00fcber quadratische Abstandhalter, die die Stabilit\u00e4t der Konstruktion erh\u00f6hen. Die langlebige Arbeitsplatte besteht aus kratzfestem Konglomerat, was nicht nur f\u00fcr eine ansprechende Optik, sondern auch f\u00fcr eine langanhaltende Nutzbarkeit sorgt.<\/p>\n<p><strong>*Die 130 cm Version weist eine deutlich ausgepr\u00e4gtere, dichtere Konglomeratstruktur auf \u2013 ein nat\u00fcrlicher Effekt des Produktionsprozesses, der der Tischplatte einen markanteren Charakter verleiht.<\/strong><\/p>\n<div class=\"image-conglomerat\" style=\"display: flex; gap: 20px; flex-wrap: wrap;\">\n<div style=\"margin-top: 20px;\"><strong>Version 130 cm:<\/strong><a href=\"https:\/\/afinia.pl\/wp-content\/uploads\/2025\/12\/130cm-konglomerat.jpg\" target=\"_blank\" rel=\"noopener\"><br \/>\n<img decoding=\"async\" style=\"max-width: 300px; width: 100%; height: auto; border-radius: 8px; cursor: pointer;\" src=\"https:\/\/afinia.pl\/wp-content\/uploads\/2025\/12\/130cm-konglomerat.jpg\" alt=\"St\u00f3\u0142 130 cm\" \/><br \/>\n<\/a><\/div>\n<div style=\"margin-top: 20px;\">\n<p><strong>Version 116 cm:<\/strong><a href=\"https:\/\/afinia.pl\/wp-content\/uploads\/2024\/10\/NOWE-STOLY-KREMOWE-TLO-2-1E-1.jpg\" target=\"_blank\" rel=\"noopener\"><br \/>\n<img decoding=\"async\" style=\"max-width: 300px; width: 100%; height: auto; border-radius: 8px; cursor: pointer;\" src=\"https:\/\/afinia.pl\/wp-content\/uploads\/2024\/10\/NOWE-STOLY-KREMOWE-TLO-2-1E-1.jpg\" alt=\"St\u00f3\u0142 116 cm\" \/><br \/>\n<\/a><\/p>\n<\/div>\n<\/div>\n<p><em><strong>Wir empfehlen die Verwendung unserer Silikonauflage Afinia Cover sowie die Reinigung mit unserem Afinia Table Cleaner.<\/strong><\/em><\/p>\n<p>*Der Verkauf erfolgt ohne Deko und Staubabsaugung<\/p>\n","protected":false},"excerpt":{"rendered":"<p>Kosmetiktisch, Nageltisch, Manik\u00fcrtisch<\/p>\n","protected":false},"featured_media":65170,"comment_status":"open","ping_status":"closed","template":"","meta":{"_acf_changed":false,"inline_featured_image":false},"product_brand":[],"product_cat":[376,379],"product_tag":[699,402,390,392,776,406,389],"class_list":{"0":"post-65205","1":"product","2":"type-product","3":"status-publish","4":"has-post-thumbnail","6":"product_cat-nageltisch","7":"product_cat-standard-de","8":"product_tag-anzahl-der-steckdosen-4","9":"product_tag-arbeitsplatte-aus-konglomerat","10":"product_tag-eingebaute-steckdosen","11":"product_tag-ergonomische-aussparung-in-der-tischplatte-fuer-bequemes-arbeiten-des-stylisten","12":"product_tag-stoly-de-dystanse-15e","13":"product_tag-tisch-montiert-und-einsatzbereit","14":"product_tag-ventilation-nach-aussen","15":"sales-flash-overlay","16":"woocommerce-text-align-left","17":"woocommerce-image-align-center","18":"do-quantity-buttons","20":"first","21":"instock","22":"taxable","23":"shipping-taxable","24":"purchasable","25":"product-type-variable","26":"add-to-wishlist-before_image"},"acf":[],"gallery_images":[65174,67947,67943,67939,67935,67986,67107,68501,68497],"_links":{"self":[{"href":"https:\/\/eafinia.com\/de\/wp-json\/wp\/v2\/product\/65205","targetHints":{"allow":["GET"]}}],"collection":[{"href":"https:\/\/eafinia.com\/de\/wp-json\/wp\/v2\/product"}],"about":[{"href":"https:\/\/eafinia.com\/de\/wp-json\/wp\/v2\/types\/product"}],"replies":[{"embeddable":true,"href":"https:\/\/eafinia.com\/de\/wp-json\/wp\/v2\/comments?post=65205"}],"wp:featuredmedia":[{"embeddable":true,"href":"https:\/\/eafinia.com\/de\/wp-json\/wp\/v2\/media\/65170"}],"wp:attachment":[{"href":"https:\/\/eafinia.com\/de\/wp-json\/wp\/v2\/media?parent=65205"}],"wp:term":[{"taxonomy":"product_brand","embeddable":true,"href":"https:\/\/eafinia.com\/de\/wp-json\/wp\/v2\/product_brand?post=65205"},{"taxonomy":"product_cat","embeddable":true,"href":"https:\/\/eafinia.com\/de\/wp-json\/wp\/v2\/product_cat?post=65205"},{"taxonomy":"product_tag","embeddable":true,"href":"https:\/\/eafinia.com\/de\/wp-json\/wp\/v2\/product_tag?post=65205"}],"curies":[{"name":"wp","href":"https:\/\/api.w.org\/{rel}","templated":true}]}}