{"id":65139,"date":"2025-01-30T11:26:42","date_gmt":"2025-01-30T10:26:42","guid":{"rendered":"https:\/\/eafinia.com\/?post_type=product&#038;p=65139"},"modified":"2026-04-01T09:57:22","modified_gmt":"2026-04-01T07:57:22","slug":"nageltisch-afinia-basic-sinterquarz-new","status":"publish","type":"product","link":"https:\/\/eafinia.com\/de\/produkt\/nageltisch-afinia-basic-sinterquarz-new\/","title":{"rendered":"Nageltisch Afinia Basic &#8211; Sinterquarz New"},"content":{"rendered":"<p>Der <strong>Afinia<\/strong> <strong>Basic Nageltisch<\/strong> <strong>aus Quarz-Sinter<\/strong> ist eine funktionale und \u00e4sthetische L\u00f6sung f\u00fcr Kosmetikstudios. Sein schlichtes und universelles Design bietet einen gro\u00dfz\u00fcgigen Stauraum mit 5 Schubladen. Die Tischplatte aus Quarz-Sinter garantiert un\u00fcbertroffene Haltbarkeit und Widerstandsf\u00e4higkeit, die die Eigenschaften von Granit bei weitem \u00fcbertrifft. Der Tisch verf\u00fcgt \u00fcber quadratische Abstandshalter, die die Stabilit\u00e4t der Konstruktion erh\u00f6hen. Quarz-Sinter zeichnet sich durch eine hohe Widerstandsf\u00e4higkeit gegen mechanische Besch\u00e4digungen aus, wodurch er \u00e4u\u00dferst schwer dauerhaft zu zerst\u00f6ren ist. Das macht den Afinia Basic Tisch nicht nur sch\u00f6n, sondern auch zu einer zuverl\u00e4ssigen L\u00f6sung f\u00fcr jedes Kosmetikstudio.<\/p>\n<p><em><strong>W\u00e4hlen Sie Zubeh\u00f6r und pflegen Sie Ihren neuen Tisch!<\/strong><\/em><\/p>\n<p><strong>Wir empfehlen die Verwendung unserer Silikonauflage Afinia Cover sowie die Reinigung mit unserem Afinia Table Cleaner.<\/strong><\/p>\n","protected":false},"excerpt":{"rendered":"<p>Kosmetiktisch, Nageltisch, Manik\u00fcrtisch<\/p>\n","protected":false},"featured_media":65119,"comment_status":"open","ping_status":"closed","template":"","meta":{"_acf_changed":false,"inline_featured_image":false},"product_brand":[],"product_cat":[376,750,379],"product_tag":[699,390,392,776,406,389],"class_list":{"0":"post-65139","1":"product","2":"type-product","3":"status-publish","4":"has-post-thumbnail","6":"product_cat-nageltisch","7":"product_cat-neuheiten","8":"product_cat-standard-de","9":"product_tag-anzahl-der-steckdosen-4","10":"product_tag-eingebaute-steckdosen","11":"product_tag-ergonomische-aussparung-in-der-tischplatte-fuer-bequemes-arbeiten-des-stylisten","12":"product_tag-stoly-de-dystanse-15e","13":"product_tag-tisch-montiert-und-einsatzbereit","14":"product_tag-ventilation-nach-aussen","15":"sales-flash-overlay","16":"woocommerce-text-align-left","17":"woocommerce-image-align-center","18":"do-quantity-buttons","20":"first","21":"outofstock","22":"taxable","23":"shipping-taxable","24":"purchasable","25":"product-type-variable","26":"add-to-wishlist-before_image"},"acf":[],"gallery_images":[65123,65131,65127,67112],"_links":{"self":[{"href":"https:\/\/eafinia.com\/de\/wp-json\/wp\/v2\/product\/65139","targetHints":{"allow":["GET"]}}],"collection":[{"href":"https:\/\/eafinia.com\/de\/wp-json\/wp\/v2\/product"}],"about":[{"href":"https:\/\/eafinia.com\/de\/wp-json\/wp\/v2\/types\/product"}],"replies":[{"embeddable":true,"href":"https:\/\/eafinia.com\/de\/wp-json\/wp\/v2\/comments?post=65139"}],"wp:featuredmedia":[{"embeddable":true,"href":"https:\/\/eafinia.com\/de\/wp-json\/wp\/v2\/media\/65119"}],"wp:attachment":[{"href":"https:\/\/eafinia.com\/de\/wp-json\/wp\/v2\/media?parent=65139"}],"wp:term":[{"taxonomy":"product_brand","embeddable":true,"href":"https:\/\/eafinia.com\/de\/wp-json\/wp\/v2\/product_brand?post=65139"},{"taxonomy":"product_cat","embeddable":true,"href":"https:\/\/eafinia.com\/de\/wp-json\/wp\/v2\/product_cat?post=65139"},{"taxonomy":"product_tag","embeddable":true,"href":"https:\/\/eafinia.com\/de\/wp-json\/wp\/v2\/product_tag?post=65139"}],"curies":[{"name":"wp","href":"https:\/\/api.w.org\/{rel}","templated":true}]}}