{"id":63542,"date":"2024-10-21T13:30:43","date_gmt":"2024-10-21T11:30:43","guid":{"rendered":"https:\/\/eafinia.com\/?post_type=product&#038;p=63542"},"modified":"2026-03-29T17:15:28","modified_gmt":"2026-03-29T15:15:28","slug":"afinia-table-cleaner","status":"publish","type":"product","link":"https:\/\/eafinia.com\/de\/produkt\/afinia-table-cleaner\/","title":{"rendered":"Afinia Table Cleaner"},"content":{"rendered":"<p><strong>Spray zur Reinigung und Pflege von Kosmetikm\u00f6beln<\/strong><\/p>\n<p>Ein professionelles Produkt zur Reinigung und Pflege von Nageltischen und Kosmetikm\u00f6beln. Es reinigt und pflegt Ihre Kosmetikm\u00f6bel umfassend. Geeignet f\u00fcr die Reinigung von K\u00fcchen- und Badm\u00f6beln. Dank seiner einzigartigen Formel entfernt es leicht Fingerabdr\u00fccke und Staub und sch\u00fctzt die Oberfl\u00e4che vor erneuter Ablagerung. Anwendung: Aus einem Abstand von 10 cm direkt auf die zu reinigende Oberfl\u00e4che spr\u00fchen. Gleichm\u00e4\u00dfig mit einem Tuch verteilen und trocken wischen. Kein Polieren erforderlich. Sicher f\u00fcr alle lackierten Oberfl\u00e4chen, unabh\u00e4ngig von der Farbe.<\/p>\n<p><em>*Gem\u00e4\u00df der kosmetischen Norm ISO 16128<\/em><\/p>\n","protected":false},"excerpt":{"rendered":"<p>Zubeh\u00f6r<\/p>\n","protected":false},"featured_media":63543,"comment_status":"open","ping_status":"closed","template":"","meta":{"_acf_changed":false,"inline_featured_image":false},"product_brand":[],"product_cat":[750,375],"product_tag":[494],"class_list":{"0":"post-63542","1":"product","2":"type-product","3":"status-publish","4":"has-post-thumbnail","6":"product_cat-neuheiten","7":"product_cat-zubehor","8":"product_tag-sda-de-koszt-x2","9":"sales-flash-overlay","10":"woocommerce-text-align-left","11":"woocommerce-image-align-center","12":"do-quantity-buttons","14":"first","15":"instock","16":"taxable","17":"shipping-taxable","18":"purchasable","19":"product-type-simple","20":"add-to-wishlist-before_image"},"acf":[],"gallery_images":[63567,63682],"_links":{"self":[{"href":"https:\/\/eafinia.com\/de\/wp-json\/wp\/v2\/product\/63542","targetHints":{"allow":["GET"]}}],"collection":[{"href":"https:\/\/eafinia.com\/de\/wp-json\/wp\/v2\/product"}],"about":[{"href":"https:\/\/eafinia.com\/de\/wp-json\/wp\/v2\/types\/product"}],"replies":[{"embeddable":true,"href":"https:\/\/eafinia.com\/de\/wp-json\/wp\/v2\/comments?post=63542"}],"wp:featuredmedia":[{"embeddable":true,"href":"https:\/\/eafinia.com\/de\/wp-json\/wp\/v2\/media\/63543"}],"wp:attachment":[{"href":"https:\/\/eafinia.com\/de\/wp-json\/wp\/v2\/media?parent=63542"}],"wp:term":[{"taxonomy":"product_brand","embeddable":true,"href":"https:\/\/eafinia.com\/de\/wp-json\/wp\/v2\/product_brand?post=63542"},{"taxonomy":"product_cat","embeddable":true,"href":"https:\/\/eafinia.com\/de\/wp-json\/wp\/v2\/product_cat?post=63542"},{"taxonomy":"product_tag","embeddable":true,"href":"https:\/\/eafinia.com\/de\/wp-json\/wp\/v2\/product_tag?post=63542"}],"curies":[{"name":"wp","href":"https:\/\/api.w.org\/{rel}","templated":true}]}}