{"id":62195,"date":"2024-08-30T12:13:40","date_gmt":"2024-08-30T10:13:40","guid":{"rendered":"https:\/\/eafinia.com\/?post_type=product&#038;p=62195"},"modified":"2026-04-01T09:57:22","modified_gmt":"2026-04-01T07:57:22","slug":"kosmetiktisch-afinia-basic-new-ndc-2000","status":"publish","type":"product","link":"https:\/\/eafinia.com\/de\/produkt\/kosmetiktisch-afinia-basic-new-ndc-2000\/","title":{"rendered":"Nageltisch Afinia Basic New"},"content":{"rendered":"<p><strong>Der Kosmetiktisch AFINIA BASIC NEW<\/strong> ist eine \u00fcberarbeitete Version unseres klassischen Modells, die ein einfaches und modernes Design mit noch mehr Funktionalit\u00e4t kombiniert. Er ist mit quadratischen Abstandshaltern ausgestattet, die dem Ganzen ein modernes Aussehen verleihen und gleichzeitig die Stabilit\u00e4t der Konstruktion erh\u00f6hen. Wie sein Vorg\u00e4nger bietet der Tisch gro\u00dfz\u00fcgigen Stauraum in Form von 5 Schubladen, die eine bequeme Organisation von Werkzeugen und Zubeh\u00f6r erm\u00f6glichen.<\/p>\n<p>*Der Verkauf erfolgt ohne Deko und Staubabsaugung<\/p>\n","protected":false},"excerpt":{"rendered":"<p>Kosmetiktisch, Nageltisch, Manik\u00fcrtisch<\/p>\n","protected":false},"featured_media":64244,"comment_status":"open","ping_status":"closed","template":"","meta":{"_acf_changed":false,"inline_featured_image":false},"product_brand":[],"product_cat":[376,750,379],"product_tag":[944,710,390,392,776,406,389],"class_list":{"0":"post-62195","1":"product","2":"type-product","3":"status-publish","4":"has-post-thumbnail","6":"product_cat-nageltisch","7":"product_cat-neuheiten","8":"product_cat-standard-de","9":"product_tag-anzahl-der-steckdosen-5","10":"product_tag-arbeitsplatte-aus-gesintertem-quarz","11":"product_tag-eingebaute-steckdosen","12":"product_tag-ergonomische-aussparung-in-der-tischplatte-fuer-bequemes-arbeiten-des-stylisten","13":"product_tag-stoly-de-dystanse-15e","14":"product_tag-tisch-montiert-und-einsatzbereit","15":"product_tag-ventilation-nach-aussen","16":"sales-flash-overlay","17":"woocommerce-text-align-left","18":"woocommerce-image-align-center","19":"do-quantity-buttons","21":"first","22":"instock","23":"taxable","24":"shipping-taxable","25":"purchasable","26":"product-type-variable","27":"add-to-wishlist-before_image"},"acf":[],"gallery_images":[64248,62279,64203,67129,64179,64252,62271,64183,64199,62227,62650,63638,64195,64191,64187,62275,62542],"_links":{"self":[{"href":"https:\/\/eafinia.com\/de\/wp-json\/wp\/v2\/product\/62195","targetHints":{"allow":["GET"]}}],"collection":[{"href":"https:\/\/eafinia.com\/de\/wp-json\/wp\/v2\/product"}],"about":[{"href":"https:\/\/eafinia.com\/de\/wp-json\/wp\/v2\/types\/product"}],"replies":[{"embeddable":true,"href":"https:\/\/eafinia.com\/de\/wp-json\/wp\/v2\/comments?post=62195"}],"wp:featuredmedia":[{"embeddable":true,"href":"https:\/\/eafinia.com\/de\/wp-json\/wp\/v2\/media\/64244"}],"wp:attachment":[{"href":"https:\/\/eafinia.com\/de\/wp-json\/wp\/v2\/media?parent=62195"}],"wp:term":[{"taxonomy":"product_brand","embeddable":true,"href":"https:\/\/eafinia.com\/de\/wp-json\/wp\/v2\/product_brand?post=62195"},{"taxonomy":"product_cat","embeddable":true,"href":"https:\/\/eafinia.com\/de\/wp-json\/wp\/v2\/product_cat?post=62195"},{"taxonomy":"product_tag","embeddable":true,"href":"https:\/\/eafinia.com\/de\/wp-json\/wp\/v2\/product_tag?post=62195"}],"curies":[{"name":"wp","href":"https:\/\/api.w.org\/{rel}","templated":true}]}}