{"id":61738,"date":"2024-07-19T11:27:53","date_gmt":"2024-07-19T09:27:53","guid":{"rendered":"https:\/\/eafinia.com\/?post_type=product&#038;p=61738"},"modified":"2026-01-14T11:27:23","modified_gmt":"2026-01-14T10:27:23","slug":"art-deco-gold-kosmetikschrank-afinia","status":"publish","type":"product","link":"https:\/\/eafinia.com\/de\/produkt\/art-deco-gold-kosmetikschrank-afinia\/","title":{"rendered":"Art Deco Gold + Kosmetikschrank Afinia"},"content":{"rendered":"<p><strong style=\"color: #7b9c78;\">Nageltisch Afinia Art Deco W + Staubsauger NDC 2000<\/strong><\/p>\n<p>Der Art-Deco-Stil stammt aus den 1920er Jahren und zeichnet sich durch eine elegante und geometrische Form und die Verwendung von handgefertigten Materialien aus. Nicht anders ist es bei unserem Tisch, wo wir auf die \u00c4sthetik dieses einzigartigen Trends im Designbereich verweisen wollten. Der Afinia Art Deco Tisch ist neben seinem au\u00dfergew\u00f6hnlichen Design auch sehr praktisch und einfach zu montieren.<\/p>\n<hr \/>\n<p><strong style=\"color: #7b9c78;\">Kosmetikschrank Afinia<\/strong><\/p>\n<p>Entdecken Sie eine einzigartige M\u00f6glichkeit, Ihre Kosmetiksammlung ordentlich zu halten, mit unserem eleganten und funktionalen Kosmetikschrank. Perfekt entworfen, um den Anforderungen selbst der anspruchsvollsten Benutzer gerecht zu werden, wird dieser Kosmetikschrank zu einem unverzichtbaren Bestandteil Ihrer t\u00e4glichen Pflegeroutine.<\/p>\n<hr \/>\n<p><strong style=\"color: #7b9c78;\"><strong>Spray zur Reinigung und Pflege von Kosmetikm\u00f6beln<\/strong><\/strong><\/p>\n<p>Ein professionelles Produkt zur Reinigung und Pflege von Nageltischen und Kosmetikm\u00f6beln. Es reinigt und pflegt Ihre Kosmetikm\u00f6bel umfassend. Geeignet f\u00fcr die Reinigung von K\u00fcchen- und Badm\u00f6beln. Dank seiner einzigartigen Formel entfernt es leicht Fingerabdr\u00fccke und Staub und sch\u00fctzt die Oberfl\u00e4che vor erneuter Ablagerung. Anwendung: Aus einem Abstand von 10 cm direkt auf die zu reinigende Oberfl\u00e4che spr\u00fchen. Gleichm\u00e4\u00dfig mit einem Tuch verteilen und trocken wischen. Kein Polieren erforderlich. Sicher f\u00fcr alle lackierten Oberfl\u00e4chen, unabh\u00e4ngig von der Farbe.<\/p>\n","protected":false},"excerpt":{"rendered":"<p>Kosmetiktisch, Nageltisch, Manik\u00fcretisch, Sets<\/p>\n","protected":false},"featured_media":61710,"comment_status":"open","ping_status":"closed","template":"","meta":{"_acf_changed":false,"inline_featured_image":false},"product_brand":[],"product_cat":[747,522],"product_tag":[392,399],"class_list":{"0":"post-61738","1":"product","2":"type-product","3":"status-publish","4":"has-post-thumbnail","6":"product_cat-aktionen","7":"product_cat-saetze","8":"product_tag-ergonomische-aussparung-in-der-tischplatte-fuer-bequemes-arbeiten-des-stylisten","9":"product_tag-tisch-zur-einfachen-selbstmontage","10":"sales-flash-overlay","11":"woocommerce-text-align-left","12":"woocommerce-image-align-center","13":"do-quantity-buttons","15":"first","16":"instock","17":"sale","18":"taxable","19":"shipping-taxable","20":"purchasable","21":"product-type-woosb","22":"add-to-wishlist-before_image"},"acf":[],"gallery_images":[57574,60822,60894,63543],"_links":{"self":[{"href":"https:\/\/eafinia.com\/de\/wp-json\/wp\/v2\/product\/61738","targetHints":{"allow":["GET"]}}],"collection":[{"href":"https:\/\/eafinia.com\/de\/wp-json\/wp\/v2\/product"}],"about":[{"href":"https:\/\/eafinia.com\/de\/wp-json\/wp\/v2\/types\/product"}],"replies":[{"embeddable":true,"href":"https:\/\/eafinia.com\/de\/wp-json\/wp\/v2\/comments?post=61738"}],"wp:featuredmedia":[{"embeddable":true,"href":"https:\/\/eafinia.com\/de\/wp-json\/wp\/v2\/media\/61710"}],"wp:attachment":[{"href":"https:\/\/eafinia.com\/de\/wp-json\/wp\/v2\/media?parent=61738"}],"wp:term":[{"taxonomy":"product_brand","embeddable":true,"href":"https:\/\/eafinia.com\/de\/wp-json\/wp\/v2\/product_brand?post=61738"},{"taxonomy":"product_cat","embeddable":true,"href":"https:\/\/eafinia.com\/de\/wp-json\/wp\/v2\/product_cat?post=61738"},{"taxonomy":"product_tag","embeddable":true,"href":"https:\/\/eafinia.com\/de\/wp-json\/wp\/v2\/product_tag?post=61738"}],"curies":[{"name":"wp","href":"https:\/\/api.w.org\/{rel}","templated":true}]}}