{"id":61095,"date":"2024-07-08T14:39:41","date_gmt":"2024-07-08T12:39:41","guid":{"rendered":"https:\/\/eafinia.com\/?post_type=product&#038;p=61095"},"modified":"2026-01-14T11:27:23","modified_gmt":"2026-01-14T10:27:23","slug":"mobiles-set-afinia-go-wood-ndc-mobile","status":"publish","type":"product","link":"https:\/\/eafinia.com\/de\/produkt\/mobiles-set-afinia-go-wood-ndc-mobile\/","title":{"rendered":"Mobiles Set: AFINIA GO Wood + NDC MOBILE+"},"content":{"rendered":"<p><strong style=\"color: #7b9c78;\"><strong>Der Afinia Go Kosmetiktisch + dedizierte Transporttasche \u2013 H\u00f6chster Komfort f\u00fcr die Arbeit, egal wo Sie sind!<\/strong><\/strong><\/p>\n<p>Dieser faltbare und tragbare Tisch ist perfekt f\u00fcr die Arbeit eines Stylisten, der zum Kunden reist. Egal, ob Sie einen Sch\u00f6nheitssalon betreiben oder ein unabh\u00e4ngiger Stylist sind, jetzt k\u00f6nnen Sie Ihre F\u00e4higkeiten \u00fcberallhin mitnehmen, wo Ihre Dienste ben\u00f6tigt werden.<\/p>\n<p>*Auf der Arbeitsplatte befinden sich 2 wei\u00dfe Kabelanschl\u00fcsse.<\/p>\n<hr \/>\n<p><strong style=\"color: #7b9c78;\"><strong>Staubabsaugung Afinia NDC Mobile<\/strong><br \/>\n<\/strong><\/p>\n<p>Die tragbare, leichte und kleine Staubabsaugung wurde auf Wunsch vieler Nagelstylisten entwickelt. Die Effizienz des Ger\u00e4tes ist vergleichbar mit seiner festverbauten Version. Auch hier haben wir austauschbare Filter verwendet, die den Feinstaub einschlie\u00dfen und f\u00fcr Ihre Hygiene gesorgt wird. Wenn Sie die Staubabsaugung an mehreren Arbeitspl\u00e4tzen nutzen m\u00f6chten ist dieses Modell die perfekte L\u00f6sung f\u00fcr Sie.<\/p>\n<hr \/>\n<p><strong style=\"color: #7b9c78;\"><strong>Afinia Cover \u2013 Silikonh\u00fclle f\u00fcr NDC Mobile<\/strong><br \/>\n<\/strong><\/p>\n<p>Afinia Cover ist eine innovative Silikonh\u00fclle, die entwickelt wurde, um Ordnung und Sauberkeit im Kosmetiksalon zu gew\u00e4hrleisten. Dank der einfachen Montage und des \u00e4sthetischen Designs sch\u00fctzt die H\u00fclle perfekt die Oberfl\u00e4che des Nageltisches und des Staubabsaugers, wodurch deren Haltbarkeit und Hygiene erh\u00f6ht werden. Eine H\u00fclle reicht f\u00fcr etwa 2 Monate Nutzung und bietet langanhaltenden Schutz und einfache Reinigung.<\/p>\n<p><strong>Gr\u00f6\u00dfe der Silikonh\u00fcllen f\u00fcr den NDC Mobile Staubabsauger: 470*290 mm<\/strong><\/p>\n","protected":false},"excerpt":{"rendered":"<p>Kosmetiktisch, Schminktisch, Manik\u00fcretisch<\/p>\n","protected":false},"featured_media":57050,"comment_status":"open","ping_status":"closed","template":"","meta":{"_acf_changed":false,"inline_featured_image":false},"product_brand":[],"product_cat":[747,522],"product_tag":[510,404,396,445],"class_list":{"0":"post-61095","1":"product","2":"type-product","3":"status-publish","4":"has-post-thumbnail","6":"product_cat-aktionen","7":"product_cat-saetze","8":"product_tag-afinia-go-de","9":"product_tag-ein-tisch-mit-einem-arbeitsplatz","10":"product_tag-gerade-tischplatte","11":"product_tag-neuigkeiten-und-empfehlungen-de","12":"product_shipping_class-courier-stoly-kosmetyczne-zagranica-de","13":"sales-flash-overlay","14":"woocommerce-text-align-left","15":"woocommerce-image-align-center","16":"do-quantity-buttons","18":"first","19":"instock","20":"sale","21":"taxable","22":"shipping-taxable","23":"purchasable","24":"product-type-woosb","25":"add-to-wishlist-before_image"},"acf":[],"gallery_images":[57055,57045,56779,56771,56745,56740,58306,58311,63543],"_links":{"self":[{"href":"https:\/\/eafinia.com\/de\/wp-json\/wp\/v2\/product\/61095","targetHints":{"allow":["GET"]}}],"collection":[{"href":"https:\/\/eafinia.com\/de\/wp-json\/wp\/v2\/product"}],"about":[{"href":"https:\/\/eafinia.com\/de\/wp-json\/wp\/v2\/types\/product"}],"replies":[{"embeddable":true,"href":"https:\/\/eafinia.com\/de\/wp-json\/wp\/v2\/comments?post=61095"}],"wp:featuredmedia":[{"embeddable":true,"href":"https:\/\/eafinia.com\/de\/wp-json\/wp\/v2\/media\/57050"}],"wp:attachment":[{"href":"https:\/\/eafinia.com\/de\/wp-json\/wp\/v2\/media?parent=61095"}],"wp:term":[{"taxonomy":"product_brand","embeddable":true,"href":"https:\/\/eafinia.com\/de\/wp-json\/wp\/v2\/product_brand?post=61095"},{"taxonomy":"product_cat","embeddable":true,"href":"https:\/\/eafinia.com\/de\/wp-json\/wp\/v2\/product_cat?post=61095"},{"taxonomy":"product_tag","embeddable":true,"href":"https:\/\/eafinia.com\/de\/wp-json\/wp\/v2\/product_tag?post=61095"}],"curies":[{"name":"wp","href":"https:\/\/api.w.org\/{rel}","templated":true}]}}