{"id":60939,"date":"2024-07-05T13:07:27","date_gmt":"2024-07-05T11:07:27","guid":{"rendered":"https:\/\/eafinia.com\/?post_type=product&#038;p=60939"},"modified":"2026-01-14T11:27:14","modified_gmt":"2026-01-14T10:27:14","slug":"art-deco-black-w-set-kopia","status":"publish","type":"product","link":"https:\/\/eafinia.com\/de\/produkt\/art-deco-black-w-set-kopia\/","title":{"rendered":"Art Deco Gold W Set"},"content":{"rendered":"<p><strong style=\"color: #7b9c78;\">Nageltisch Afinia Art Deco + Staubsauger NDC 2000<\/strong><\/p>\n<p>Der Art-Deco-Stil stammt aus den 1920er Jahren und zeichnet sich durch eine elegante und geometrische Form und die Verwendung von handgefertigten Materialien aus. Nicht anders ist es bei unserem Tisch, wo wir auf die \u00c4sthetik dieses einzigartigen Trends im Designbereich verweisen wollten. Der Afinia Art Deco Tisch ist neben seinem au\u00dfergew\u00f6hnlichen Design auch sehr praktisch und einfach zu montieren.<\/p>\n<hr \/>\n<p><strong style=\"color: #7b9c78;\">Handablage Afinia Comfort<\/strong><\/p>\n<p>Eine stilvolle und funktionale St\u00fctze, die f\u00fcr den Komfort von Stylistin und Kunde entwickelt wurde. Durch das ergonomische Design bietet sie eine bequeme Handauflage und erleichtert die Nagelgestaltung. Hergestellt aus langlebigen Materialien, ist sie best\u00e4ndig gegen Aceton, hohe Temperaturen und Schmutz, was eine lange Nutzungsdauer und einfache Reinigung gew\u00e4hrleistet. Erh\u00e4ltlich in eleganten Farben: Wei\u00df und Rosa.<\/p>\n<hr \/>\n<p><strong style=\"color: #7b9c78;\">Kosmetiklampe Afinia Wave<\/strong><\/p>\n<p>Erleuchten Sie Ihr Sch\u00f6nheitsstudio f\u00fcr den Sommer und genie\u00dfen Sie au\u00dfergew\u00f6hnlichen Komfort mit der Afinia Wave Lampe. Diese Lampe bietet nicht nur sanftes und augenfreundliches Licht, sondern erm\u00f6glicht Ihnen auch die volle Kontrolle \u00fcber die Beleuchtung. Mit einstellbarer Helligkeit und Farbtemperatur k\u00f6nnen Sie die Beleuchtung ganz nach Ihren Vorlieben anpassen. Ihr einzigartiges Design passt perfekt in moderne R\u00e4ume und die schattenfreie 180-Grad-Beleuchtung sowie hochwertige LED-Lampen sorgen daf\u00fcr, dass kein Detail Ihrer Aufmerksamkeit entgeht. Dar\u00fcber hinaus eignet sich die Afinia Wave Lampe perfekt zum Fotografieren Ihrer eigenen Projekte und betont dabei jedes Detail. Das Paket enth\u00e4lt auch eine Fernbedienung f\u00fcr bequeme Einstellungen der Beleuchtung.<\/p>\n<hr \/>\n<p><strong style=\"color: #7b9c78;\">Afinia Cover \u2013 Silikonh\u00fclle f\u00fcr den Nageltisch<\/strong><\/p>\n<p>Der Preis gilt f\u00fcr 1 Packung mit 5 St\u00fcck.<\/p>\n<p>Afinia Cover ist eine innovative Silikonh\u00fclle, die entwickelt wurde, um Ordnung und Sauberkeit im Kosmetiksalon zu gew\u00e4hrleisten. Dank der einfachen Montage und des \u00e4sthetischen Designs sch\u00fctzt die H\u00fclle perfekt die Oberfl\u00e4che des Nageltisches und des Staubabsaugers, wodurch deren Haltbarkeit und Hygiene erh\u00f6ht werden. Eine H\u00fclle reicht f\u00fcr etwa 2 Monate Nutzung und bietet langanhaltenden Schutz und einfache Reinigung.<\/p>\n<p>Gr\u00f6\u00dfe der Silikonh\u00fcllen f\u00fcr die Tischplatte: 600*280 mm<\/p>\n<hr \/>\n<p><strong style=\"color: #7b9c78;\">Afinia Handmassage Candle<br \/>\n<\/strong><\/p>\n<p>Kerze zur Handmassage nach einer Manik\u00fcre mit entspannenden D\u00fcften angereicherte Duftkerze, die sich beim Erhitzen in ein beruhigendes \u00d6l f\u00fcr die Handmassage nach der Nagelpflege verwandelt. Erzeugt den Seidenhandschuh-Effekt.<\/p>\n<hr \/>\n<p><strong style=\"color: #7b9c78;\"><strong>Spray zur Reinigung und Pflege von Kosmetikm\u00f6beln<\/strong><\/strong><\/p>\n<p>Ein professionelles Produkt zur Reinigung und Pflege von Nageltischen und Kosmetikm\u00f6beln. Es reinigt und pflegt Ihre Kosmetikm\u00f6bel umfassend. Geeignet f\u00fcr die Reinigung von K\u00fcchen- und Badm\u00f6beln. Dank seiner einzigartigen Formel entfernt es leicht Fingerabdr\u00fccke und Staub und sch\u00fctzt die Oberfl\u00e4che vor erneuter Ablagerung. Anwendung: Aus einem Abstand von 10 cm direkt auf die zu reinigende Oberfl\u00e4che spr\u00fchen. Gleichm\u00e4\u00dfig mit einem Tuch verteilen und trocken wischen. Kein Polieren erforderlich. Sicher f\u00fcr alle lackierten Oberfl\u00e4chen, unabh\u00e4ngig von der Farbe.<\/p>\n","protected":false},"excerpt":{"rendered":"<p>Kosmetiktisch, Nageltisch, Manik\u00fcretisch, Sets<\/p>\n","protected":false},"featured_media":66302,"comment_status":"open","ping_status":"closed","template":"","meta":{"_acf_changed":false,"inline_featured_image":false},"product_brand":[],"product_cat":[747,522],"product_tag":[392,696,399],"class_list":{"0":"post-60939","1":"product","2":"type-product","3":"status-publish","4":"has-post-thumbnail","6":"product_cat-aktionen","7":"product_cat-saetze","8":"product_tag-ergonomische-aussparung-in-der-tischplatte-fuer-bequemes-arbeiten-des-stylisten","9":"product_tag-loft-i-art-deco-de","10":"product_tag-tisch-zur-einfachen-selbstmontage","11":"sales-flash-overlay","12":"woocommerce-text-align-left","13":"woocommerce-image-align-center","14":"do-quantity-buttons","16":"first","17":"instock","18":"sale","19":"taxable","20":"shipping-taxable","21":"purchasable","22":"product-type-woosb","23":"add-to-wishlist-before_image"},"acf":[],"gallery_images":[57574,60822,60325,65837,64873,64861,63543],"_links":{"self":[{"href":"https:\/\/eafinia.com\/de\/wp-json\/wp\/v2\/product\/60939","targetHints":{"allow":["GET"]}}],"collection":[{"href":"https:\/\/eafinia.com\/de\/wp-json\/wp\/v2\/product"}],"about":[{"href":"https:\/\/eafinia.com\/de\/wp-json\/wp\/v2\/types\/product"}],"replies":[{"embeddable":true,"href":"https:\/\/eafinia.com\/de\/wp-json\/wp\/v2\/comments?post=60939"}],"wp:featuredmedia":[{"embeddable":true,"href":"https:\/\/eafinia.com\/de\/wp-json\/wp\/v2\/media\/66302"}],"wp:attachment":[{"href":"https:\/\/eafinia.com\/de\/wp-json\/wp\/v2\/media?parent=60939"}],"wp:term":[{"taxonomy":"product_brand","embeddable":true,"href":"https:\/\/eafinia.com\/de\/wp-json\/wp\/v2\/product_brand?post=60939"},{"taxonomy":"product_cat","embeddable":true,"href":"https:\/\/eafinia.com\/de\/wp-json\/wp\/v2\/product_cat?post=60939"},{"taxonomy":"product_tag","embeddable":true,"href":"https:\/\/eafinia.com\/de\/wp-json\/wp\/v2\/product_tag?post=60939"}],"curies":[{"name":"wp","href":"https:\/\/api.w.org\/{rel}","templated":true}]}}