{"id":60934,"date":"2024-07-05T12:50:31","date_gmt":"2024-07-05T10:50:31","guid":{"rendered":"https:\/\/eafinia.com\/?post_type=product&#038;p=60934"},"modified":"2026-01-14T11:27:14","modified_gmt":"2026-01-14T10:27:14","slug":"art-deco-black-x-set-kopia","status":"publish","type":"product","link":"https:\/\/eafinia.com\/de\/produkt\/art-deco-black-x-set-kopia\/","title":{"rendered":"Art Deco Black W Set"},"content":{"rendered":"<p><strong style=\"color: #7b9c78;\">Nageltisch Afinia Art Deco Black + Staubsauger NDC 2000<\/strong><\/p>\n<p>Der Art-Deco-Stil stammt aus den 1920er Jahren und zeichnet sich durch eine elegante und geometrische Form und die Verwendung von handgefertigten Materialien aus. Nicht anders ist es bei unserem Tisch, wo wir auf die \u00c4sthetik dieses einzigartigen Trends im Designbereich verweisen wollten. Der Afinia Art Deco Tisch ist neben seinem au\u00dfergew\u00f6hnlichen Design auch sehr praktisch und einfach zu montieren.<\/p>\n<hr \/>\n<p><strong style=\"color: #7b9c78;\">Handablage Afinia Luna<\/strong><\/p>\n<p>Stilvolle und funktionale Handauflage, die f\u00fcr den Komfort der Stylistin und der Kundin entwickelt wurde. Dank ihrer ergonomischen Konstruktion bietet sie eine bequeme Handst\u00fctze und erleichtert die Nagelmodellage. Hergestellt aus langlebigen Materialien, die best\u00e4ndig gegen Aceton, hohe Temperaturen und Verschmutzungen sind \u2013 f\u00fcr eine lange Lebensdauer und einfache Reinigung. Erh\u00e4ltlich in eleganten Farben: Wei\u00df und Schwarz.<\/p>\n<hr \/>\n<p><strong style=\"color: #7b9c78;\">Kosmetiklampe Afinia Wave<\/strong><\/p>\n<p>Erleuchten Sie Ihr Sch\u00f6nheitsstudio f\u00fcr den Sommer und genie\u00dfen Sie au\u00dfergew\u00f6hnlichen Komfort mit der Afinia Wave Lampe. Diese Lampe bietet nicht nur sanftes und augenfreundliches Licht, sondern erm\u00f6glicht Ihnen auch die volle Kontrolle \u00fcber die Beleuchtung. Mit einstellbarer Helligkeit und Farbtemperatur k\u00f6nnen Sie die Beleuchtung ganz nach Ihren Vorlieben anpassen. Ihr einzigartiges Design passt perfekt in moderne R\u00e4ume und die schattenfreie 180-Grad-Beleuchtung sowie hochwertige LED-Lampen sorgen daf\u00fcr, dass kein Detail Ihrer Aufmerksamkeit entgeht. Dar\u00fcber hinaus eignet sich die Afinia Wave Lampe perfekt zum Fotografieren Ihrer eigenen Projekte und betont dabei jedes Detail. Das Paket enth\u00e4lt auch eine Fernbedienung f\u00fcr bequeme Einstellungen der Beleuchtung.<\/p>\n<hr \/>\n<p><strong style=\"color: #7b9c78;\"><span style=\"vertical-align: inherit;\">Afinia Pad \u2013 Einweg-Nageltischauflage<\/span><br \/>\n<\/strong><\/p>\n<p>Die Einweg-Nageltischauflagen, Afinia Pad, vorgerichtet f\u00fcr den Ausschnitt der Staubabsaugung, zeichnet sich durch eine au\u00dfergew\u00f6hnliche Saugf\u00e4higkeit aus. Diese werden f\u00fcr feuchte Aufgaben empfohlen und bieten einen Oberfl\u00e4chenschutz vor Feuchtigkeit. Sie absorbieren hervorragend \u00d6le und Fette. Hergestellt aus Airlaid-Zellulose und beschichtet mit einer Folieschicht bilden sie eine ideale Kombination, um die Oberfl\u00e4che vor Schmutz zu sch\u00fctzen.<\/p>\n<p>Gr\u00f6\u00dfe: 60 x 28 cm<\/p>\n<p>Jede Verpackung enth\u00e4lt 50 St\u00fcck.<\/p>\n<hr \/>\n<p><strong style=\"color: #7b9c78;\">Afinia Handmassage Candle<br \/>\n<\/strong><\/p>\n<p>Kerze zur Handmassage nach einer Manik\u00fcre mit entspannenden D\u00fcften angereicherte Duftkerze, die sich beim Erhitzen in ein beruhigendes \u00d6l f\u00fcr die Handmassage nach der Nagelpflege verwandelt. Erzeugt den Seidenhandschuh-Effekt.<\/p>\n<hr \/>\n<p><strong style=\"color: #7b9c78;\"><strong>Spray zur Reinigung und Pflege von Kosmetikm\u00f6beln<\/strong><\/strong><\/p>\n<p>Ein professionelles Produkt zur Reinigung und Pflege von Nageltischen und Kosmetikm\u00f6beln. Es reinigt und pflegt Ihre Kosmetikm\u00f6bel umfassend. Geeignet f\u00fcr die Reinigung von K\u00fcchen- und Badm\u00f6beln. Dank seiner einzigartigen Formel entfernt es leicht Fingerabdr\u00fccke und Staub und sch\u00fctzt die Oberfl\u00e4che vor erneuter Ablagerung. Anwendung: Aus einem Abstand von 10 cm direkt auf die zu reinigende Oberfl\u00e4che spr\u00fchen. Gleichm\u00e4\u00dfig mit einem Tuch verteilen und trocken wischen. Kein Polieren erforderlich. Sicher f\u00fcr alle lackierten Oberfl\u00e4chen, unabh\u00e4ngig von der Farbe.<\/p>\n","protected":false},"excerpt":{"rendered":"<p>Kosmetiktisch, Nageltisch, Manik\u00fcretisch, Sets<\/p>\n","protected":false},"featured_media":66306,"comment_status":"open","ping_status":"closed","template":"","meta":{"_acf_changed":false,"inline_featured_image":false},"product_brand":[],"product_cat":[747],"product_tag":[392,399],"class_list":{"0":"post-60934","1":"product","2":"type-product","3":"status-publish","4":"has-post-thumbnail","6":"product_cat-aktionen","7":"product_tag-ergonomische-aussparung-in-der-tischplatte-fuer-bequemes-arbeiten-des-stylisten","8":"product_tag-tisch-zur-einfachen-selbstmontage","9":"sales-flash-overlay","10":"woocommerce-text-align-left","11":"woocommerce-image-align-center","12":"do-quantity-buttons","14":"first","15":"outofstock","16":"sale","17":"taxable","18":"shipping-taxable","19":"purchasable","20":"product-type-woosb","21":"add-to-wishlist-before_image"},"acf":[],"gallery_images":[60822,64926,66718,64930,64914,63543],"_links":{"self":[{"href":"https:\/\/eafinia.com\/de\/wp-json\/wp\/v2\/product\/60934","targetHints":{"allow":["GET"]}}],"collection":[{"href":"https:\/\/eafinia.com\/de\/wp-json\/wp\/v2\/product"}],"about":[{"href":"https:\/\/eafinia.com\/de\/wp-json\/wp\/v2\/types\/product"}],"replies":[{"embeddable":true,"href":"https:\/\/eafinia.com\/de\/wp-json\/wp\/v2\/comments?post=60934"}],"wp:featuredmedia":[{"embeddable":true,"href":"https:\/\/eafinia.com\/de\/wp-json\/wp\/v2\/media\/66306"}],"wp:attachment":[{"href":"https:\/\/eafinia.com\/de\/wp-json\/wp\/v2\/media?parent=60934"}],"wp:term":[{"taxonomy":"product_brand","embeddable":true,"href":"https:\/\/eafinia.com\/de\/wp-json\/wp\/v2\/product_brand?post=60934"},{"taxonomy":"product_cat","embeddable":true,"href":"https:\/\/eafinia.com\/de\/wp-json\/wp\/v2\/product_cat?post=60934"},{"taxonomy":"product_tag","embeddable":true,"href":"https:\/\/eafinia.com\/de\/wp-json\/wp\/v2\/product_tag?post=60934"}],"curies":[{"name":"wp","href":"https:\/\/api.w.org\/{rel}","templated":true}]}}