{"id":60927,"date":"2024-07-05T11:00:12","date_gmt":"2024-07-05T09:00:12","guid":{"rendered":"https:\/\/eafinia.com\/?post_type=product&#038;p=60927"},"modified":"2026-01-14T11:27:06","modified_gmt":"2026-01-14T10:27:06","slug":"art-deco-black-x-set","status":"publish","type":"product","link":"https:\/\/eafinia.com\/de\/produkt\/art-deco-black-x-set\/","title":{"rendered":"Art Deco Black X Set"},"content":{"rendered":"<p><strong style=\"color: #7b9c78;\">Kosmetiktisch Afinia Art Deco X Black + NDC 2000 Staubabsaugung<\/strong><\/p>\n<p>Der Art-Deco-Stil stammt aus den 1920er Jahren und zeichnet sich durch eine elegante und geometrische Form und die Verwendung von handgefertigten Materialien aus. Nicht anders ist es bei unserem Tisch, wo wir auf die \u00c4sthetik dieses einzigartigen Trends im Designbereich verweisen wollten. Der Afinia Art Deco Tisch ist neben seinem au\u00dfergew\u00f6hnlichen Design auch sehr praktisch und einfach zu montieren.<\/p>\n<hr \/>\n<p><strong style=\"color: #7b9c78;\">Handablage Afinia Luna<br \/>\n<\/strong><\/p>\n<p>Stilvolle und funktionale Handauflage, die f\u00fcr den Komfort der Stylistin und der Kundin entwickelt wurde. Dank ihrer ergonomischen Konstruktion bietet sie eine bequeme Handst\u00fctze und erleichtert die Nagelmodellage. Hergestellt aus langlebigen Materialien, die best\u00e4ndig gegen Aceton, hohe Temperaturen und Verschmutzungen sind \u2013 f\u00fcr eine lange Lebensdauer und einfache Reinigung. Erh\u00e4ltlich in eleganten Farben: Wei\u00df und Schwarz.<\/p>\n<hr \/>\n<p><strong style=\"color: #7b9c78;\">Kosmetiklampe Afinia Wave<\/strong><\/p>\n<p>Erleuchten Sie Ihr Sch\u00f6nheitsstudio f\u00fcr den Sommer und genie\u00dfen Sie au\u00dfergew\u00f6hnlichen Komfort mit der Afinia Wave Lampe. Diese Lampe bietet nicht nur sanftes und augenfreundliches Licht, sondern erm\u00f6glicht Ihnen auch die volle Kontrolle \u00fcber die Beleuchtung. Mit einstellbarer Helligkeit und Farbtemperatur k\u00f6nnen Sie die Beleuchtung ganz nach Ihren Vorlieben anpassen. Ihr einzigartiges Design passt perfekt in moderne R\u00e4ume und die schattenfreie 180-Grad-Beleuchtung sowie hochwertige LED-Lampen sorgen daf\u00fcr, dass kein Detail Ihrer Aufmerksamkeit entgeht. Dar\u00fcber hinaus eignet sich die Afinia Wave Lampe perfekt zum Fotografieren Ihrer eigenen Projekte und betont dabei jedes Detail. Das Paket enth\u00e4lt auch eine Fernbedienung f\u00fcr bequeme Einstellungen der Beleuchtung.<\/p>\n<hr \/>\n<p><strong style=\"color: #7b9c78;\">Afinia Cover \u2013 Silikonh\u00fclle f\u00fcr den Nageltisch<\/strong><\/p>\n<p>Der Preis gilt f\u00fcr 1 Packung mit 5 St\u00fcck.<\/p>\n<p>Afinia Cover ist eine innovative Silikonh\u00fclle, die entwickelt wurde, um Ordnung und Sauberkeit im Kosmetiksalon zu gew\u00e4hrleisten. Dank der einfachen Montage und des \u00e4sthetischen Designs sch\u00fctzt die H\u00fclle perfekt die Oberfl\u00e4che des Nageltisches und des Staubabsaugers, wodurch deren Haltbarkeit und Hygiene erh\u00f6ht werden. Eine H\u00fclle reicht f\u00fcr etwa 2 Monate Nutzung und bietet langanhaltenden Schutz und einfache Reinigung.<\/p>\n<p>Gr\u00f6\u00dfe der Silikonh\u00fcllen f\u00fcr die Tischplatte: 600*280 mm<\/p>\n<hr \/>\n<p><strong style=\"color: #7b9c78;\">Afinia Handmassage Candle<br \/>\n<\/strong><\/p>\n<p>Kerze zur Handmassage nach einer Manik\u00fcre mit entspannenden D\u00fcften angereicherte Duftkerze, die sich beim Erhitzen in ein beruhigendes \u00d6l f\u00fcr die Handmassage nach der Nagelpflege verwandelt. Erzeugt den Seidenhandschuh-Effekt.<\/p>\n<hr \/>\n<p><strong style=\"color: #7b9c78;\"><strong>Spray zur Reinigung und Pflege von Kosmetikm\u00f6beln<\/strong><\/strong><\/p>\n<p>Ein professionelles Produkt zur Reinigung und Pflege von Nageltischen und Kosmetikm\u00f6beln. Es reinigt und pflegt Ihre Kosmetikm\u00f6bel umfassend. Geeignet f\u00fcr die Reinigung von K\u00fcchen- und Badm\u00f6beln. Dank seiner einzigartigen Formel entfernt es leicht Fingerabdr\u00fccke und Staub und sch\u00fctzt die Oberfl\u00e4che vor erneuter Ablagerung. Anwendung: Aus einem Abstand von 10 cm direkt auf die zu reinigende Oberfl\u00e4che spr\u00fchen. Gleichm\u00e4\u00dfig mit einem Tuch verteilen und trocken wischen. Kein Polieren erforderlich. Sicher f\u00fcr alle lackierten Oberfl\u00e4chen, unabh\u00e4ngig von der Farbe.<\/p>\n","protected":false},"excerpt":{"rendered":"<p>Kosmetiktisch, Nageltisch, Manik\u00fcretisch<\/p>\n","protected":false},"featured_media":66298,"comment_status":"open","ping_status":"closed","template":"","meta":{"_acf_changed":false,"inline_featured_image":false},"product_brand":[],"product_cat":[747,522],"product_tag":[392,399],"class_list":{"0":"post-60927","1":"product","2":"type-product","3":"status-publish","4":"has-post-thumbnail","6":"product_cat-aktionen","7":"product_cat-saetze","8":"product_tag-ergonomische-aussparung-in-der-tischplatte-fuer-bequemes-arbeiten-des-stylisten","9":"product_tag-tisch-zur-einfachen-selbstmontage","10":"sales-flash-overlay","11":"woocommerce-text-align-left","12":"woocommerce-image-align-center","13":"do-quantity-buttons","15":"first","16":"instock","17":"sale","18":"taxable","19":"shipping-taxable","20":"purchasable","21":"product-type-woosb","22":"add-to-wishlist-before_image"},"acf":[],"gallery_images":[60822,64902,60325,66718,64890,63543],"_links":{"self":[{"href":"https:\/\/eafinia.com\/de\/wp-json\/wp\/v2\/product\/60927","targetHints":{"allow":["GET"]}}],"collection":[{"href":"https:\/\/eafinia.com\/de\/wp-json\/wp\/v2\/product"}],"about":[{"href":"https:\/\/eafinia.com\/de\/wp-json\/wp\/v2\/types\/product"}],"replies":[{"embeddable":true,"href":"https:\/\/eafinia.com\/de\/wp-json\/wp\/v2\/comments?post=60927"}],"wp:featuredmedia":[{"embeddable":true,"href":"https:\/\/eafinia.com\/de\/wp-json\/wp\/v2\/media\/66298"}],"wp:attachment":[{"href":"https:\/\/eafinia.com\/de\/wp-json\/wp\/v2\/media?parent=60927"}],"wp:term":[{"taxonomy":"product_brand","embeddable":true,"href":"https:\/\/eafinia.com\/de\/wp-json\/wp\/v2\/product_brand?post=60927"},{"taxonomy":"product_cat","embeddable":true,"href":"https:\/\/eafinia.com\/de\/wp-json\/wp\/v2\/product_cat?post=60927"},{"taxonomy":"product_tag","embeddable":true,"href":"https:\/\/eafinia.com\/de\/wp-json\/wp\/v2\/product_tag?post=60927"}],"curies":[{"name":"wp","href":"https:\/\/api.w.org\/{rel}","templated":true}]}}