{"id":60033,"date":"2024-06-07T12:42:15","date_gmt":"2024-06-07T10:42:15","guid":{"rendered":"https:\/\/eafinia.com\/?post_type=product&#038;p=60033"},"modified":"2026-04-01T09:57:14","modified_gmt":"2026-04-01T07:57:14","slug":"nageltisch-afinia-basic-sinterquarz","status":"publish","type":"product","link":"https:\/\/eafinia.com\/de\/produkt\/nageltisch-afinia-basic-sinterquarz\/","title":{"rendered":"Nageltisch Afinia Basic &#8211; Sinterquarz"},"content":{"rendered":"<p><strong>Der Kosmetiktisch Afinia Basic aus Sinterquarz<\/strong> ist eine funktionale und \u00e4sthetische L\u00f6sung f\u00fcr kosmetische R\u00e4ume. Das einfache und universelle Design ist mit reichlich Stauraum in Form von 5 Schubladen ausgestattet. Die Arbeitsplatte aus Sinterquarz garantiert unvergleichliche Haltbarkeit und St\u00e4rke, die die Eigenschaften von Granit weit \u00fcbertreffen. Sinterquarz zeichnet sich durch eine hohe Best\u00e4ndigkeit gegen mechanische Besch\u00e4digungen aus, was ihn extrem schwer dauerhaft zu besch\u00e4digen macht. Dies macht den Afinia Basic Kosmetiktisch nicht nur sch\u00f6n, sondern auch zu einer zuverl\u00e4ssigen L\u00f6sung f\u00fcr jeden Sch\u00f6nheitssalon.<\/p>\n<p>&nbsp;<\/p>\n<p>*Der Verkauf erfolgt ohne Deko und Staubabsaugung<\/p>\n<p>&nbsp;<\/p>\n<p><strong>Ab dem 18.06.2025 \u00e4ndert sich die H\u00f6he des Tisches mit silbernen Elementen von 76 auf 78,5 cm.<\/strong><\/p>\n","protected":false},"excerpt":{"rendered":"<p>Kosmetiktisch, Nageltisch, Manik\u00fcrtisch<\/p>\n","protected":false},"featured_media":65626,"comment_status":"open","ping_status":"closed","template":"","meta":{"_acf_changed":false,"inline_featured_image":false},"product_brand":[],"product_cat":[376,750,379],"product_tag":[699,390,392,776,406,389],"class_list":{"0":"post-60033","1":"product","2":"type-product","3":"status-publish","4":"has-post-thumbnail","6":"product_cat-nageltisch","7":"product_cat-neuheiten","8":"product_cat-standard-de","9":"product_tag-anzahl-der-steckdosen-4","10":"product_tag-eingebaute-steckdosen","11":"product_tag-ergonomische-aussparung-in-der-tischplatte-fuer-bequemes-arbeiten-des-stylisten","12":"product_tag-stoly-de-dystanse-15e","13":"product_tag-tisch-montiert-und-einsatzbereit","14":"product_tag-ventilation-nach-aussen","15":"sales-flash-overlay","16":"woocommerce-text-align-left","17":"woocommerce-image-align-center","18":"do-quantity-buttons","20":"first","21":"outofstock","22":"taxable","23":"shipping-taxable","24":"purchasable","25":"product-type-variable","26":"add-to-wishlist-before_image"},"acf":[],"gallery_images":[65634,65650,65654,65662,65658,65630,65638,65642,65646,67137,67133],"_links":{"self":[{"href":"https:\/\/eafinia.com\/de\/wp-json\/wp\/v2\/product\/60033","targetHints":{"allow":["GET"]}}],"collection":[{"href":"https:\/\/eafinia.com\/de\/wp-json\/wp\/v2\/product"}],"about":[{"href":"https:\/\/eafinia.com\/de\/wp-json\/wp\/v2\/types\/product"}],"replies":[{"embeddable":true,"href":"https:\/\/eafinia.com\/de\/wp-json\/wp\/v2\/comments?post=60033"}],"wp:featuredmedia":[{"embeddable":true,"href":"https:\/\/eafinia.com\/de\/wp-json\/wp\/v2\/media\/65626"}],"wp:attachment":[{"href":"https:\/\/eafinia.com\/de\/wp-json\/wp\/v2\/media?parent=60033"}],"wp:term":[{"taxonomy":"product_brand","embeddable":true,"href":"https:\/\/eafinia.com\/de\/wp-json\/wp\/v2\/product_brand?post=60033"},{"taxonomy":"product_cat","embeddable":true,"href":"https:\/\/eafinia.com\/de\/wp-json\/wp\/v2\/product_cat?post=60033"},{"taxonomy":"product_tag","embeddable":true,"href":"https:\/\/eafinia.com\/de\/wp-json\/wp\/v2\/product_tag?post=60033"}],"curies":[{"name":"wp","href":"https:\/\/api.w.org\/{rel}","templated":true}]}}