{"id":58315,"date":"2024-05-20T12:48:52","date_gmt":"2024-05-20T10:48:52","guid":{"rendered":"https:\/\/eafinia.com\/?post_type=product&#038;p=58315"},"modified":"2026-01-08T08:58:49","modified_gmt":"2026-01-08T07:58:49","slug":"afinia-cover-silikonhuelle-fuer-ndc-mobile","status":"publish","type":"product","link":"https:\/\/eafinia.com\/de\/produkt\/afinia-cover-silikonhuelle-fuer-ndc-mobile\/","title":{"rendered":"Afinia Cover &#8211; Silikonh\u00fclle f\u00fcr NDC Mobile"},"content":{"rendered":"<p>Afinia Cover ist eine innovative Silikonh\u00fclle, die entwickelt wurde, um Ordnung und Sauberkeit im Kosmetiksalon zu gew\u00e4hrleisten. Dank der einfachen Montage und des \u00e4sthetischen Designs sch\u00fctzt die H\u00fclle perfekt die Oberfl\u00e4che des Nageltisches und des Staubabsaugers, wodurch deren Haltbarkeit und Hygiene erh\u00f6ht werden. Eine H\u00fclle reicht f\u00fcr etwa 2 Monate Nutzung und bietet langanhaltenden Schutz und einfache Reinigung.<\/p>\n<p><strong>Gr\u00f6\u00dfe der Silikonh\u00fcllen f\u00fcr den NDC Mobile Staubabsauger: 470*290 mm<\/strong><\/p>\n","protected":false},"excerpt":{"rendered":"<p>Zubeh\u00f6r<\/p>\n","protected":false},"featured_media":58306,"comment_status":"open","ping_status":"closed","template":"","meta":{"_acf_changed":false,"inline_featured_image":false},"product_brand":[],"product_cat":[750,375],"product_tag":[494],"class_list":{"0":"post-58315","1":"product","2":"type-product","3":"status-publish","4":"has-post-thumbnail","6":"product_cat-neuheiten","7":"product_cat-zubehor","8":"product_tag-sda-de-koszt-x2","9":"sales-flash-overlay","10":"woocommerce-text-align-left","11":"woocommerce-image-align-center","12":"do-quantity-buttons","14":"first","15":"instock","16":"taxable","17":"shipping-taxable","18":"purchasable","19":"product-type-simple","20":"add-to-wishlist-before_image"},"acf":[],"gallery_images":[58311],"_links":{"self":[{"href":"https:\/\/eafinia.com\/de\/wp-json\/wp\/v2\/product\/58315","targetHints":{"allow":["GET"]}}],"collection":[{"href":"https:\/\/eafinia.com\/de\/wp-json\/wp\/v2\/product"}],"about":[{"href":"https:\/\/eafinia.com\/de\/wp-json\/wp\/v2\/types\/product"}],"replies":[{"embeddable":true,"href":"https:\/\/eafinia.com\/de\/wp-json\/wp\/v2\/comments?post=58315"}],"wp:featuredmedia":[{"embeddable":true,"href":"https:\/\/eafinia.com\/de\/wp-json\/wp\/v2\/media\/58306"}],"wp:attachment":[{"href":"https:\/\/eafinia.com\/de\/wp-json\/wp\/v2\/media?parent=58315"}],"wp:term":[{"taxonomy":"product_brand","embeddable":true,"href":"https:\/\/eafinia.com\/de\/wp-json\/wp\/v2\/product_brand?post=58315"},{"taxonomy":"product_cat","embeddable":true,"href":"https:\/\/eafinia.com\/de\/wp-json\/wp\/v2\/product_cat?post=58315"},{"taxonomy":"product_tag","embeddable":true,"href":"https:\/\/eafinia.com\/de\/wp-json\/wp\/v2\/product_tag?post=58315"}],"curies":[{"name":"wp","href":"https:\/\/api.w.org\/{rel}","templated":true}]}}