{"id":58175,"date":"2024-05-14T13:51:04","date_gmt":"2024-05-14T11:51:04","guid":{"rendered":"https:\/\/eafinia.com\/?post_type=product&#038;p=58175"},"modified":"2026-02-13T16:40:09","modified_gmt":"2026-02-13T15:40:09","slug":"silberne-kabeldurchfuehrung-2-stueck","status":"publish","type":"product","link":"https:\/\/eafinia.com\/de\/produkt\/silberne-kabeldurchfuehrung-2-stueck\/","title":{"rendered":"Silberne Kabeldurchf\u00fchrung (2 St\u00fcck)"},"content":{"rendered":"<p>Dies ist eine innovative L\u00f6sung, die mit dem Ziel eines eleganten und funktionalen Kabelmanagements in professionellen Kosmetiksalons entworfen wurde. Dieser elegante Kabeldurchlass, hergestellt aus hochwertigen Materialien und gekennzeichnet durch ein silberne Finish, f\u00fcgt nicht nur jedem Kosmetikplatz Glanz und Prestige hinzu, sondern erm\u00f6glicht auch die Aufrechterhaltung von Ordnung und Organisation. Dadurch sind alle notwendigen Kabel \u00e4sthetisch versteckt und leicht zug\u00e4nglich, was den Arbeitskomfort der Spezialisten erh\u00f6ht und das Gesamtbild des Arbeitsplatzes verbessert. Eine ausgezeichnete Wahl f\u00fcr Salons, die Professionalit\u00e4t sch\u00e4tzen und ihre Einzigartigkeit sowie die Aufmerksamkeit f\u00fcr Details hervorheben m\u00f6chten.<\/p>\n","protected":false},"excerpt":{"rendered":"<p>Zubeh\u00f6r<\/p>\n","protected":false},"featured_media":58162,"comment_status":"open","ping_status":"closed","template":"","meta":{"_acf_changed":false,"inline_featured_image":false},"product_brand":[],"product_cat":[375],"product_tag":[494],"class_list":{"0":"post-58175","1":"product","2":"type-product","3":"status-publish","4":"has-post-thumbnail","6":"product_cat-zubehor","7":"product_tag-sda-de-koszt-x2","8":"sales-flash-overlay","9":"woocommerce-text-align-left","10":"woocommerce-image-align-center","11":"do-quantity-buttons","13":"first","14":"instock","15":"taxable","16":"shipping-taxable","17":"purchasable","18":"product-type-simple","19":"add-to-wishlist-before_image"},"acf":[],"gallery_images":[58172,58167],"_links":{"self":[{"href":"https:\/\/eafinia.com\/de\/wp-json\/wp\/v2\/product\/58175","targetHints":{"allow":["GET"]}}],"collection":[{"href":"https:\/\/eafinia.com\/de\/wp-json\/wp\/v2\/product"}],"about":[{"href":"https:\/\/eafinia.com\/de\/wp-json\/wp\/v2\/types\/product"}],"replies":[{"embeddable":true,"href":"https:\/\/eafinia.com\/de\/wp-json\/wp\/v2\/comments?post=58175"}],"wp:featuredmedia":[{"embeddable":true,"href":"https:\/\/eafinia.com\/de\/wp-json\/wp\/v2\/media\/58162"}],"wp:attachment":[{"href":"https:\/\/eafinia.com\/de\/wp-json\/wp\/v2\/media?parent=58175"}],"wp:term":[{"taxonomy":"product_brand","embeddable":true,"href":"https:\/\/eafinia.com\/de\/wp-json\/wp\/v2\/product_brand?post=58175"},{"taxonomy":"product_cat","embeddable":true,"href":"https:\/\/eafinia.com\/de\/wp-json\/wp\/v2\/product_cat?post=58175"},{"taxonomy":"product_tag","embeddable":true,"href":"https:\/\/eafinia.com\/de\/wp-json\/wp\/v2\/product_tag?post=58175"}],"curies":[{"name":"wp","href":"https:\/\/api.w.org\/{rel}","templated":true}]}}