{"id":57339,"date":"2024-03-15T09:51:55","date_gmt":"2024-03-15T08:51:55","guid":{"rendered":"https:\/\/eafinia.com\/?post_type=product&#038;p=57339"},"modified":"2026-02-21T22:00:11","modified_gmt":"2026-02-21T21:00:11","slug":"afinia-podologischer-staubabsauger-ndc-podo","status":"publish","type":"product","link":"https:\/\/eafinia.com\/de\/produkt\/afinia-podologischer-staubabsauger-ndc-podo\/","title":{"rendered":"Afinia Podologische Staubabsaugung NDC\u00a0Podo"},"content":{"rendered":"<p>Die Afinia NDC PODO Staubabsaugung ist ein fortschrittliches Ger\u00e4t f\u00fcr die Kosmetikindustrie und der weltweit die erste Podologische Staubabsaugung. Diese wurde speziell f\u00fcr die wirksame Entfernung von Feinstaub und Verunreinigungen entwickelt, die bei der Arbeit an den Zehenn\u00e4geln entstehen, und sorgt nicht nur f\u00fcr Sauberkeit, sondern auch f\u00fcr Gesundheit und Arbeitskomfort sowohl f\u00fcr Spezialisten als auch f\u00fcr Kunden.<\/p>\n","protected":false},"excerpt":{"rendered":"<p>Staubabsaugung f\u00fcr die Pedik\u00fcre<\/p>\n","protected":false},"featured_media":57340,"comment_status":"open","ping_status":"closed","template":"","meta":{"_acf_changed":false,"inline_featured_image":false},"product_brand":[],"product_cat":[750,532,384],"product_tag":[],"class_list":{"0":"post-57339","1":"product","2":"type-product","3":"status-publish","4":"has-post-thumbnail","6":"product_cat-neuheiten","7":"product_cat-podologie-de","8":"product_cat-staubabsaugung","9":"product_shipping_class-courier-pochlaniacze-zagranica-de","10":"sales-flash-overlay","11":"woocommerce-text-align-left","12":"woocommerce-image-align-center","13":"do-quantity-buttons","15":"first","16":"instock","17":"sale","18":"taxable","19":"shipping-taxable","20":"purchasable","21":"product-type-variable","22":"add-to-wishlist-before_image"},"acf":[],"gallery_images":[58329,57330,57335,57320,57325,57285,57300,57524,57534,57529,57539,61816,61820,57390,57385,57380,57375,69124],"_links":{"self":[{"href":"https:\/\/eafinia.com\/de\/wp-json\/wp\/v2\/product\/57339","targetHints":{"allow":["GET"]}}],"collection":[{"href":"https:\/\/eafinia.com\/de\/wp-json\/wp\/v2\/product"}],"about":[{"href":"https:\/\/eafinia.com\/de\/wp-json\/wp\/v2\/types\/product"}],"replies":[{"embeddable":true,"href":"https:\/\/eafinia.com\/de\/wp-json\/wp\/v2\/comments?post=57339"}],"wp:featuredmedia":[{"embeddable":true,"href":"https:\/\/eafinia.com\/de\/wp-json\/wp\/v2\/media\/57340"}],"wp:attachment":[{"href":"https:\/\/eafinia.com\/de\/wp-json\/wp\/v2\/media?parent=57339"}],"wp:term":[{"taxonomy":"product_brand","embeddable":true,"href":"https:\/\/eafinia.com\/de\/wp-json\/wp\/v2\/product_brand?post=57339"},{"taxonomy":"product_cat","embeddable":true,"href":"https:\/\/eafinia.com\/de\/wp-json\/wp\/v2\/product_cat?post=57339"},{"taxonomy":"product_tag","embeddable":true,"href":"https:\/\/eafinia.com\/de\/wp-json\/wp\/v2\/product_tag?post=57339"}],"curies":[{"name":"wp","href":"https:\/\/api.w.org\/{rel}","templated":true}]}}