{"id":56525,"date":"2024-01-16T10:21:26","date_gmt":"2024-01-16T09:21:26","guid":{"rendered":"https:\/\/eafinia.com\/?post_type=product&#038;p=56525"},"modified":"2026-03-19T14:55:31","modified_gmt":"2026-03-19T13:55:31","slug":"mobiler-nageltisch-afinia-go-transporttasche","status":"publish","type":"product","link":"https:\/\/eafinia.com\/de\/produkt\/mobiler-nageltisch-afinia-go-transporttasche\/","title":{"rendered":"Mobiler Nageltisch Afinia Go + Transporttasche"},"content":{"rendered":"<p><strong>Der Afinia Go Kosmetiktisch + Dazugeh\u00f6rige Transporttasche \u2013 H\u00f6chster Komfort f\u00fcr die Arbeit, Wo auch immer Sie sind!<\/strong><\/p>\n<p>Dieser faltbare und tragbare Tisch ist perfekt f\u00fcr die Arbeit eines Stylisten, der zum Kunden reist. Egal, ob Sie ein Sch\u00f6nheitssalon betreiben oder ein unabh\u00e4ngiger Stylist sind, jetzt k\u00f6nnen Sie Ihre F\u00e4higkeiten \u00fcberallhin mitnehmen, wo Ihre Dienste ben\u00f6tigt werden.<\/p>\n<p>*Auf der Arbeitsplatte befinden sich 2 wei\u00dfe Kabelanschl\u00fcsse.<br \/>\n*Die Scharniere sind silberfarben.<\/p>\n<p>&nbsp;<\/p>\n<p>*Der Verkauf erfolgt ohne Deko und Staubabsaugung<\/p>\n","protected":false},"excerpt":{"rendered":"<p>Kosmetiktisch, Schminktisch, Manik\u00fcretisch<\/p>\n","protected":false},"featured_media":62770,"comment_status":"open","ping_status":"closed","template":"","meta":{"_acf_changed":false,"inline_featured_image":false},"product_brand":[],"product_cat":[376,379],"product_tag":[510,404,396,445,753],"class_list":{"0":"post-56525","1":"product","2":"type-product","3":"status-publish","4":"has-post-thumbnail","6":"product_cat-nageltisch","7":"product_cat-standard-de","8":"product_tag-afinia-go-de","9":"product_tag-ein-tisch-mit-einem-arbeitsplatz","10":"product_tag-gerade-tischplatte","11":"product_tag-neuigkeiten-und-empfehlungen-de","12":"product_tag-sonderangebot-de","13":"product_shipping_class-courier-stoly-kosmetyczne-zagranica-de","14":"sales-flash-overlay","15":"woocommerce-text-align-left","16":"woocommerce-image-align-center","17":"do-quantity-buttons","19":"first","20":"instock","21":"taxable","22":"shipping-taxable","23":"purchasable","24":"product-type-variable","25":"add-to-wishlist-before_image"},"acf":[],"gallery_images":[62750,58252,62758,62766,62762,62754,62774,66023,56478,56755,56771,56745,56740,56735,63690],"_links":{"self":[{"href":"https:\/\/eafinia.com\/de\/wp-json\/wp\/v2\/product\/56525","targetHints":{"allow":["GET"]}}],"collection":[{"href":"https:\/\/eafinia.com\/de\/wp-json\/wp\/v2\/product"}],"about":[{"href":"https:\/\/eafinia.com\/de\/wp-json\/wp\/v2\/types\/product"}],"replies":[{"embeddable":true,"href":"https:\/\/eafinia.com\/de\/wp-json\/wp\/v2\/comments?post=56525"}],"wp:featuredmedia":[{"embeddable":true,"href":"https:\/\/eafinia.com\/de\/wp-json\/wp\/v2\/media\/62770"}],"wp:attachment":[{"href":"https:\/\/eafinia.com\/de\/wp-json\/wp\/v2\/media?parent=56525"}],"wp:term":[{"taxonomy":"product_brand","embeddable":true,"href":"https:\/\/eafinia.com\/de\/wp-json\/wp\/v2\/product_brand?post=56525"},{"taxonomy":"product_cat","embeddable":true,"href":"https:\/\/eafinia.com\/de\/wp-json\/wp\/v2\/product_cat?post=56525"},{"taxonomy":"product_tag","embeddable":true,"href":"https:\/\/eafinia.com\/de\/wp-json\/wp\/v2\/product_tag?post=56525"}],"curies":[{"name":"wp","href":"https:\/\/api.w.org\/{rel}","templated":true}]}}