{"id":53961,"date":"2023-06-30T12:37:07","date_gmt":"2023-06-30T10:37:07","guid":{"rendered":"https:\/\/eafinia.com\/?post_type=product&#038;p=53961"},"modified":"2026-04-01T11:33:35","modified_gmt":"2026-04-01T09:33:35","slug":"nageltisch-afinia-prestige","status":"publish","type":"product","link":"https:\/\/eafinia.com\/de\/produkt\/nageltisch-afinia-prestige\/","title":{"rendered":"Nageltisch Afinia Prestige + NDC 1000"},"content":{"rendered":"<p>Die Effizienz der Afinia-Staubabsaugung ergibt sich in erster Linie aus der Saugleistung. Im neuesten Schreibtischmodell haben wir das Problem der Abluft gel\u00f6st, die mit hoher Absaugkraft abflie\u00dft, wenn der Staub im Filter gestoppt wird; Spezielle Luftkan\u00e4le minimieren die Wirkung der auftretenden \u201eAbluft\u201d und leiten diese an die Au\u00dfenseite des Schreibtisches ab. Wir haben auch eine spezielle L\u00f6sung: Eine austauschbare Arbeitsplatte &#8211; sobald Sie feststellen, dass die Oberfl\u00e4che Ihrer Schreibtischplatte bereits abgenutzt ist und Sie m\u00f6chten dieser wieder zum neuen Glanz verhelfen k\u00f6nnen Sie diese einfach austauschen.<\/p>\n<p>&nbsp;<\/p>\n<p>*Der Verkauf erfolgt ohne Deko<\/p>\n","protected":false},"excerpt":{"rendered":"<p>Kosmetiktisch, Nageltisch, Manik\u00fcrtisch<\/p>\n","protected":false},"featured_media":63798,"comment_status":"open","ping_status":"closed","template":"","meta":{"_acf_changed":false,"inline_featured_image":false},"product_brand":[],"product_cat":[376,379],"product_tag":[393,404,390,392,445,753,509,406,403,389],"class_list":{"0":"post-53961","1":"product","2":"type-product","3":"status-publish","4":"has-post-thumbnail","6":"product_cat-nageltisch","7":"product_cat-standard-de","8":"product_tag-auswechselbare-platte","9":"product_tag-ein-tisch-mit-einem-arbeitsplatz","10":"product_tag-eingebaute-steckdosen","11":"product_tag-ergonomische-aussparung-in-der-tischplatte-fuer-bequemes-arbeiten-des-stylisten","12":"product_tag-neuigkeiten-und-empfehlungen-de","13":"product_tag-sonderangebot-de","14":"product_tag-stoly-de","15":"product_tag-tisch-montiert-und-einsatzbereit","16":"product_tag-tischplatte-beschichtet-mit-hpl","17":"product_tag-ventilation-nach-aussen","18":"sales-flash-overlay","19":"woocommerce-text-align-left","20":"woocommerce-image-align-center","21":"do-quantity-buttons","23":"first","24":"instock","25":"taxable","26":"shipping-taxable","27":"purchasable","28":"product-type-variable","29":"add-to-wishlist-before_image"},"acf":[],"gallery_images":[63802,60876,62851,63794,63584,63580,63451,63447,63455,66063,63806,62855,60872,64429,64425,64005],"_links":{"self":[{"href":"https:\/\/eafinia.com\/de\/wp-json\/wp\/v2\/product\/53961","targetHints":{"allow":["GET"]}}],"collection":[{"href":"https:\/\/eafinia.com\/de\/wp-json\/wp\/v2\/product"}],"about":[{"href":"https:\/\/eafinia.com\/de\/wp-json\/wp\/v2\/types\/product"}],"replies":[{"embeddable":true,"href":"https:\/\/eafinia.com\/de\/wp-json\/wp\/v2\/comments?post=53961"}],"wp:featuredmedia":[{"embeddable":true,"href":"https:\/\/eafinia.com\/de\/wp-json\/wp\/v2\/media\/63798"}],"wp:attachment":[{"href":"https:\/\/eafinia.com\/de\/wp-json\/wp\/v2\/media?parent=53961"}],"wp:term":[{"taxonomy":"product_brand","embeddable":true,"href":"https:\/\/eafinia.com\/de\/wp-json\/wp\/v2\/product_brand?post=53961"},{"taxonomy":"product_cat","embeddable":true,"href":"https:\/\/eafinia.com\/de\/wp-json\/wp\/v2\/product_cat?post=53961"},{"taxonomy":"product_tag","embeddable":true,"href":"https:\/\/eafinia.com\/de\/wp-json\/wp\/v2\/product_tag?post=53961"}],"curies":[{"name":"wp","href":"https:\/\/api.w.org\/{rel}","templated":true}]}}