{"id":53951,"date":"2023-06-29T20:20:24","date_gmt":"2023-06-29T18:20:24","guid":{"rendered":"https:\/\/eafinia.com\/?post_type=product&#038;p=53951"},"modified":"2026-04-07T14:45:46","modified_gmt":"2026-04-07T12:45:46","slug":"staubabsaugung-afinia-ndc-mobile","status":"publish","type":"product","link":"https:\/\/eafinia.com\/de\/produkt\/staubabsaugung-afinia-ndc-mobile\/","title":{"rendered":"Staubabsaugung Afinia NDC Mobile"},"content":{"rendered":"<p>Die tragbare, leichte und kleine Staubabsaugung wurde auf Wunsch vieler Nagelstylisten entwickelt. Die Effizienz des Ger\u00e4tes ist vergleichbar mit seiner festverbauten Version. Auch hier haben wir austauschbare Filter verwendet, die den Feinstaub einschlie\u00dfen und f\u00fcr Ihre Hygiene gesorgt wird. Wenn Sie die Staubabsaugung an mehreren Arbeitspl\u00e4tzen nutzen m\u00f6chten ist dieses Modell die perfekte L\u00f6sung f\u00fcr Sie.<\/p>\n","protected":false},"excerpt":{"rendered":"<p>Mobiler staubabsaugung<\/p>\n","protected":false},"featured_media":44551,"comment_status":"open","ping_status":"closed","template":"","meta":{"_acf_changed":false,"inline_featured_image":false},"product_brand":[],"product_cat":[387,384],"product_tag":[],"class_list":{"0":"post-53951","1":"product","2":"type-product","3":"status-publish","4":"has-post-thumbnail","6":"product_cat-ndc-mobile-de","7":"product_cat-staubabsaugung","8":"sales-flash-overlay","9":"woocommerce-text-align-left","10":"woocommerce-image-align-center","11":"do-quantity-buttons","13":"first","14":"instock","15":"taxable","16":"shipping-taxable","17":"purchasable","18":"product-type-simple","19":"add-to-wishlist-before_image"},"acf":[],"gallery_images":[44553,44545,44555,44547,44377,44379,44381,44383,44385,58219],"_links":{"self":[{"href":"https:\/\/eafinia.com\/de\/wp-json\/wp\/v2\/product\/53951","targetHints":{"allow":["GET"]}}],"collection":[{"href":"https:\/\/eafinia.com\/de\/wp-json\/wp\/v2\/product"}],"about":[{"href":"https:\/\/eafinia.com\/de\/wp-json\/wp\/v2\/types\/product"}],"replies":[{"embeddable":true,"href":"https:\/\/eafinia.com\/de\/wp-json\/wp\/v2\/comments?post=53951"}],"wp:featuredmedia":[{"embeddable":true,"href":"https:\/\/eafinia.com\/de\/wp-json\/wp\/v2\/media\/44551"}],"wp:attachment":[{"href":"https:\/\/eafinia.com\/de\/wp-json\/wp\/v2\/media?parent=53951"}],"wp:term":[{"taxonomy":"product_brand","embeddable":true,"href":"https:\/\/eafinia.com\/de\/wp-json\/wp\/v2\/product_brand?post=53951"},{"taxonomy":"product_cat","embeddable":true,"href":"https:\/\/eafinia.com\/de\/wp-json\/wp\/v2\/product_cat?post=53951"},{"taxonomy":"product_tag","embeddable":true,"href":"https:\/\/eafinia.com\/de\/wp-json\/wp\/v2\/product_tag?post=53951"}],"curies":[{"name":"wp","href":"https:\/\/api.w.org\/{rel}","templated":true}]}}