{"id":53950,"date":"2023-06-29T20:07:55","date_gmt":"2023-06-29T18:07:55","guid":{"rendered":"https:\/\/eafinia.com\/?post_type=product&#038;p=53950"},"modified":"2026-04-06T16:35:10","modified_gmt":"2026-04-06T14:35:10","slug":"staubabsaugung-afinia-ndc-2000","status":"publish","type":"product","link":"https:\/\/eafinia.com\/de\/produkt\/staubabsaugung-afinia-ndc-2000\/","title":{"rendered":"Staubabsaugung Afinia NDC 2000"},"content":{"rendered":"<p>Der Afinia NDC 2000 ist unser Bestseller. Die Staubabsaugung zeichnet sich vor allem durch seine Leistungsf\u00e4higkeit und Effizienz aus. Tausende zufriedene Kunden und positive R\u00fcckmeldungen best\u00e4tigen unser Engagement f\u00fcr h\u00f6chste Standards. Afinias Technologie wurde schnell von Fachleuten anerkannt und erfreut sich branchenweiter Zustimmung.<\/p>\n","protected":false},"excerpt":{"rendered":"<p>Staubabsaugung<\/p>\n","protected":false},"featured_media":60822,"comment_status":"open","ping_status":"closed","template":"","meta":{"_acf_changed":false,"inline_featured_image":false},"product_brand":[],"product_cat":[386,384],"product_tag":[],"class_list":{"0":"post-53950","1":"product","2":"type-product","3":"status-publish","4":"has-post-thumbnail","6":"product_cat-ndc-2000-de","7":"product_cat-staubabsaugung","8":"sales-flash-overlay","9":"woocommerce-text-align-left","10":"woocommerce-image-align-center","11":"do-quantity-buttons","13":"first","14":"instock","15":"taxable","16":"shipping-taxable","17":"purchasable","18":"product-type-simple","19":"add-to-wishlist-before_image"},"acf":[],"gallery_images":[60337,57937,69025,45144,52635,45146,45147,45148],"_links":{"self":[{"href":"https:\/\/eafinia.com\/de\/wp-json\/wp\/v2\/product\/53950","targetHints":{"allow":["GET"]}}],"collection":[{"href":"https:\/\/eafinia.com\/de\/wp-json\/wp\/v2\/product"}],"about":[{"href":"https:\/\/eafinia.com\/de\/wp-json\/wp\/v2\/types\/product"}],"replies":[{"embeddable":true,"href":"https:\/\/eafinia.com\/de\/wp-json\/wp\/v2\/comments?post=53950"}],"wp:featuredmedia":[{"embeddable":true,"href":"https:\/\/eafinia.com\/de\/wp-json\/wp\/v2\/media\/60822"}],"wp:attachment":[{"href":"https:\/\/eafinia.com\/de\/wp-json\/wp\/v2\/media?parent=53950"}],"wp:term":[{"taxonomy":"product_brand","embeddable":true,"href":"https:\/\/eafinia.com\/de\/wp-json\/wp\/v2\/product_brand?post=53950"},{"taxonomy":"product_cat","embeddable":true,"href":"https:\/\/eafinia.com\/de\/wp-json\/wp\/v2\/product_cat?post=53950"},{"taxonomy":"product_tag","embeddable":true,"href":"https:\/\/eafinia.com\/de\/wp-json\/wp\/v2\/product_tag?post=53950"}],"curies":[{"name":"wp","href":"https:\/\/api.w.org\/{rel}","templated":true}]}}