{"id":53949,"date":"2023-06-29T19:58:46","date_gmt":"2023-06-29T17:58:46","guid":{"rendered":"https:\/\/eafinia.com\/?post_type=product&#038;p=53949"},"modified":"2026-04-01T20:18:03","modified_gmt":"2026-04-01T18:18:03","slug":"staubabsaugung-afinia-ndc-1000","status":"publish","type":"product","link":"https:\/\/eafinia.com\/de\/produkt\/staubabsaugung-afinia-ndc-1000\/","title":{"rendered":"Staubabsaugung Afinia NDC 1000"},"content":{"rendered":"<p><strong>AFINIA NDC 1000 \u2013 Professionelle Staubabsaugung f\u00fcr Nagelstudios<\/strong><u><\/u><u><\/u><\/p>\n<p>Die\u00a0<strong>AFINIA NDC 1000 Staubabsaugung<\/strong>\u00a0wurde speziell f\u00fcr die Entfernung von Staub und feinen Partikeln bei Nagelarbeiten entwickelt.<br \/>\nSie sorgt f\u00fcr eine saubere Arbeitsumgebung und erh\u00f6ht den Komfort w\u00e4hrend der Arbeit.<u><\/u><u><\/u><\/p>\n<ul type=\"disc\">\n<li><strong>Leistungsstark:<\/strong>\u00a0Absaugleistung von\u00a0<strong>270 m\u00b3\/h<\/strong>\u00a0f\u00fcr effizientes Entfernen von Staub.<u><\/u><u><\/u><\/li>\n<li><strong>Hochwertige Materialien:<\/strong>\u00a0Geh\u00e4use aus robustem, wei\u00dfem\u00a0<strong>HIPS-Polystyrol<\/strong>.<u><\/u><u><\/u><\/li>\n<li><strong>Durchdachtes Design:<\/strong>\u00a0Edelstahlgitter, das minimalen Luftwiderstand bietet und langlebig sowie pflegeleicht ist.<u><\/u><u><\/u><\/li>\n<li><strong>Alltagstauglich:<\/strong>\u00a0Best\u00e4ndig gegen\u00fcber g\u00e4ngigen Materialien und Fl\u00fcssigkeiten im Nagelstudio.<u><\/u><u><\/u><\/li>\n<li><strong>Einfache Montage:<\/strong>\u00a0Schnell angebracht mit nur 4 Schrauben.<u><\/u><u><\/u><\/li>\n<li><strong>Lieferumfang:<\/strong>\u00a0L\u00fcftungsgitter und Filter inklusive.<u><\/u><u><\/u><\/li>\n<\/ul>\n<p>Ideal f\u00fcr\u00a0<strong>professionelle Nagelstudios<\/strong>. Saubere Luft, weniger Staub \u2013 f\u00fcr ein angenehmes und hygienisches Arbeitsumfeld.<\/p>\n","protected":false},"excerpt":{"rendered":"<p>Staubabsaugung<\/p>\n","protected":false},"featured_media":69073,"comment_status":"open","ping_status":"closed","template":"","meta":{"_acf_changed":false,"inline_featured_image":false},"product_brand":[],"product_cat":[385,384],"product_tag":[],"class_list":{"0":"post-53949","1":"product","2":"type-product","3":"status-publish","4":"has-post-thumbnail","6":"product_cat-ndc-1000-de","7":"product_cat-staubabsaugung","8":"sales-flash-overlay","9":"woocommerce-text-align-left","10":"woocommerce-image-align-center","11":"do-quantity-buttons","13":"first","14":"instock","15":"taxable","16":"shipping-taxable","17":"purchasable","18":"product-type-simple","19":"add-to-wishlist-before_image"},"acf":[],"gallery_images":[69081,69021,57916,69077,45156],"_links":{"self":[{"href":"https:\/\/eafinia.com\/de\/wp-json\/wp\/v2\/product\/53949","targetHints":{"allow":["GET"]}}],"collection":[{"href":"https:\/\/eafinia.com\/de\/wp-json\/wp\/v2\/product"}],"about":[{"href":"https:\/\/eafinia.com\/de\/wp-json\/wp\/v2\/types\/product"}],"replies":[{"embeddable":true,"href":"https:\/\/eafinia.com\/de\/wp-json\/wp\/v2\/comments?post=53949"}],"wp:featuredmedia":[{"embeddable":true,"href":"https:\/\/eafinia.com\/de\/wp-json\/wp\/v2\/media\/69073"}],"wp:attachment":[{"href":"https:\/\/eafinia.com\/de\/wp-json\/wp\/v2\/media?parent=53949"}],"wp:term":[{"taxonomy":"product_brand","embeddable":true,"href":"https:\/\/eafinia.com\/de\/wp-json\/wp\/v2\/product_brand?post=53949"},{"taxonomy":"product_cat","embeddable":true,"href":"https:\/\/eafinia.com\/de\/wp-json\/wp\/v2\/product_cat?post=53949"},{"taxonomy":"product_tag","embeddable":true,"href":"https:\/\/eafinia.com\/de\/wp-json\/wp\/v2\/product_tag?post=53949"}],"curies":[{"name":"wp","href":"https:\/\/api.w.org\/{rel}","templated":true}]}}