{"id":53942,"date":"2023-06-29T14:03:57","date_gmt":"2023-06-29T12:03:57","guid":{"rendered":"https:\/\/eafinia.com\/?post_type=product&#038;p=53942"},"modified":"2026-03-27T22:20:52","modified_gmt":"2026-03-27T21:20:52","slug":"filterkassette-ndc-1000-kohle","status":"publish","type":"product","link":"https:\/\/eafinia.com\/de\/produkt\/filterkassette-ndc-1000-kohle\/","title":{"rendered":"Filterkassette NDC 1000 kohle"},"content":{"rendered":"<p>Passend f\u00fcr die Staubabsaugung NDC 1000. Effiziente Absorption unangenehmer Ger\u00fcche w\u00e4hrend der Arbeit.<\/p>\n","protected":false},"excerpt":{"rendered":"<p>Filter Staubabsaugung<\/p>\n","protected":false},"featured_media":45130,"comment_status":"open","ping_status":"closed","template":"","meta":{"_acf_changed":false,"inline_featured_image":false},"product_brand":[],"product_cat":[380,381],"product_tag":[],"class_list":{"0":"post-53942","1":"product","2":"type-product","3":"status-publish","4":"has-post-thumbnail","6":"product_cat-filter","7":"product_cat-filter-ndc-1000","8":"sales-flash-overlay","9":"woocommerce-text-align-left","10":"woocommerce-image-align-center","11":"do-quantity-buttons","13":"first","14":"instock","15":"sale","16":"taxable","17":"shipping-taxable","18":"purchasable","19":"product-type-simple","20":"add-to-wishlist-before_image"},"acf":[],"gallery_images":[],"_links":{"self":[{"href":"https:\/\/eafinia.com\/de\/wp-json\/wp\/v2\/product\/53942","targetHints":{"allow":["GET"]}}],"collection":[{"href":"https:\/\/eafinia.com\/de\/wp-json\/wp\/v2\/product"}],"about":[{"href":"https:\/\/eafinia.com\/de\/wp-json\/wp\/v2\/types\/product"}],"replies":[{"embeddable":true,"href":"https:\/\/eafinia.com\/de\/wp-json\/wp\/v2\/comments?post=53942"}],"wp:featuredmedia":[{"embeddable":true,"href":"https:\/\/eafinia.com\/de\/wp-json\/wp\/v2\/media\/45130"}],"wp:attachment":[{"href":"https:\/\/eafinia.com\/de\/wp-json\/wp\/v2\/media?parent=53942"}],"wp:term":[{"taxonomy":"product_brand","embeddable":true,"href":"https:\/\/eafinia.com\/de\/wp-json\/wp\/v2\/product_brand?post=53942"},{"taxonomy":"product_cat","embeddable":true,"href":"https:\/\/eafinia.com\/de\/wp-json\/wp\/v2\/product_cat?post=53942"},{"taxonomy":"product_tag","embeddable":true,"href":"https:\/\/eafinia.com\/de\/wp-json\/wp\/v2\/product_tag?post=53942"}],"curies":[{"name":"wp","href":"https:\/\/api.w.org\/{rel}","templated":true}]}}