{"id":53940,"date":"2023-06-29T13:45:58","date_gmt":"2023-06-29T11:45:58","guid":{"rendered":"https:\/\/eafinia.com\/?post_type=product&#038;p=53940"},"modified":"2026-04-06T22:17:01","modified_gmt":"2026-04-06T20:17:01","slug":"saeyang-marathon-3-champion-fraesmaschine","status":"publish","type":"product","link":"https:\/\/eafinia.com\/de\/produkt\/saeyang-marathon-3-champion-fraesmaschine\/","title":{"rendered":"Saeyang Marathon 3 Champion Fr\u00e4smaschine"},"content":{"rendered":"<p>Der Elektrische Nagel Fr\u00e4ser Marathon Champion 3 wurde f\u00fcr den professionellen Einsatz in Nagelstudios und Fu\u00dfpflegepraxen hergestellt und erf\u00fcllt daher h\u00f6chsten Anspr\u00fcchen.<\/p>\n<p>Durch die Twist-Lock Funktion am Handst\u00fcck dieses Nagelfr\u00e4ser \u2013 ist ein Austausch vom Fr\u00e4ser einfach gestaltet.<\/p>\n<p style=\"font-weight: 400;\">Lieferumfang:<\/p>\n<ul style=\"font-weight: 400;\">\n<li>1 x Steuerger\u00e4t<\/li>\n<li>1 x Handst\u00fcck<\/li>\n<li>1 x Handst\u00fcckhalterung<\/li>\n<li>1 x Handst\u00fccksockel<\/li>\n<\/ul>\n","protected":false},"excerpt":{"rendered":"<p>Zubeh\u00f6r<\/p>\n","protected":false},"featured_media":67219,"comment_status":"open","ping_status":"closed","template":"","meta":{"_acf_changed":false,"inline_featured_image":false},"product_brand":[],"product_cat":[375],"product_tag":[495],"class_list":{"0":"post-53940","1":"product","2":"type-product","3":"status-publish","4":"has-post-thumbnail","6":"product_cat-zubehor","7":"product_tag-sda-de","8":"sales-flash-overlay","9":"woocommerce-text-align-left","10":"woocommerce-image-align-center","11":"do-quantity-buttons","13":"first","14":"instock","15":"taxable","16":"shipping-taxable","17":"purchasable","18":"product-type-simple","19":"add-to-wishlist-before_image"},"acf":[],"gallery_images":[54405,63578,67215],"_links":{"self":[{"href":"https:\/\/eafinia.com\/de\/wp-json\/wp\/v2\/product\/53940","targetHints":{"allow":["GET"]}}],"collection":[{"href":"https:\/\/eafinia.com\/de\/wp-json\/wp\/v2\/product"}],"about":[{"href":"https:\/\/eafinia.com\/de\/wp-json\/wp\/v2\/types\/product"}],"replies":[{"embeddable":true,"href":"https:\/\/eafinia.com\/de\/wp-json\/wp\/v2\/comments?post=53940"}],"wp:featuredmedia":[{"embeddable":true,"href":"https:\/\/eafinia.com\/de\/wp-json\/wp\/v2\/media\/67219"}],"wp:attachment":[{"href":"https:\/\/eafinia.com\/de\/wp-json\/wp\/v2\/media?parent=53940"}],"wp:term":[{"taxonomy":"product_brand","embeddable":true,"href":"https:\/\/eafinia.com\/de\/wp-json\/wp\/v2\/product_brand?post=53940"},{"taxonomy":"product_cat","embeddable":true,"href":"https:\/\/eafinia.com\/de\/wp-json\/wp\/v2\/product_cat?post=53940"},{"taxonomy":"product_tag","embeddable":true,"href":"https:\/\/eafinia.com\/de\/wp-json\/wp\/v2\/product_tag?post=53940"}],"curies":[{"name":"wp","href":"https:\/\/api.w.org\/{rel}","templated":true}]}}