{"id":53914,"date":"2023-06-28T10:50:12","date_gmt":"2023-06-28T08:50:12","guid":{"rendered":"https:\/\/eafinia.com\/?post_type=product&#038;p=53914"},"modified":"2026-03-23T09:14:10","modified_gmt":"2026-03-23T08:14:10","slug":"afinia-handmassage-candle","status":"publish","type":"product","link":"https:\/\/eafinia.com\/de\/produkt\/afinia-handmassage-candle\/","title":{"rendered":"Afinia Handmassage Candle"},"content":{"rendered":"<p>Kerze zur Handmassage nach einer Manik\u00fcre mit entspannenden D\u00fcften angereicherte Duftkerze, die sich beim Erhitzen in ein beruhigendes \u00d6l f\u00fcr die Handmassage nach der Nagelpflege verwandelt. Erzeugt den Seidenhandschuh-Effekt.<\/p>\n","protected":false},"excerpt":{"rendered":"<p>Zubeh\u00f6r<\/p>\n","protected":false},"featured_media":55172,"comment_status":"open","ping_status":"closed","template":"","meta":{"_acf_changed":false,"inline_featured_image":false},"product_brand":[],"product_cat":[375],"product_tag":[494],"class_list":{"0":"post-53914","1":"product","2":"type-product","3":"status-publish","4":"has-post-thumbnail","6":"product_cat-zubehor","7":"product_tag-sda-de-koszt-x2","8":"sales-flash-overlay","9":"woocommerce-text-align-left","10":"woocommerce-image-align-center","11":"do-quantity-buttons","13":"first","14":"instock","15":"taxable","16":"shipping-taxable","17":"purchasable","18":"product-type-variable","19":"add-to-wishlist-before_image"},"acf":[],"gallery_images":[56757,60763,54384,43678,43679,43680,43681,43682,43684,43685,60327,60332],"_links":{"self":[{"href":"https:\/\/eafinia.com\/de\/wp-json\/wp\/v2\/product\/53914","targetHints":{"allow":["GET"]}}],"collection":[{"href":"https:\/\/eafinia.com\/de\/wp-json\/wp\/v2\/product"}],"about":[{"href":"https:\/\/eafinia.com\/de\/wp-json\/wp\/v2\/types\/product"}],"replies":[{"embeddable":true,"href":"https:\/\/eafinia.com\/de\/wp-json\/wp\/v2\/comments?post=53914"}],"wp:featuredmedia":[{"embeddable":true,"href":"https:\/\/eafinia.com\/de\/wp-json\/wp\/v2\/media\/55172"}],"wp:attachment":[{"href":"https:\/\/eafinia.com\/de\/wp-json\/wp\/v2\/media?parent=53914"}],"wp:term":[{"taxonomy":"product_brand","embeddable":true,"href":"https:\/\/eafinia.com\/de\/wp-json\/wp\/v2\/product_brand?post=53914"},{"taxonomy":"product_cat","embeddable":true,"href":"https:\/\/eafinia.com\/de\/wp-json\/wp\/v2\/product_cat?post=53914"},{"taxonomy":"product_tag","embeddable":true,"href":"https:\/\/eafinia.com\/de\/wp-json\/wp\/v2\/product_tag?post=53914"}],"curies":[{"name":"wp","href":"https:\/\/api.w.org\/{rel}","templated":true}]}}