{"id":53907,"date":"2023-06-27T11:43:36","date_gmt":"2023-06-27T09:43:36","guid":{"rendered":"https:\/\/eafinia.com\/?post_type=product&#038;p=53907"},"modified":"2026-03-22T23:21:36","modified_gmt":"2026-03-22T22:21:36","slug":"kosmetiklampe-afinia-wave","status":"publish","type":"product","link":"https:\/\/eafinia.com\/de\/produkt\/kosmetiklampe-afinia-wave\/","title":{"rendered":"Kosmetiklampe Afinia Wave"},"content":{"rendered":"<p>Erleuchten Sie Ihr Sch\u00f6nheitsstudio f\u00fcr den Sommer und genie\u00dfen Sie au\u00dfergew\u00f6hnlichen Komfort mit der Afinia Wave Lampe. Diese Lampe bietet nicht nur sanftes und augenfreundliches Licht, sondern erm\u00f6glicht Ihnen auch die volle Kontrolle \u00fcber die Beleuchtung. Mit einstellbarer Helligkeit und Farbtemperatur k\u00f6nnen Sie die Beleuchtung ganz nach Ihren Vorlieben anpassen. Ihr einzigartiges Design passt perfekt in moderne R\u00e4ume und die schattenfreie 180-Grad-Beleuchtung sowie hochwertige LED-Lampen sorgen daf\u00fcr, dass kein Detail Ihrer Aufmerksamkeit entgeht. Dar\u00fcber hinaus eignet sich die Afinia Wave Lampe perfekt zum Fotografieren Ihrer eigenen Projekte und betont dabei jedes Detail. Das Paket enth\u00e4lt auch eine Fernbedienung f\u00fcr bequeme Einstellungen der Beleuchtung.<\/p>\n","protected":false},"excerpt":{"rendered":"<p>Zubeh\u00f6r<\/p>\n","protected":false},"featured_media":55980,"comment_status":"open","ping_status":"closed","template":"","meta":{"_acf_changed":false,"inline_featured_image":false},"product_brand":[],"product_cat":[375],"product_tag":[445],"class_list":{"0":"post-53907","1":"product","2":"type-product","3":"status-publish","4":"has-post-thumbnail","6":"product_cat-zubehor","7":"product_tag-neuigkeiten-und-empfehlungen-de","8":"sales-flash-overlay","9":"woocommerce-text-align-left","10":"woocommerce-image-align-center","11":"do-quantity-buttons","13":"first","14":"instock","15":"taxable","16":"shipping-taxable","17":"purchasable","18":"product-type-simple","19":"add-to-wishlist-before_image"},"acf":[],"gallery_images":[54364,54369,54374,54359],"_links":{"self":[{"href":"https:\/\/eafinia.com\/de\/wp-json\/wp\/v2\/product\/53907","targetHints":{"allow":["GET"]}}],"collection":[{"href":"https:\/\/eafinia.com\/de\/wp-json\/wp\/v2\/product"}],"about":[{"href":"https:\/\/eafinia.com\/de\/wp-json\/wp\/v2\/types\/product"}],"replies":[{"embeddable":true,"href":"https:\/\/eafinia.com\/de\/wp-json\/wp\/v2\/comments?post=53907"}],"wp:featuredmedia":[{"embeddable":true,"href":"https:\/\/eafinia.com\/de\/wp-json\/wp\/v2\/media\/55980"}],"wp:attachment":[{"href":"https:\/\/eafinia.com\/de\/wp-json\/wp\/v2\/media?parent=53907"}],"wp:term":[{"taxonomy":"product_brand","embeddable":true,"href":"https:\/\/eafinia.com\/de\/wp-json\/wp\/v2\/product_brand?post=53907"},{"taxonomy":"product_cat","embeddable":true,"href":"https:\/\/eafinia.com\/de\/wp-json\/wp\/v2\/product_cat?post=53907"},{"taxonomy":"product_tag","embeddable":true,"href":"https:\/\/eafinia.com\/de\/wp-json\/wp\/v2\/product_tag?post=53907"}],"curies":[{"name":"wp","href":"https:\/\/api.w.org\/{rel}","templated":true}]}}