{"id":53902,"date":"2023-06-27T11:24:57","date_gmt":"2023-06-27T09:24:57","guid":{"rendered":"https:\/\/eafinia.com\/?post_type=product&#038;p=53902"},"modified":"2026-03-26T16:24:45","modified_gmt":"2026-03-26T15:24:45","slug":"podologie-schrank-afinia","status":"publish","type":"product","link":"https:\/\/eafinia.com\/de\/produkt\/podologie-schrank-afinia\/","title":{"rendered":"Podologie-Schrank Afinia"},"content":{"rendered":"<p>Der mobile Podologie-Schrank Afinia ist perfekt als Pedik\u00fcre- und Podologie-Arbeitsstation. Die besten praktischen L\u00f6sungen f\u00fcr eine Kosmetik- oder Podologie-Klinik.<\/p>\n","protected":false},"excerpt":{"rendered":"<p>Nageltisch<\/p>\n","protected":false},"featured_media":64120,"comment_status":"open","ping_status":"closed","template":"","meta":{"_acf_changed":false,"inline_featured_image":false},"product_brand":[],"product_cat":[532,563],"product_tag":[],"class_list":{"0":"post-53902","1":"product","2":"type-product","3":"status-publish","4":"has-post-thumbnail","6":"product_cat-podologie-de","7":"product_cat-schraenke","8":"sales-flash-overlay","9":"woocommerce-text-align-left","10":"woocommerce-image-align-center","11":"do-quantity-buttons","13":"first","14":"instock","15":"sale","16":"taxable","17":"shipping-taxable","18":"purchasable","19":"product-type-variable","20":"add-to-wishlist-before_image"},"acf":[],"gallery_images":[64128,64134,64116,64112,64108,57947],"_links":{"self":[{"href":"https:\/\/eafinia.com\/de\/wp-json\/wp\/v2\/product\/53902","targetHints":{"allow":["GET"]}}],"collection":[{"href":"https:\/\/eafinia.com\/de\/wp-json\/wp\/v2\/product"}],"about":[{"href":"https:\/\/eafinia.com\/de\/wp-json\/wp\/v2\/types\/product"}],"replies":[{"embeddable":true,"href":"https:\/\/eafinia.com\/de\/wp-json\/wp\/v2\/comments?post=53902"}],"wp:featuredmedia":[{"embeddable":true,"href":"https:\/\/eafinia.com\/de\/wp-json\/wp\/v2\/media\/64120"}],"wp:attachment":[{"href":"https:\/\/eafinia.com\/de\/wp-json\/wp\/v2\/media?parent=53902"}],"wp:term":[{"taxonomy":"product_brand","embeddable":true,"href":"https:\/\/eafinia.com\/de\/wp-json\/wp\/v2\/product_brand?post=53902"},{"taxonomy":"product_cat","embeddable":true,"href":"https:\/\/eafinia.com\/de\/wp-json\/wp\/v2\/product_cat?post=53902"},{"taxonomy":"product_tag","embeddable":true,"href":"https:\/\/eafinia.com\/de\/wp-json\/wp\/v2\/product_tag?post=53902"}],"curies":[{"name":"wp","href":"https:\/\/api.w.org\/{rel}","templated":true}]}}