{"id":53900,"date":"2023-06-27T11:11:39","date_gmt":"2023-06-27T09:11:39","guid":{"rendered":"https:\/\/eafinia.com\/?post_type=product&#038;p=53900"},"modified":"2026-04-02T15:15:17","modified_gmt":"2026-04-02T13:15:17","slug":"kosmetiktisch-afinia-art-deco-x","status":"publish","type":"product","link":"https:\/\/eafinia.com\/de\/produkt\/kosmetiktisch-afinia-art-deco-x\/","title":{"rendered":"Nageltisch Afinia Art Deco X"},"content":{"rendered":"<p>Der Art-Deco-Stil stammt aus den 1920er Jahren und zeichnet sich durch eine elegante und geometrische Form und die Verwendung von handgefertigten Materialien aus. Nicht anders ist es bei unserem Tisch, wo wir auf die \u00c4sthetik dieses einzigartigen Trends im Designbereich verweisen wollten. Der Afinia Art Deco Tisch ist neben seinem au\u00dfergew\u00f6hnlichen Design auch sehr praktisch und einfach zu montieren.<\/p>\n<p>&nbsp;<\/p>\n<p>*Der Verkauf erfolgt ohne Deko und Staubabsaugung<\/p>\n","protected":false},"excerpt":{"rendered":"<p>Kosmetiktisch, Nageltisch, Manik\u00fcretisch<\/p>\n","protected":false},"featured_media":53759,"comment_status":"open","ping_status":"closed","template":"","meta":{"_acf_changed":false,"inline_featured_image":false},"product_brand":[],"product_cat":[376,379],"product_tag":[392,696,753,399],"class_list":{"0":"post-53900","1":"product","2":"type-product","3":"status-publish","4":"has-post-thumbnail","6":"product_cat-nageltisch","7":"product_cat-standard-de","8":"product_tag-ergonomische-aussparung-in-der-tischplatte-fuer-bequemes-arbeiten-des-stylisten","9":"product_tag-loft-i-art-deco-de","10":"product_tag-sonderangebot-de","11":"product_tag-tisch-zur-einfachen-selbstmontage","12":"sales-flash-overlay","13":"woocommerce-text-align-left","14":"woocommerce-image-align-center","15":"do-quantity-buttons","17":"first","18":"instock","19":"taxable","20":"shipping-taxable","21":"purchasable","22":"product-type-variable","23":"add-to-wishlist-before_image"},"acf":[],"gallery_images":[53327,53331,53323,53335,66029,63063,60734,60729,63049,63037,63055,63059,56376,53319],"_links":{"self":[{"href":"https:\/\/eafinia.com\/de\/wp-json\/wp\/v2\/product\/53900","targetHints":{"allow":["GET"]}}],"collection":[{"href":"https:\/\/eafinia.com\/de\/wp-json\/wp\/v2\/product"}],"about":[{"href":"https:\/\/eafinia.com\/de\/wp-json\/wp\/v2\/types\/product"}],"replies":[{"embeddable":true,"href":"https:\/\/eafinia.com\/de\/wp-json\/wp\/v2\/comments?post=53900"}],"wp:featuredmedia":[{"embeddable":true,"href":"https:\/\/eafinia.com\/de\/wp-json\/wp\/v2\/media\/53759"}],"wp:attachment":[{"href":"https:\/\/eafinia.com\/de\/wp-json\/wp\/v2\/media?parent=53900"}],"wp:term":[{"taxonomy":"product_brand","embeddable":true,"href":"https:\/\/eafinia.com\/de\/wp-json\/wp\/v2\/product_brand?post=53900"},{"taxonomy":"product_cat","embeddable":true,"href":"https:\/\/eafinia.com\/de\/wp-json\/wp\/v2\/product_cat?post=53900"},{"taxonomy":"product_tag","embeddable":true,"href":"https:\/\/eafinia.com\/de\/wp-json\/wp\/v2\/product_tag?post=53900"}],"curies":[{"name":"wp","href":"https:\/\/api.w.org\/{rel}","templated":true}]}}