{"id":63106,"date":"2024-09-23T12:05:54","date_gmt":"2024-09-23T10:05:54","guid":{"rendered":"https:\/\/eafinia.com\/?page_id=63106"},"modified":"2025-01-07T10:13:36","modified_gmt":"2025-01-07T09:13:36","slug":"ruecksendungen","status":"publish","type":"page","link":"https:\/\/eafinia.com\/de\/ruecksendungen\/","title":{"rendered":"R\u00fccksendungen"},"content":{"rendered":"\n<h2 class=\"wp-block-heading\"><\/h2>\n\n\n<div class=\"gb-container gb-container-753dc4ea\"><div class=\"gb-inside-container\">\n\n<h2 class=\"wp-block-heading\">Allgemeine Hinweise<\/h2>\n\n\n\n<p>Unsere Angebote richten sich an Gewerbetreibende B2B Kunden, deshalb gilt das gesetzliche Widerrufsrecht nicht. In Einzelf\u00e4llen akzeptieren wir die R\u00fccknahme der Ware(n) im Neuzustand, berechnen daf\u00fcr jedoch eine Aufwands- und Bearbeitungspauschale.<\/p>\n\n\n\n<p>Alternativ k\u00f6nnen Sie die Ware(n) auch umtauschen, wobei keinerlei Geb\u00fchren entstehen.<\/p>\n\n\n\n<p>Das bedeutet, dass Sie uns die Ware(n) auf eigene Kosten und Gefahr zur\u00fccksenden und gegen andere Produkte umtauschen k\u00f6nnen.<\/p>\n\n\n\n<h2 class=\"wp-block-heading\">Grunds\u00e4tzliche Bedingungen<\/h2>\n\n\n\n<p>Die Ware ist im Original Karton verpackt und unbesch\u00e4digt<br>Die Ware ist bei uns eingelagert und keine Sonderanfertigung<br>Tische werden bei jeder Bestellung einzeln angefertigt und sind vom Umtausch ausgeschlossen<br>Die Auslieferung liegt nicht l\u00e4nger als 14 Tage zur\u00fcck<br>Die Ware wurde falsch, besch\u00e4digt oder defekt geliefert<\/p>\n\n\n\n<h2 class=\"wp-block-heading\">Gutschriften bei Retouren<\/h2>\n\n\n\n<p>Eine R\u00fcckverg\u00fctung der Versandkosten ist leider nicht m\u00f6glich. Bei Nichtgefallen wird eine Bearbeitungsgeb\u00fchr von 20,00 \u20ac pro R\u00fccksendung f\u00e4llig. Frachtkosten, Zollkosten bzw. eventuelle Aufbereitungskosten werden bei Gutschrift in Abzug gebracht<\/p>\n\n\n\n<h2 class=\"wp-block-heading\">R\u00fccksendeadresse<\/h2>\n\n\n\n<p>AFINIA<br>OBORNICKA 225<br>60-650 POZNA\u0143<br>POLSKA<\/p>\n\n\n\n<h2 class=\"wp-block-heading\">Formular Retouren:<\/h2>\n\n\n\n<div class=\"wpcf7 no-js\" id=\"wpcf7-f63107-o1\" lang=\"pl-PL\" dir=\"ltr\" data-wpcf7-id=\"63107\">\n<div class=\"screen-reader-response\"><p role=\"status\" aria-live=\"polite\" aria-atomic=\"true\"><\/p> <ul><\/ul><\/div>\n<form action=\"\/de\/wp-json\/wp\/v2\/pages\/63106#wpcf7-f63107-o1\" method=\"post\" class=\"wpcf7-form init\" aria-label=\"Formularz kontaktowy\" novalidate=\"novalidate\" data-status=\"init\">\n<fieldset class=\"hidden-fields-container\"><input type=\"hidden\" name=\"_wpcf7\" value=\"63107\" \/><input type=\"hidden\" name=\"_wpcf7_version\" value=\"6.1.5\" \/><input type=\"hidden\" name=\"_wpcf7_locale\" value=\"pl_PL\" \/><input type=\"hidden\" name=\"_wpcf7_unit_tag\" value=\"wpcf7-f63107-o1\" \/><input type=\"hidden\" name=\"_wpcf7_container_post\" value=\"0\" \/><input type=\"hidden\" name=\"_wpcf7_posted_data_hash\" value=\"\" \/><input type=\"hidden\" name=\"_wpcf7_recaptcha_response\" value=\"\" \/>\n<\/fieldset>\n<div class=\"cw-contact-form-one\">\n\t<div class=\"cw-contact-form-col-1\">\n\t\t<p><span class=\"wpcf7-form-control-wrap\" data-name=\"text-1\"><input size=\"40\" maxlength=\"400\" class=\"wpcf7-form-control wpcf7-text wpcf7-validates-as-required\" aria-required=\"true\" aria-invalid=\"false\" placeholder=\"VORNAME\" value=\"\" type=\"text\" name=\"text-1\" \/><\/span><br \/>\n<span class=\"wpcf7-form-control-wrap\" data-name=\"text-3\"><input size=\"40\" maxlength=\"400\" class=\"wpcf7-form-control wpcf7-text wpcf7-validates-as-required\" aria-required=\"true\" aria-invalid=\"false\" placeholder=\"NACHNAHME\" value=\"\" type=\"text\" name=\"text-3\" \/><\/span><br \/>\n<span class=\"wpcf7-form-control-wrap\" data-name=\"text-6\"><input size=\"40\" maxlength=\"400\" class=\"wpcf7-form-control wpcf7-text wpcf7-validates-as-required\" aria-required=\"true\" aria-invalid=\"false\" placeholder=\"E-MAIL\" value=\"\" type=\"text\" name=\"text-6\" \/><\/span><br \/>\n<span class=\"wpcf7-form-control-wrap\" data-name=\"text-4\"><input size=\"40\" maxlength=\"400\" class=\"wpcf7-form-control wpcf7-text wpcf7-validates-as-required\" aria-required=\"true\" aria-invalid=\"false\" placeholder=\"BESTELLNUMMER\" value=\"\" type=\"text\" name=\"text-4\" \/><\/span><br \/>\n<span class=\"wpcf7-form-control-wrap\" data-name=\"text-5\"><input size=\"40\" maxlength=\"400\" class=\"wpcf7-form-control wpcf7-text wpcf7-validates-as-required\" aria-required=\"true\" aria-invalid=\"false\" placeholder=\"R\u00dcCKGABERUND\" value=\"\" type=\"text\" name=\"text-5\" \/><\/span>\n\t\t<\/p>\n\t\t<p><span id=\"wpcf7-69d3b99725c18-wrapper\" class=\"wpcf7-form-control-wrap website-wrap\" style=\"display:none !important; visibility:hidden !important;\"><input type=\"hidden\" name=\"website-time-start\" value=\"1775483287\"><input type=\"hidden\" name=\"website-time-check\" value=\"6\"><label for=\"wpcf7-69d3b99725c18-field\" class=\"hp-message\">Please leave this field empty.<\/label><input id=\"wpcf7-69d3b99725c18-field\"  class=\"wpcf7-form-control wpcf7-text\" type=\"text\" name=\"website\" value=\"\" size=\"40\" tabindex=\"-1\" autocomplete=\"new-password\" \/><\/span><br \/>\n<span class=\"wpcf7-form-control-wrap\" data-name=\"quiz-136\"><label><span class=\"wpcf7-quiz-label\">Was ist die Hauptstadt von Australien?<\/span> <input size=\"40\" class=\"wpcf7-form-control wpcf7-quiz\" autocomplete=\"off\" aria-required=\"true\" aria-invalid=\"false\" type=\"text\" name=\"quiz-136\" \/><\/label><input type=\"hidden\" name=\"_wpcf7_quiz_answer_quiz-136\" value=\"08c6b2dcffdc9b815fe236d7994d487c\" \/><\/span>\n\t\t<\/p>\n\t<\/div>\n<\/div>\n<div class=\"cw-contact-form-two\">\n\t<div class=\"cw-contact-form-col-3\">\n\t\t<p><span class=\"wpcf7-form-control-wrap\" data-name=\"acceptance-1\"><span class=\"wpcf7-form-control wpcf7-acceptance\"><span class=\"wpcf7-list-item\"><label><input type=\"checkbox\" name=\"acceptance-1\" value=\"1\" aria-invalid=\"false\" \/><span class=\"wpcf7-list-item-label\">Ich erkl\u00e4re, dass ich die Datenschutzrichtlinie gelesen habe und die Nutzungsbedingungen der Website akzeptiere<\/span><\/label><\/span><\/span><\/span><br \/>\n<span class=\"wpcf7-form-control-wrap\" data-name=\"acceptance-2\"><span class=\"wpcf7-form-control wpcf7-acceptance\"><span class=\"wpcf7-list-item\"><label><input type=\"checkbox\" name=\"acceptance-2\" value=\"1\" aria-invalid=\"false\" \/><span class=\"wpcf7-list-item-label\">Ich stimme der Verarbeitung meiner personenbezogenen Daten zu<\/span><\/label><\/span><\/span><\/span>\n\t\t<\/p>\n\t<\/div>\n\t<div style=\"margin:0 10px 0 0;\">\n\t<span class=\"wpcf7-form-control-wrap recaptcha\" data-name=\"recaptcha\"><span data-sitekey=\"6LdmQzgoAAAAADuNy_WM61CbWa544_eJt33MIjuR\" class=\"wpcf7-form-control wpcf7-recaptcha g-recaptcha\"><\/span>\r\n<noscript>\r\n\t<div class=\"grecaptcha-noscript\">\r\n\t\t<iframe loading=\"lazy\" src=\"https:\/\/www.google.com\/recaptcha\/api\/fallback?k=6LdmQzgoAAAAADuNy_WM61CbWa544_eJt33MIjuR\" frameborder=\"0\" scrolling=\"no\" width=\"310\" height=\"430\">\r\n\t\t<\/iframe>\r\n\t\t<textarea name=\"g-recaptcha-response\" rows=\"3\" cols=\"40\" placeholder=\"reCaptcha Response Here\">\r\n\t\t<\/textarea>\r\n\t<\/div>\r\n<\/noscript>\r\n<\/span>\n\t<\/div>\n\t<div class=\"cw-contact-form-col-4\">\n\t\t<p><input class=\"wpcf7-form-control wpcf7-submit has-spinner\" type=\"submit\" value=\"Senden\" \/>\n\t\t<\/p>\n\t<\/div>\n<\/div><div class=\"wpcf7-response-output\" aria-hidden=\"true\"><\/div>\n<\/form>\n<\/div>\n\n\n<\/div><\/div>","protected":false},"excerpt":{"rendered":"<p>Allgemeine Hinweise Unsere Angebote richten sich an Gewerbetreibende B2B Kunden, deshalb gilt das gesetzliche Widerrufsrecht nicht. In Einzelf\u00e4llen akzeptieren wir die R\u00fccknahme der Ware(n) im Neuzustand, berechnen daf\u00fcr jedoch eine Aufwands- und Bearbeitungspauschale. Alternativ k\u00f6nnen Sie die Ware(n) auch umtauschen, wobei keinerlei Geb\u00fchren entstehen. Das bedeutet, dass Sie uns die Ware(n) auf eigene Kosten und &#8230; <a title=\"R\u00fccksendungen\" class=\"read-more\" href=\"https:\/\/eafinia.com\/de\/ruecksendungen\/\" aria-label=\"Mehr Informationen \u00fcber R\u00fccksendungen\">Weiterlesen &#8230;<\/a><\/p>\n","protected":false},"author":2,"featured_media":0,"parent":0,"menu_order":0,"comment_status":"closed","ping_status":"open","template":"","meta":{"_acf_changed":false,"inline_featured_image":false,"footnotes":""},"class_list":["post-63106","page","type-page","status-publish"],"acf":[],"_links":{"self":[{"href":"https:\/\/eafinia.com\/de\/wp-json\/wp\/v2\/pages\/63106","targetHints":{"allow":["GET"]}}],"collection":[{"href":"https:\/\/eafinia.com\/de\/wp-json\/wp\/v2\/pages"}],"about":[{"href":"https:\/\/eafinia.com\/de\/wp-json\/wp\/v2\/types\/page"}],"author":[{"embeddable":true,"href":"https:\/\/eafinia.com\/de\/wp-json\/wp\/v2\/users\/2"}],"replies":[{"embeddable":true,"href":"https:\/\/eafinia.com\/de\/wp-json\/wp\/v2\/comments?post=63106"}],"version-history":[{"count":4,"href":"https:\/\/eafinia.com\/de\/wp-json\/wp\/v2\/pages\/63106\/revisions"}],"predecessor-version":[{"id":64647,"href":"https:\/\/eafinia.com\/de\/wp-json\/wp\/v2\/pages\/63106\/revisions\/64647"}],"wp:attachment":[{"href":"https:\/\/eafinia.com\/de\/wp-json\/wp\/v2\/media?parent=63106"}],"curies":[{"name":"wp","href":"https:\/\/api.w.org\/{rel}","templated":true}]}}